{"id":975,"date":"2019-07-10T15:28:52","date_gmt":"2019-07-10T15:28:52","guid":{"rendered":"https:\/\/www.schwanundschwert.de\/?page_id=975"},"modified":"2019-07-26T16:37:20","modified_gmt":"2019-07-26T16:37:20","slug":"fashion","status":"publish","type":"page","link":"https:\/\/www.schwanundschwert.de\/?page_id=975","title":{"rendered":"Fashion"},"content":{"rendered":"\n<figure class=\"wp-block-image\"><img decoding=\"async\" src=\"https:\/\/www.schwanundschwert.de\/wp-content\/uploads\/2019\/07\/IMG_5477.jpg\" alt=\"\" class=\"wp-image-998\"\/><\/figure>\n\n\n\n<p>Ob f\u00fcr das lokale Gesch\u00e4ft in der Innenstadt oder f\u00fcr die Modekette mit verschiedenen Standorten. Ob f\u00fcr aktuelle Mode oder im Stil vergangener Zeiten: Ich liebe diese Art der Fotografie und das sieht man in den Bildern.<\/p>\n\n\n\n<p>Wenn Sie Interesse an einem Fotoshooting ihrer Labels haben, sprechen Sie mich bitte an. Durch mein Netzwerk zu Models und Visagisten finden wir mit Sicherheit das richtige Team, welches Ihre Marke perfekt vertritt.<\/p>\n\n\n\n<p>_____<\/p>\n\n\n\n<p>Whether for the local shop in the city centre or for the fashion chain with different locations. Whether for current fashion or in the style of bygone times: I love this kind of photography and you will see that in the pictures.<\/p>\n\n\n\n<p>If you are interested in a photo shooting of your labels, please contact me. Through my network of models and make-up artists we are sure to find the right team to perfectly represent your brand.<\/p>\n","protected":false},"excerpt":{"rendered":"<p>Ob f\u00fcr das lokale Gesch\u00e4ft in der Innenstadt oder f\u00fcr die Modekette mit verschiedenen Standorten. Ob f\u00fcr aktuelle Mode oder<\/p>\n<p><a href=\"https:\/\/www.schwanundschwert.de\/?page_id=975\" class=\"more-link\">Continue reading<span class=\"screen-reader-text\">Fashion<\/span><\/a><\/p>\n","protected":false},"author":1,"featured_media":0,"parent":0,"menu_order":0,"comment_status":"closed","ping_status":"closed","template":"","meta":{"ngg_post_thumbnail":0,"footnotes":""},"class_list":["post-975","page","type-page","status-publish","hentry"],"yoast_head":"<!-- This site is optimized with the Yoast SEO plugin v24.8.1 - https:\/\/yoast.com\/wordpress\/plugins\/seo\/ -->\n<title>Fashion - Schwan &amp; Schwert<\/title>\n<meta name=\"robots\" content=\"index, follow, max-snippet:-1, max-image-preview:large, max-video-preview:-1\" \/>\n<link rel=\"canonical\" href=\"https:\/\/www.schwanundschwert.de\/?page_id=975\" \/>\n<meta property=\"og:locale\" content=\"de_DE\" \/>\n<meta property=\"og:type\" content=\"article\" \/>\n<meta property=\"og:title\" content=\"Fashion - Schwan &amp; Schwert\" \/>\n<meta property=\"og:description\" content=\"Ob f\u00fcr das lokale Gesch\u00e4ft in der Innenstadt oder f\u00fcr die Modekette mit verschiedenen Standorten. Ob f\u00fcr aktuelle Mode oderContinue readingFashion\" \/>\n<meta property=\"og:url\" content=\"https:\/\/www.schwanundschwert.de\/?page_id=975\" \/>\n<meta property=\"og:site_name\" content=\"Schwan &amp; Schwert\" \/>\n<meta property=\"article:modified_time\" content=\"2019-07-26T16:37:20+00:00\" \/>\n<meta property=\"og:image\" content=\"https:\/\/www.schwanundschwert.de\/wp-content\/uploads\/2019\/07\/IMG_5477.jpg\" \/>\n<meta name=\"twitter:card\" content=\"summary_large_image\" \/>\n<meta name=\"twitter:label1\" content=\"Gesch\u00e4tzte Lesezeit\" \/>\n\t<meta name=\"twitter:data1\" content=\"1\u00a0Minute\" \/>\n<script type=\"application\/ld+json\" class=\"yoast-schema-graph\">{\"@context\":\"https:\/\/schema.org\",\"@graph\":[{\"@type\":\"WebPage\",\"@id\":\"https:\/\/www.schwanundschwert.de\/?page_id=975\",\"url\":\"https:\/\/www.schwanundschwert.de\/?page_id=975\",\"name\":\"Fashion - Schwan &amp; Schwert\",\"isPartOf\":{\"@id\":\"https:\/\/www.schwanundschwert.de\/#website\"},\"primaryImageOfPage\":{\"@id\":\"https:\/\/www.schwanundschwert.de\/?page_id=975#primaryimage\"},\"image\":{\"@id\":\"https:\/\/www.schwanundschwert.de\/?page_id=975#primaryimage\"},\"thumbnailUrl\":\"https:\/\/www.schwanundschwert.de\/wp-content\/uploads\/2019\/07\/IMG_5477.jpg\",\"datePublished\":\"2019-07-10T15:28:52+00:00\",\"dateModified\":\"2019-07-26T16:37:20+00:00\",\"breadcrumb\":{\"@id\":\"https:\/\/www.schwanundschwert.de\/?page_id=975#breadcrumb\"},\"inLanguage\":\"de\",\"potentialAction\":[{\"@type\":\"ReadAction\",\"target\":[\"https:\/\/www.schwanundschwert.de\/?page_id=975\"]}]},{\"@type\":\"ImageObject\",\"inLanguage\":\"de\",\"@id\":\"https:\/\/www.schwanundschwert.de\/?page_id=975#primaryimage\",\"url\":\"https:\/\/www.schwanundschwert.de\/wp-content\/uploads\/2019\/07\/IMG_5477.jpg\",\"contentUrl\":\"https:\/\/www.schwanundschwert.de\/wp-content\/uploads\/2019\/07\/IMG_5477.jpg\",\"width\":1024,\"height\":1024},{\"@type\":\"BreadcrumbList\",\"@id\":\"https:\/\/www.schwanundschwert.de\/?page_id=975#breadcrumb\",\"itemListElement\":[{\"@type\":\"ListItem\",\"position\":1,\"name\":\"Startseite\",\"item\":\"https:\/\/www.schwanundschwert.de\/\"},{\"@type\":\"ListItem\",\"position\":2,\"name\":\"Fashion\"}]},{\"@type\":\"WebSite\",\"@id\":\"https:\/\/www.schwanundschwert.de\/#website\",\"url\":\"https:\/\/www.schwanundschwert.de\/\",\"name\":\"Schwan &amp; Schwert\",\"description\":\"Pers\u00f6nlicher Blog\",\"potentialAction\":[{\"@type\":\"SearchAction\",\"target\":{\"@type\":\"EntryPoint\",\"urlTemplate\":\"https:\/\/www.schwanundschwert.de\/?s={search_term_string}\"},\"query-input\":{\"@type\":\"PropertyValueSpecification\",\"valueRequired\":true,\"valueName\":\"search_term_string\"}}],\"inLanguage\":\"de\"}]}<\/script>\n<!-- \/ Yoast SEO plugin. -->","yoast_head_json":{"title":"Fashion - Schwan &amp; Schwert","robots":{"index":"index","follow":"follow","max-snippet":"max-snippet:-1","max-image-preview":"max-image-preview:large","max-video-preview":"max-video-preview:-1"},"canonical":"https:\/\/www.schwanundschwert.de\/?page_id=975","og_locale":"de_DE","og_type":"article","og_title":"Fashion - Schwan &amp; Schwert","og_description":"Ob f\u00fcr das lokale Gesch\u00e4ft in der Innenstadt oder f\u00fcr die Modekette mit verschiedenen Standorten. Ob f\u00fcr aktuelle Mode oderContinue readingFashion","og_url":"https:\/\/www.schwanundschwert.de\/?page_id=975","og_site_name":"Schwan &amp; Schwert","article_modified_time":"2019-07-26T16:37:20+00:00","og_image":[{"url":"https:\/\/www.schwanundschwert.de\/wp-content\/uploads\/2019\/07\/IMG_5477.jpg","type":"","width":"","height":""}],"twitter_card":"summary_large_image","twitter_misc":{"Gesch\u00e4tzte Lesezeit":"1\u00a0Minute"},"schema":{"@context":"https:\/\/schema.org","@graph":[{"@type":"WebPage","@id":"https:\/\/www.schwanundschwert.de\/?page_id=975","url":"https:\/\/www.schwanundschwert.de\/?page_id=975","name":"Fashion - Schwan &amp; Schwert","isPartOf":{"@id":"https:\/\/www.schwanundschwert.de\/#website"},"primaryImageOfPage":{"@id":"https:\/\/www.schwanundschwert.de\/?page_id=975#primaryimage"},"image":{"@id":"https:\/\/www.schwanundschwert.de\/?page_id=975#primaryimage"},"thumbnailUrl":"https:\/\/www.schwanundschwert.de\/wp-content\/uploads\/2019\/07\/IMG_5477.jpg","datePublished":"2019-07-10T15:28:52+00:00","dateModified":"2019-07-26T16:37:20+00:00","breadcrumb":{"@id":"https:\/\/www.schwanundschwert.de\/?page_id=975#breadcrumb"},"inLanguage":"de","potentialAction":[{"@type":"ReadAction","target":["https:\/\/www.schwanundschwert.de\/?page_id=975"]}]},{"@type":"ImageObject","inLanguage":"de","@id":"https:\/\/www.schwanundschwert.de\/?page_id=975#primaryimage","url":"https:\/\/www.schwanundschwert.de\/wp-content\/uploads\/2019\/07\/IMG_5477.jpg","contentUrl":"https:\/\/www.schwanundschwert.de\/wp-content\/uploads\/2019\/07\/IMG_5477.jpg","width":1024,"height":1024},{"@type":"BreadcrumbList","@id":"https:\/\/www.schwanundschwert.de\/?page_id=975#breadcrumb","itemListElement":[{"@type":"ListItem","position":1,"name":"Startseite","item":"https:\/\/www.schwanundschwert.de\/"},{"@type":"ListItem","position":2,"name":"Fashion"}]},{"@type":"WebSite","@id":"https:\/\/www.schwanundschwert.de\/#website","url":"https:\/\/www.schwanundschwert.de\/","name":"Schwan &amp; Schwert","description":"Pers\u00f6nlicher Blog","potentialAction":[{"@type":"SearchAction","target":{"@type":"EntryPoint","urlTemplate":"https:\/\/www.schwanundschwert.de\/?s={search_term_string}"},"query-input":{"@type":"PropertyValueSpecification","valueRequired":true,"valueName":"search_term_string"}}],"inLanguage":"de"}]}},"jetpack_sharing_enabled":true,"_links":{"self":[{"href":"https:\/\/www.schwanundschwert.de\/index.php?rest_route=\/wp\/v2\/pages\/975","targetHints":{"allow":["GET"]}}],"collection":[{"href":"https:\/\/www.schwanundschwert.de\/index.php?rest_route=\/wp\/v2\/pages"}],"about":[{"href":"https:\/\/www.schwanundschwert.de\/index.php?rest_route=\/wp\/v2\/types\/page"}],"author":[{"embeddable":true,"href":"https:\/\/www.schwanundschwert.de\/index.php?rest_route=\/wp\/v2\/users\/1"}],"replies":[{"embeddable":true,"href":"https:\/\/www.schwanundschwert.de\/index.php?rest_route=%2Fwp%2Fv2%2Fcomments&post=975"}],"version-history":[{"count":3,"href":"https:\/\/www.schwanundschwert.de\/index.php?rest_route=\/wp\/v2\/pages\/975\/revisions"}],"predecessor-version":[{"id":999,"href":"https:\/\/www.schwanundschwert.de\/index.php?rest_route=\/wp\/v2\/pages\/975\/revisions\/999"}],"wp:attachment":[{"href":"https:\/\/www.schwanundschwert.de\/index.php?rest_route=%2Fwp%2Fv2%2Fmedia&parent=975"}],"curies":[{"name":"wp","href":"https:\/\/api.w.org\/{rel}","templated":true}]}}