{"id":930,"date":"2019-06-27T13:15:34","date_gmt":"2019-06-27T13:15:34","guid":{"rendered":"https:\/\/www.schwanundschwert.de\/?page_id=930"},"modified":"2020-01-15T12:55:17","modified_gmt":"2020-01-15T12:55:17","slug":"models-gesucht","status":"publish","type":"page","link":"https:\/\/www.schwanundschwert.de\/?page_id=930","title":{"rendered":"Du willst Fotos?"},"content":{"rendered":"\n<p><a href=\"https:\/\/www.schwanundschwert.de\/?page_id=936\">Hier geht es direkt zu den Projekten<\/a><\/p>\n\n\n\n<p>Ganz egal, ob ich Dich vorher angesprochen habe und Du deswegen auf diese Seite gekommen bist oder ob Du aus einem anderen Grund hierher gekommen bist: Ich freue mich \u00fcber Dein Interesse, mit mir zu fotografieren. Die Art der Fotos die wir zusammen machen k\u00f6nnen, kann sehr unterschiedlich sein. Wenn Du schon konkrete Ideen hast, dann werden wir versuchen diese umzusetzen. Wenn nicht, k\u00f6nnen wir gemeinsam das Thema erarbeiten. Bewirbst Du Dich f\u00fcr ein geplantes Projekt, dann werden die Einzelheiten in der Projektbeschreibung meist explizit angegeben. <\/p>\n\n\n\n<p>Schreibe mir doch einfach per E-Mail an die folgende Adresse: <a href=\"mailto:info@schwanundschwert.de\">info@schwanundschwert.de<\/a><\/p>\n\n\n\n<p><strong>Voraussetzungen<\/strong>:<br>Du musst nicht Profi sein und musst nicht unbedingt schon einmal vor der Kamera gestanden haben. Aber Du solltest Spa\u00df mitbringen und mindestens 20 Jahre alt sein.<br><br><strong>Hier noch etwas f\u00fcr die Profis unter Euch:<\/strong> <br>F\u00fcr professionelle Projekte solltest Du sicher posen k\u00f6nnen. Optimal bewirbst du dich mit einer SedCard und entsprechenden Polas. <\/p>\n\n\n\n<p><strong>Was geh\u00f6rt auf eine SedCard?<\/strong><br>Ganz wichtig sind pers\u00f6nliche Angaben:<\/p>\n\n\n\n<ul class=\"wp-block-list\"><li>Name des Models<\/li><li> Verf\u00fcgbarkeit<\/li><li> Gr\u00f6\u00dfe<\/li><li> K\u00f6rperma\u00dfe (Gr\u00f6\u00dfe, Oberweite, Taille, H\u00fcfte, Konfektion, Schuhe)<\/li><li> Haarfarbe<\/li><li> Augenfarbe<\/li><li> Tatoos oder Piercings angeben<\/li><li> Kontaktdaten &amp; Informationen (zum. E-Mail)<\/li><\/ul>\n\n\n\n<p>Auf eine Sedcard geh\u00f6ren auf jeden Fall auch folgende Fotos:<\/p>\n\n\n\n<ul class=\"wp-block-list\"><li>Portr\u00e4t mit Blickkontakt<\/li><li> Profilfoto (von der Seite)<\/li><li> ein oder mehrere Ganzk\u00f6rperaufnahmen<\/li><li> ein unbearbeitetes Polaroid-Bild ohne Make-up<\/li><\/ul>\n","protected":false},"excerpt":{"rendered":"<p>Hier geht es direkt zu den Projekten Ganz egal, ob ich Dich vorher angesprochen habe und Du deswegen auf diese<\/p>\n<p><a href=\"https:\/\/www.schwanundschwert.de\/?page_id=930\" class=\"more-link\">Continue reading<span class=\"screen-reader-text\">Du willst Fotos?<\/span><\/a><\/p>\n","protected":false},"author":1,"featured_media":0,"parent":0,"menu_order":0,"comment_status":"closed","ping_status":"closed","template":"","meta":{"ngg_post_thumbnail":0,"footnotes":""},"class_list":["post-930","page","type-page","status-publish","hentry"],"yoast_head":"<!-- This site is optimized with the Yoast SEO plugin v24.8.1 - https:\/\/yoast.com\/wordpress\/plugins\/seo\/ -->\n<title>Du willst Fotos? - Schwan &amp; Schwert<\/title>\n<meta name=\"robots\" content=\"index, follow, max-snippet:-1, max-image-preview:large, max-video-preview:-1\" \/>\n<link rel=\"canonical\" href=\"https:\/\/www.schwanundschwert.de\/?page_id=930\" \/>\n<meta property=\"og:locale\" content=\"de_DE\" \/>\n<meta property=\"og:type\" content=\"article\" \/>\n<meta property=\"og:title\" content=\"Du willst Fotos? - Schwan &amp; Schwert\" \/>\n<meta property=\"og:description\" content=\"Hier geht es direkt zu den Projekten Ganz egal, ob ich Dich vorher angesprochen habe und Du deswegen auf dieseContinue readingDu willst Fotos?\" \/>\n<meta property=\"og:url\" content=\"https:\/\/www.schwanundschwert.de\/?page_id=930\" \/>\n<meta property=\"og:site_name\" content=\"Schwan &amp; Schwert\" \/>\n<meta property=\"article:modified_time\" content=\"2020-01-15T12:55:17+00:00\" \/>\n<meta name=\"twitter:card\" content=\"summary_large_image\" \/>\n<meta name=\"twitter:label1\" content=\"Gesch\u00e4tzte Lesezeit\" \/>\n\t<meta name=\"twitter:data1\" content=\"1\u00a0Minute\" \/>\n<script type=\"application\/ld+json\" class=\"yoast-schema-graph\">{\"@context\":\"https:\/\/schema.org\",\"@graph\":[{\"@type\":\"WebPage\",\"@id\":\"https:\/\/www.schwanundschwert.de\/?page_id=930\",\"url\":\"https:\/\/www.schwanundschwert.de\/?page_id=930\",\"name\":\"Du willst Fotos? - Schwan &amp; Schwert\",\"isPartOf\":{\"@id\":\"https:\/\/www.schwanundschwert.de\/#website\"},\"datePublished\":\"2019-06-27T13:15:34+00:00\",\"dateModified\":\"2020-01-15T12:55:17+00:00\",\"breadcrumb\":{\"@id\":\"https:\/\/www.schwanundschwert.de\/?page_id=930#breadcrumb\"},\"inLanguage\":\"de\",\"potentialAction\":[{\"@type\":\"ReadAction\",\"target\":[\"https:\/\/www.schwanundschwert.de\/?page_id=930\"]}]},{\"@type\":\"BreadcrumbList\",\"@id\":\"https:\/\/www.schwanundschwert.de\/?page_id=930#breadcrumb\",\"itemListElement\":[{\"@type\":\"ListItem\",\"position\":1,\"name\":\"Startseite\",\"item\":\"https:\/\/www.schwanundschwert.de\/\"},{\"@type\":\"ListItem\",\"position\":2,\"name\":\"Du willst Fotos?\"}]},{\"@type\":\"WebSite\",\"@id\":\"https:\/\/www.schwanundschwert.de\/#website\",\"url\":\"https:\/\/www.schwanundschwert.de\/\",\"name\":\"Schwan &amp; Schwert\",\"description\":\"Pers\u00f6nlicher Blog\",\"potentialAction\":[{\"@type\":\"SearchAction\",\"target\":{\"@type\":\"EntryPoint\",\"urlTemplate\":\"https:\/\/www.schwanundschwert.de\/?s={search_term_string}\"},\"query-input\":{\"@type\":\"PropertyValueSpecification\",\"valueRequired\":true,\"valueName\":\"search_term_string\"}}],\"inLanguage\":\"de\"}]}<\/script>\n<!-- \/ Yoast SEO plugin. -->","yoast_head_json":{"title":"Du willst Fotos? - Schwan &amp; Schwert","robots":{"index":"index","follow":"follow","max-snippet":"max-snippet:-1","max-image-preview":"max-image-preview:large","max-video-preview":"max-video-preview:-1"},"canonical":"https:\/\/www.schwanundschwert.de\/?page_id=930","og_locale":"de_DE","og_type":"article","og_title":"Du willst Fotos? - Schwan &amp; Schwert","og_description":"Hier geht es direkt zu den Projekten Ganz egal, ob ich Dich vorher angesprochen habe und Du deswegen auf dieseContinue readingDu willst Fotos?","og_url":"https:\/\/www.schwanundschwert.de\/?page_id=930","og_site_name":"Schwan &amp; Schwert","article_modified_time":"2020-01-15T12:55:17+00:00","twitter_card":"summary_large_image","twitter_misc":{"Gesch\u00e4tzte Lesezeit":"1\u00a0Minute"},"schema":{"@context":"https:\/\/schema.org","@graph":[{"@type":"WebPage","@id":"https:\/\/www.schwanundschwert.de\/?page_id=930","url":"https:\/\/www.schwanundschwert.de\/?page_id=930","name":"Du willst Fotos? - Schwan &amp; Schwert","isPartOf":{"@id":"https:\/\/www.schwanundschwert.de\/#website"},"datePublished":"2019-06-27T13:15:34+00:00","dateModified":"2020-01-15T12:55:17+00:00","breadcrumb":{"@id":"https:\/\/www.schwanundschwert.de\/?page_id=930#breadcrumb"},"inLanguage":"de","potentialAction":[{"@type":"ReadAction","target":["https:\/\/www.schwanundschwert.de\/?page_id=930"]}]},{"@type":"BreadcrumbList","@id":"https:\/\/www.schwanundschwert.de\/?page_id=930#breadcrumb","itemListElement":[{"@type":"ListItem","position":1,"name":"Startseite","item":"https:\/\/www.schwanundschwert.de\/"},{"@type":"ListItem","position":2,"name":"Du willst Fotos?"}]},{"@type":"WebSite","@id":"https:\/\/www.schwanundschwert.de\/#website","url":"https:\/\/www.schwanundschwert.de\/","name":"Schwan &amp; Schwert","description":"Pers\u00f6nlicher Blog","potentialAction":[{"@type":"SearchAction","target":{"@type":"EntryPoint","urlTemplate":"https:\/\/www.schwanundschwert.de\/?s={search_term_string}"},"query-input":{"@type":"PropertyValueSpecification","valueRequired":true,"valueName":"search_term_string"}}],"inLanguage":"de"}]}},"jetpack_sharing_enabled":true,"_links":{"self":[{"href":"https:\/\/www.schwanundschwert.de\/index.php?rest_route=\/wp\/v2\/pages\/930","targetHints":{"allow":["GET"]}}],"collection":[{"href":"https:\/\/www.schwanundschwert.de\/index.php?rest_route=\/wp\/v2\/pages"}],"about":[{"href":"https:\/\/www.schwanundschwert.de\/index.php?rest_route=\/wp\/v2\/types\/page"}],"author":[{"embeddable":true,"href":"https:\/\/www.schwanundschwert.de\/index.php?rest_route=\/wp\/v2\/users\/1"}],"replies":[{"embeddable":true,"href":"https:\/\/www.schwanundschwert.de\/index.php?rest_route=%2Fwp%2Fv2%2Fcomments&post=930"}],"version-history":[{"count":10,"href":"https:\/\/www.schwanundschwert.de\/index.php?rest_route=\/wp\/v2\/pages\/930\/revisions"}],"predecessor-version":[{"id":1343,"href":"https:\/\/www.schwanundschwert.de\/index.php?rest_route=\/wp\/v2\/pages\/930\/revisions\/1343"}],"wp:attachment":[{"href":"https:\/\/www.schwanundschwert.de\/index.php?rest_route=%2Fwp%2Fv2%2Fmedia&parent=930"}],"curies":[{"name":"wp","href":"https:\/\/api.w.org\/{rel}","templated":true}]}}