{"id":578,"date":"2019-05-22T20:46:13","date_gmt":"2019-05-22T20:46:13","guid":{"rendered":"https:\/\/www.schwanundschwert.de\/?page_id=578"},"modified":"2023-09-12T12:26:04","modified_gmt":"2023-09-12T10:26:04","slug":"specials","status":"publish","type":"page","link":"https:\/\/www.schwanundschwert.de\/?page_id=578","title":{"rendered":"Galerien"},"content":{"rendered":"\n<figure class=\"wp-block-image size-large\"><img loading=\"lazy\" decoding=\"async\" width=\"1024\" height=\"683\" src=\"https:\/\/www.schwanundschwert.de\/wp-content\/uploads\/2019\/12\/IMG_9737.jpg\" alt=\"\" class=\"wp-image-1289\" srcset=\"https:\/\/www.schwanundschwert.de\/wp-content\/uploads\/2019\/12\/IMG_9737.jpg 1024w, https:\/\/www.schwanundschwert.de\/wp-content\/uploads\/2019\/12\/IMG_9737-300x200.jpg 300w, https:\/\/www.schwanundschwert.de\/wp-content\/uploads\/2019\/12\/IMG_9737-768x512.jpg 768w\" sizes=\"auto, (max-width: 1024px) 100vw, 1024px\" \/><\/figure>\n\n\n\n<p>Hier gelangt Ihr zu den verschiedenen Galerien meiner Homepage. Wenn die Anzahl der Bilder die maximal m\u00f6gliche Darstellung \u00fcberschreiten, findet Ihr unter den Vorschaubildern einen Button, um auf die n\u00e4chste Seite zu gelangen. <\/p>\n\n\n\n<p>Reisen im Camper: <a href=\"https:\/\/www.schwanundschwert.de\/?page_id=2737\">Thies Hensen<\/a><\/p>\n\n\n\n<p>Fotoshooting: <a href=\"https:\/\/www.schwanundschwert.de\/?p=1881\">Sonja<\/a> <br>Romantik: <a href=\"https:\/\/www.schwanundschwert.de\/?page_id=1820\">Sommer 2020<\/a><br>Fotoreise: <a href=\"https:\/\/www.schwanundschwert.de\/?p=784\">Dolomiten<\/a><br>Fotoreise: <a href=\"https:\/\/www.schwanundschwert.de\/?p=642\">C\u00f4te d&#8217;Azur<\/a><br>Fashion: <a href=\"https:\/\/www.schwanundschwert.de\/?p=149\">Magic X Store Bielefeld<\/a><br>Hochzeit:<a href=\"https:\/\/www.schwanundschwert.de\/?page_id=841\"> Caitlin &amp; Jan<\/a> (gesch\u00fctzter Bereich)<br>Fotoreise: <a href=\"https:\/\/www.schwanundschwert.de\/?p=800\">Fan\u00f8 Danmark<\/a><br>Tiere: <a href=\"https:\/\/www.schwanundschwert.de\/?p=952\">Katzenfotos<\/a><br>Reportage: <a href=\"https:\/\/www.schwanundschwert.de\/?p=1072\">Strandgut &amp; Esel &#8211; die Welt von Kiki<\/a><br>Ausstellung: <a href=\"https:\/\/www.schwanundschwert.de\/?p=1309\">C\u00f4te d&#8217;Azur by &#8222;Bild.Werk&#8220;<\/a><br>Reportage: <a href=\"https:\/\/www.schwanundschwert.de\/?page_id=1327\">Halle in Westfalen<\/a><br>Reportage: <a href=\"https:\/\/www.schwanundschwert.de\/?page_id=535\">Helikopter<\/a> <\/p>\n\n\n\n<p><\/p>\n","protected":false},"excerpt":{"rendered":"<p>Hier gelangt Ihr zu den verschiedenen Galerien meiner Homepage. Wenn die Anzahl der Bilder die maximal m\u00f6gliche Darstellung \u00fcberschreiten, findet<\/p>\n<p><a href=\"https:\/\/www.schwanundschwert.de\/?page_id=578\" class=\"more-link\">Continue reading<span class=\"screen-reader-text\">Galerien<\/span><\/a><\/p>\n","protected":false},"author":1,"featured_media":0,"parent":0,"menu_order":0,"comment_status":"closed","ping_status":"closed","template":"","meta":{"ngg_post_thumbnail":0,"footnotes":""},"class_list":["post-578","page","type-page","status-publish","hentry"],"yoast_head":"<!-- This site is optimized with the Yoast SEO plugin v24.8.1 - https:\/\/yoast.com\/wordpress\/plugins\/seo\/ -->\n<title>Galerien - Schwan &amp; Schwert<\/title>\n<meta name=\"robots\" content=\"index, follow, max-snippet:-1, max-image-preview:large, max-video-preview:-1\" \/>\n<link rel=\"canonical\" href=\"https:\/\/www.schwanundschwert.de\/?page_id=578\" \/>\n<meta property=\"og:locale\" content=\"de_DE\" \/>\n<meta property=\"og:type\" content=\"article\" \/>\n<meta property=\"og:title\" content=\"Galerien - Schwan &amp; Schwert\" \/>\n<meta property=\"og:description\" content=\"Hier gelangt Ihr zu den verschiedenen Galerien meiner Homepage. Wenn die Anzahl der Bilder die maximal m\u00f6gliche Darstellung \u00fcberschreiten, findetContinue readingGalerien\" \/>\n<meta property=\"og:url\" content=\"https:\/\/www.schwanundschwert.de\/?page_id=578\" \/>\n<meta property=\"og:site_name\" content=\"Schwan &amp; Schwert\" \/>\n<meta property=\"article:modified_time\" content=\"2023-09-12T10:26:04+00:00\" \/>\n<meta property=\"og:image\" content=\"https:\/\/www.schwanundschwert.de\/wp-content\/uploads\/2019\/12\/IMG_9737.jpg\" \/>\n<meta name=\"twitter:card\" content=\"summary_large_image\" \/>\n<meta name=\"twitter:label1\" content=\"Gesch\u00e4tzte Lesezeit\" \/>\n\t<meta name=\"twitter:data1\" content=\"1\u00a0Minute\" \/>\n<script type=\"application\/ld+json\" class=\"yoast-schema-graph\">{\"@context\":\"https:\/\/schema.org\",\"@graph\":[{\"@type\":\"WebPage\",\"@id\":\"https:\/\/www.schwanundschwert.de\/?page_id=578\",\"url\":\"https:\/\/www.schwanundschwert.de\/?page_id=578\",\"name\":\"Galerien - Schwan &amp; Schwert\",\"isPartOf\":{\"@id\":\"https:\/\/www.schwanundschwert.de\/#website\"},\"primaryImageOfPage\":{\"@id\":\"https:\/\/www.schwanundschwert.de\/?page_id=578#primaryimage\"},\"image\":{\"@id\":\"https:\/\/www.schwanundschwert.de\/?page_id=578#primaryimage\"},\"thumbnailUrl\":\"https:\/\/www.schwanundschwert.de\/wp-content\/uploads\/2019\/12\/IMG_9737.jpg\",\"datePublished\":\"2019-05-22T20:46:13+00:00\",\"dateModified\":\"2023-09-12T10:26:04+00:00\",\"breadcrumb\":{\"@id\":\"https:\/\/www.schwanundschwert.de\/?page_id=578#breadcrumb\"},\"inLanguage\":\"de\",\"potentialAction\":[{\"@type\":\"ReadAction\",\"target\":[\"https:\/\/www.schwanundschwert.de\/?page_id=578\"]}]},{\"@type\":\"ImageObject\",\"inLanguage\":\"de\",\"@id\":\"https:\/\/www.schwanundschwert.de\/?page_id=578#primaryimage\",\"url\":\"https:\/\/www.schwanundschwert.de\/wp-content\/uploads\/2019\/12\/IMG_9737.jpg\",\"contentUrl\":\"https:\/\/www.schwanundschwert.de\/wp-content\/uploads\/2019\/12\/IMG_9737.jpg\",\"width\":1024,\"height\":683},{\"@type\":\"BreadcrumbList\",\"@id\":\"https:\/\/www.schwanundschwert.de\/?page_id=578#breadcrumb\",\"itemListElement\":[{\"@type\":\"ListItem\",\"position\":1,\"name\":\"Startseite\",\"item\":\"https:\/\/www.schwanundschwert.de\/\"},{\"@type\":\"ListItem\",\"position\":2,\"name\":\"Galerien\"}]},{\"@type\":\"WebSite\",\"@id\":\"https:\/\/www.schwanundschwert.de\/#website\",\"url\":\"https:\/\/www.schwanundschwert.de\/\",\"name\":\"Schwan &amp; Schwert\",\"description\":\"Pers\u00f6nlicher Blog\",\"potentialAction\":[{\"@type\":\"SearchAction\",\"target\":{\"@type\":\"EntryPoint\",\"urlTemplate\":\"https:\/\/www.schwanundschwert.de\/?s={search_term_string}\"},\"query-input\":{\"@type\":\"PropertyValueSpecification\",\"valueRequired\":true,\"valueName\":\"search_term_string\"}}],\"inLanguage\":\"de\"}]}<\/script>\n<!-- \/ Yoast SEO plugin. -->","yoast_head_json":{"title":"Galerien - Schwan &amp; Schwert","robots":{"index":"index","follow":"follow","max-snippet":"max-snippet:-1","max-image-preview":"max-image-preview:large","max-video-preview":"max-video-preview:-1"},"canonical":"https:\/\/www.schwanundschwert.de\/?page_id=578","og_locale":"de_DE","og_type":"article","og_title":"Galerien - Schwan &amp; Schwert","og_description":"Hier gelangt Ihr zu den verschiedenen Galerien meiner Homepage. Wenn die Anzahl der Bilder die maximal m\u00f6gliche Darstellung \u00fcberschreiten, findetContinue readingGalerien","og_url":"https:\/\/www.schwanundschwert.de\/?page_id=578","og_site_name":"Schwan &amp; Schwert","article_modified_time":"2023-09-12T10:26:04+00:00","og_image":[{"url":"https:\/\/www.schwanundschwert.de\/wp-content\/uploads\/2019\/12\/IMG_9737.jpg","type":"","width":"","height":""}],"twitter_card":"summary_large_image","twitter_misc":{"Gesch\u00e4tzte Lesezeit":"1\u00a0Minute"},"schema":{"@context":"https:\/\/schema.org","@graph":[{"@type":"WebPage","@id":"https:\/\/www.schwanundschwert.de\/?page_id=578","url":"https:\/\/www.schwanundschwert.de\/?page_id=578","name":"Galerien - Schwan &amp; Schwert","isPartOf":{"@id":"https:\/\/www.schwanundschwert.de\/#website"},"primaryImageOfPage":{"@id":"https:\/\/www.schwanundschwert.de\/?page_id=578#primaryimage"},"image":{"@id":"https:\/\/www.schwanundschwert.de\/?page_id=578#primaryimage"},"thumbnailUrl":"https:\/\/www.schwanundschwert.de\/wp-content\/uploads\/2019\/12\/IMG_9737.jpg","datePublished":"2019-05-22T20:46:13+00:00","dateModified":"2023-09-12T10:26:04+00:00","breadcrumb":{"@id":"https:\/\/www.schwanundschwert.de\/?page_id=578#breadcrumb"},"inLanguage":"de","potentialAction":[{"@type":"ReadAction","target":["https:\/\/www.schwanundschwert.de\/?page_id=578"]}]},{"@type":"ImageObject","inLanguage":"de","@id":"https:\/\/www.schwanundschwert.de\/?page_id=578#primaryimage","url":"https:\/\/www.schwanundschwert.de\/wp-content\/uploads\/2019\/12\/IMG_9737.jpg","contentUrl":"https:\/\/www.schwanundschwert.de\/wp-content\/uploads\/2019\/12\/IMG_9737.jpg","width":1024,"height":683},{"@type":"BreadcrumbList","@id":"https:\/\/www.schwanundschwert.de\/?page_id=578#breadcrumb","itemListElement":[{"@type":"ListItem","position":1,"name":"Startseite","item":"https:\/\/www.schwanundschwert.de\/"},{"@type":"ListItem","position":2,"name":"Galerien"}]},{"@type":"WebSite","@id":"https:\/\/www.schwanundschwert.de\/#website","url":"https:\/\/www.schwanundschwert.de\/","name":"Schwan &amp; Schwert","description":"Pers\u00f6nlicher Blog","potentialAction":[{"@type":"SearchAction","target":{"@type":"EntryPoint","urlTemplate":"https:\/\/www.schwanundschwert.de\/?s={search_term_string}"},"query-input":{"@type":"PropertyValueSpecification","valueRequired":true,"valueName":"search_term_string"}}],"inLanguage":"de"}]}},"jetpack_sharing_enabled":true,"_links":{"self":[{"href":"https:\/\/www.schwanundschwert.de\/index.php?rest_route=\/wp\/v2\/pages\/578","targetHints":{"allow":["GET"]}}],"collection":[{"href":"https:\/\/www.schwanundschwert.de\/index.php?rest_route=\/wp\/v2\/pages"}],"about":[{"href":"https:\/\/www.schwanundschwert.de\/index.php?rest_route=\/wp\/v2\/types\/page"}],"author":[{"embeddable":true,"href":"https:\/\/www.schwanundschwert.de\/index.php?rest_route=\/wp\/v2\/users\/1"}],"replies":[{"embeddable":true,"href":"https:\/\/www.schwanundschwert.de\/index.php?rest_route=%2Fwp%2Fv2%2Fcomments&post=578"}],"version-history":[{"count":35,"href":"https:\/\/www.schwanundschwert.de\/index.php?rest_route=\/wp\/v2\/pages\/578\/revisions"}],"predecessor-version":[{"id":2739,"href":"https:\/\/www.schwanundschwert.de\/index.php?rest_route=\/wp\/v2\/pages\/578\/revisions\/2739"}],"wp:attachment":[{"href":"https:\/\/www.schwanundschwert.de\/index.php?rest_route=%2Fwp%2Fv2%2Fmedia&parent=578"}],"curies":[{"name":"wp","href":"https:\/\/api.w.org\/{rel}","templated":true}]}}