{"id":535,"date":"2019-05-20T13:55:38","date_gmt":"2019-05-20T13:55:38","guid":{"rendered":"https:\/\/www.schwanundschwert.de\/?page_id=535"},"modified":"2020-01-18T11:30:20","modified_gmt":"2020-01-18T11:30:20","slug":"helikopter","status":"publish","type":"page","link":"https:\/\/www.schwanundschwert.de\/?page_id=535","title":{"rendered":"Helikopter"},"content":{"rendered":"\n<figure class=\"wp-block-image\"><img loading=\"lazy\" decoding=\"async\" width=\"1024\" height=\"683\" src=\"https:\/\/www.schwanundschwert.de\/wp-content\/uploads\/2019\/08\/014-1024x683.jpg\" alt=\"\" class=\"wp-image-1056\" srcset=\"https:\/\/www.schwanundschwert.de\/wp-content\/uploads\/2019\/08\/014.jpg 1024w, https:\/\/www.schwanundschwert.de\/wp-content\/uploads\/2019\/08\/014-300x200.jpg 300w, https:\/\/www.schwanundschwert.de\/wp-content\/uploads\/2019\/08\/014-768x512.jpg 768w\" sizes=\"auto, (max-width: 1024px) 100vw, 1024px\" \/><\/figure>\n\n\n\n<p>Seit vielen Jahren fotografiere ich Helikopter der verschiedensten Fluggesellschaften. Oft werden wir zu offiziellen Anl\u00e4ssen als Fotografen geladen. Wenn Sie Interesse an einer Zusammenarbeit haben &#8211; zum Beispiel anl\u00e4sslich Ihres Firmenjubil\u00e4ums, f\u00fcr ein neues Prospekt oder \u00c4hnliches &#8211; dann nehmen Sie doch bitte per E-Mail mit mir Kontakt auf. Ich freue mich auf Ihre Nachricht.<\/p>\n\n\n\nngg_shortcode_0_placeholder\n","protected":false},"excerpt":{"rendered":"<p>Seit vielen Jahren fotografiere ich Helikopter der verschiedensten Fluggesellschaften. Oft werden wir zu offiziellen Anl\u00e4ssen als Fotografen geladen. Wenn Sie<\/p>\n<p><a href=\"https:\/\/www.schwanundschwert.de\/?page_id=535\" class=\"more-link\">Continue reading<span class=\"screen-reader-text\">Helikopter<\/span><\/a><\/p>\n","protected":false},"author":1,"featured_media":0,"parent":0,"menu_order":0,"comment_status":"closed","ping_status":"closed","template":"","meta":{"ngg_post_thumbnail":0,"footnotes":""},"class_list":["post-535","page","type-page","status-publish","hentry"],"yoast_head":"<!-- This site is optimized with the Yoast SEO plugin v24.8.1 - https:\/\/yoast.com\/wordpress\/plugins\/seo\/ -->\n<title>Helikopter - Schwan &amp; Schwert<\/title>\n<meta name=\"robots\" content=\"index, follow, max-snippet:-1, max-image-preview:large, max-video-preview:-1\" \/>\n<link rel=\"canonical\" href=\"https:\/\/www.schwanundschwert.de\/?page_id=535\" \/>\n<meta property=\"og:locale\" content=\"de_DE\" \/>\n<meta property=\"og:type\" content=\"article\" \/>\n<meta property=\"og:title\" content=\"Helikopter - Schwan &amp; Schwert\" \/>\n<meta property=\"og:description\" content=\"Seit vielen Jahren fotografiere ich Helikopter der verschiedensten Fluggesellschaften. Oft werden wir zu offiziellen Anl\u00e4ssen als Fotografen geladen. Wenn SieContinue readingHelikopter\" \/>\n<meta property=\"og:url\" content=\"https:\/\/www.schwanundschwert.de\/?page_id=535\" \/>\n<meta property=\"og:site_name\" content=\"Schwan &amp; Schwert\" \/>\n<meta property=\"article:modified_time\" content=\"2020-01-18T11:30:20+00:00\" \/>\n<meta property=\"og:image\" content=\"https:\/\/www.schwanundschwert.de\/wp-content\/uploads\/2019\/08\/014-1024x683.jpg\" \/>\n<meta name=\"twitter:card\" content=\"summary_large_image\" \/>\n<script type=\"application\/ld+json\" class=\"yoast-schema-graph\">{\"@context\":\"https:\/\/schema.org\",\"@graph\":[{\"@type\":\"WebPage\",\"@id\":\"https:\/\/www.schwanundschwert.de\/?page_id=535\",\"url\":\"https:\/\/www.schwanundschwert.de\/?page_id=535\",\"name\":\"Helikopter - Schwan &amp; Schwert\",\"isPartOf\":{\"@id\":\"https:\/\/www.schwanundschwert.de\/#website\"},\"primaryImageOfPage\":{\"@id\":\"https:\/\/www.schwanundschwert.de\/?page_id=535#primaryimage\"},\"image\":{\"@id\":\"https:\/\/www.schwanundschwert.de\/?page_id=535#primaryimage\"},\"thumbnailUrl\":\"https:\/\/www.schwanundschwert.de\/wp-content\/uploads\/2019\/08\/014-1024x683.jpg\",\"datePublished\":\"2019-05-20T13:55:38+00:00\",\"dateModified\":\"2020-01-18T11:30:20+00:00\",\"breadcrumb\":{\"@id\":\"https:\/\/www.schwanundschwert.de\/?page_id=535#breadcrumb\"},\"inLanguage\":\"de\",\"potentialAction\":[{\"@type\":\"ReadAction\",\"target\":[\"https:\/\/www.schwanundschwert.de\/?page_id=535\"]}]},{\"@type\":\"ImageObject\",\"inLanguage\":\"de\",\"@id\":\"https:\/\/www.schwanundschwert.de\/?page_id=535#primaryimage\",\"url\":\"https:\/\/www.schwanundschwert.de\/wp-content\/uploads\/2019\/08\/014.jpg\",\"contentUrl\":\"https:\/\/www.schwanundschwert.de\/wp-content\/uploads\/2019\/08\/014.jpg\",\"width\":1024,\"height\":683},{\"@type\":\"BreadcrumbList\",\"@id\":\"https:\/\/www.schwanundschwert.de\/?page_id=535#breadcrumb\",\"itemListElement\":[{\"@type\":\"ListItem\",\"position\":1,\"name\":\"Startseite\",\"item\":\"https:\/\/www.schwanundschwert.de\/\"},{\"@type\":\"ListItem\",\"position\":2,\"name\":\"Helikopter\"}]},{\"@type\":\"WebSite\",\"@id\":\"https:\/\/www.schwanundschwert.de\/#website\",\"url\":\"https:\/\/www.schwanundschwert.de\/\",\"name\":\"Schwan &amp; Schwert\",\"description\":\"Pers\u00f6nlicher Blog\",\"potentialAction\":[{\"@type\":\"SearchAction\",\"target\":{\"@type\":\"EntryPoint\",\"urlTemplate\":\"https:\/\/www.schwanundschwert.de\/?s={search_term_string}\"},\"query-input\":{\"@type\":\"PropertyValueSpecification\",\"valueRequired\":true,\"valueName\":\"search_term_string\"}}],\"inLanguage\":\"de\"}]}<\/script>\n<!-- \/ Yoast SEO plugin. -->","yoast_head_json":{"title":"Helikopter - Schwan &amp; Schwert","robots":{"index":"index","follow":"follow","max-snippet":"max-snippet:-1","max-image-preview":"max-image-preview:large","max-video-preview":"max-video-preview:-1"},"canonical":"https:\/\/www.schwanundschwert.de\/?page_id=535","og_locale":"de_DE","og_type":"article","og_title":"Helikopter - Schwan &amp; Schwert","og_description":"Seit vielen Jahren fotografiere ich Helikopter der verschiedensten Fluggesellschaften. Oft werden wir zu offiziellen Anl\u00e4ssen als Fotografen geladen. Wenn SieContinue readingHelikopter","og_url":"https:\/\/www.schwanundschwert.de\/?page_id=535","og_site_name":"Schwan &amp; Schwert","article_modified_time":"2020-01-18T11:30:20+00:00","og_image":[{"url":"https:\/\/www.schwanundschwert.de\/wp-content\/uploads\/2019\/08\/014-1024x683.jpg","type":"","width":"","height":""}],"twitter_card":"summary_large_image","schema":{"@context":"https:\/\/schema.org","@graph":[{"@type":"WebPage","@id":"https:\/\/www.schwanundschwert.de\/?page_id=535","url":"https:\/\/www.schwanundschwert.de\/?page_id=535","name":"Helikopter - Schwan &amp; Schwert","isPartOf":{"@id":"https:\/\/www.schwanundschwert.de\/#website"},"primaryImageOfPage":{"@id":"https:\/\/www.schwanundschwert.de\/?page_id=535#primaryimage"},"image":{"@id":"https:\/\/www.schwanundschwert.de\/?page_id=535#primaryimage"},"thumbnailUrl":"https:\/\/www.schwanundschwert.de\/wp-content\/uploads\/2019\/08\/014-1024x683.jpg","datePublished":"2019-05-20T13:55:38+00:00","dateModified":"2020-01-18T11:30:20+00:00","breadcrumb":{"@id":"https:\/\/www.schwanundschwert.de\/?page_id=535#breadcrumb"},"inLanguage":"de","potentialAction":[{"@type":"ReadAction","target":["https:\/\/www.schwanundschwert.de\/?page_id=535"]}]},{"@type":"ImageObject","inLanguage":"de","@id":"https:\/\/www.schwanundschwert.de\/?page_id=535#primaryimage","url":"https:\/\/www.schwanundschwert.de\/wp-content\/uploads\/2019\/08\/014.jpg","contentUrl":"https:\/\/www.schwanundschwert.de\/wp-content\/uploads\/2019\/08\/014.jpg","width":1024,"height":683},{"@type":"BreadcrumbList","@id":"https:\/\/www.schwanundschwert.de\/?page_id=535#breadcrumb","itemListElement":[{"@type":"ListItem","position":1,"name":"Startseite","item":"https:\/\/www.schwanundschwert.de\/"},{"@type":"ListItem","position":2,"name":"Helikopter"}]},{"@type":"WebSite","@id":"https:\/\/www.schwanundschwert.de\/#website","url":"https:\/\/www.schwanundschwert.de\/","name":"Schwan &amp; Schwert","description":"Pers\u00f6nlicher Blog","potentialAction":[{"@type":"SearchAction","target":{"@type":"EntryPoint","urlTemplate":"https:\/\/www.schwanundschwert.de\/?s={search_term_string}"},"query-input":{"@type":"PropertyValueSpecification","valueRequired":true,"valueName":"search_term_string"}}],"inLanguage":"de"}]}},"jetpack_sharing_enabled":true,"_links":{"self":[{"href":"https:\/\/www.schwanundschwert.de\/index.php?rest_route=\/wp\/v2\/pages\/535","targetHints":{"allow":["GET"]}}],"collection":[{"href":"https:\/\/www.schwanundschwert.de\/index.php?rest_route=\/wp\/v2\/pages"}],"about":[{"href":"https:\/\/www.schwanundschwert.de\/index.php?rest_route=\/wp\/v2\/types\/page"}],"author":[{"embeddable":true,"href":"https:\/\/www.schwanundschwert.de\/index.php?rest_route=\/wp\/v2\/users\/1"}],"replies":[{"embeddable":true,"href":"https:\/\/www.schwanundschwert.de\/index.php?rest_route=%2Fwp%2Fv2%2Fcomments&post=535"}],"version-history":[{"count":3,"href":"https:\/\/www.schwanundschwert.de\/index.php?rest_route=\/wp\/v2\/pages\/535\/revisions"}],"predecessor-version":[{"id":1353,"href":"https:\/\/www.schwanundschwert.de\/index.php?rest_route=\/wp\/v2\/pages\/535\/revisions\/1353"}],"wp:attachment":[{"href":"https:\/\/www.schwanundschwert.de\/index.php?rest_route=%2Fwp%2Fv2%2Fmedia&parent=535"}],"curies":[{"name":"wp","href":"https:\/\/api.w.org\/{rel}","templated":true}]}}