{"id":372,"date":"2019-05-09T15:06:21","date_gmt":"2019-05-09T15:06:21","guid":{"rendered":"https:\/\/www.schwanundschwert.de\/?page_id=372"},"modified":"2019-12-25T20:06:39","modified_gmt":"2019-12-25T20:06:39","slug":"hochzeiten-festlichkeiten","status":"publish","type":"page","link":"https:\/\/www.schwanundschwert.de\/?page_id=372","title":{"rendered":"Hochzeiten &#038; Festlichkeiten"},"content":{"rendered":"\n<figure class=\"wp-block-image size-large\"><img loading=\"lazy\" decoding=\"async\" width=\"1024\" height=\"683\" src=\"https:\/\/www.schwanundschwert.de\/wp-content\/uploads\/2019\/12\/2019-06-23_17-37-33-288_torsten-schustek.jpg\" alt=\"\" class=\"wp-image-1291\" srcset=\"https:\/\/www.schwanundschwert.de\/wp-content\/uploads\/2019\/12\/2019-06-23_17-37-33-288_torsten-schustek.jpg 1024w, https:\/\/www.schwanundschwert.de\/wp-content\/uploads\/2019\/12\/2019-06-23_17-37-33-288_torsten-schustek-300x200.jpg 300w, https:\/\/www.schwanundschwert.de\/wp-content\/uploads\/2019\/12\/2019-06-23_17-37-33-288_torsten-schustek-768x512.jpg 768w\" sizes=\"auto, (max-width: 1024px) 100vw, 1024px\" \/><\/figure>\n\n\n\n<p>F\u00fcr einen besonderen Tag besondere Fotos! Wir sind uns der Verantwortung bewusst und fotografieren Hochzeiten grunds\u00e4tzlich zu zweit* und redundant.<\/p>\n\n\n\n<p><strong>Hochzeitsreportage<\/strong><br>Immer mehr Paare w\u00fcnschen sich eine Hochzeitsreportage. Das bedeutet, dass die Fotografen den kompletten Tagesablauf des Hochzeitstages dokumentieren. So werden die Fotos zu einer Bildergeschichte und man kann diesen Tag immer wieder neu erleben. Bei einer solchen Hochzeitsreportage spielt nat\u00fcrlich das Brautpaar die wichtigste Rolle aber auch die Nebenschaupl\u00e4tze, die G\u00e4ste, die Spiele und Auff\u00fchrungen und nicht zuletzt die verschiedenen \u00d6rtlichkeiten einer Feier runden einen solchen Tag ab. Die Erfahrung zeigt, dass das Brautpaar vieles von dem, was wir fotografieren, in der ganzen Aufregung gar nicht wahrnimmt und erst beim anschauen der Fotos ganz \u00fcberrascht feststellt, was alles auf der eigenen Feier geschehen ist.<\/p>\n\n\n\n<p><strong>Die klassische Variante<\/strong><br>Die klassischen Hochzeitsfotos des Brautpaares haben jedoch nach wie vor einen festen Platz in unserem Repertoire und k\u00f6nnen nat\u00fcrlich auch einzeln oder allein gebucht werden. <\/p>\n\n\n\n<p><strong>Hochzeitsreisen<\/strong><br>Eine weitere Besonderheit ist die Begleitung von Hochzeitreisen. Immer mehr Paare m\u00f6chten ihre Hochzeit in Ruhe mit Ihren G\u00e4sten verbringen aber dennoch nicht auf einzigartige Fotos verzichten. Hier bietet sich mit einem &#8222;After-Wedding-Shooting&#8220; w\u00e4hrend einer ein- oder zweit\u00e4gigen Fotoreise eine gute M\u00f6glichkeit, beides miteinander zu vereinbaren. In malerischer exklusiver Kulisse entsteht so eine aussergew\u00f6hnliche Fotostrecke. Alles ist m\u00f6glich: Berge, Strand, das romantische Caf\u00e9 in der Altstadt usw. Und das alles ohne jeglichen Stress.<\/p>\n\n\n\n<p><strong>Vorlaufzeit<\/strong><br>Bitte melden Sie sich <em>rechtzeitig<\/em> &#8211; sehr rechtzeitig. Hochzeitsfotografie bedeutet auch f\u00fcr den Fotografen viel Planung und Vorbereitung. So ist es nicht un\u00fcblich, dass Buchungen bis zu 2 Jahren vor dem Hochzeitstermin gemacht werden. Wir bem\u00fchen uns, hier deutlich kurzfristiger zu agieren. Aber von heute auf morgen wird es nur mit gro\u00dfem Gl\u00fcck klappen.<\/p>\n\n\n\n<p><strong>Vorgespr\u00e4ch<\/strong><br>Wir m\u00f6chten auf jeden Fall vor dem Fototermin ein pers\u00f6nliches Gespr\u00e4ch mit dem Brautpaar und (wenn eingesetzt) mit dem Festleiter f\u00fchren. Hier k\u00f6nnen wir den &#8222;Fahrplan&#8220; festlegen. Auch k\u00f6nnen hier bestimmte W\u00fcnsche und Ausnahmen geregelt werden und auch besondere Aktionen (z.B. Kutsche) usw. Dar\u00fcber hinaus sollte auch unbedingt die &#8222;Chemie&#8220; zwischen Brautpaar und Fotografen stimmen. Bisher war das zwar immer gegeben aber f\u00fcr wirklich gute Fotos ist das eine wichtige Voraussetzung und wir w\u00fcrden lieber absagen, als dass Sie sp\u00e4ter nicht zufrieden sind. Und nicht zuletzt einigen wir uns per Vertrag auch auf Preis und Leistung.<\/p>\n\n\n\n<p><strong>Nach dem Fotoshooting<\/strong><br>Nach dem Hochzeitstag beginnt f\u00fcr den Fotografen die meiste Arbeit: Sichten, sortieren, entwickeln, bereitstellen der Fotos. Die Fotos werden dann in digitaler Form bereitgestellt z. B. \u00fcber eine Cloud, per USB-Stick oder auch auf CD-ROM oder DVD. Dazu gibt es von uns ein Hochzeitsalbum mit den besten Bildern des Tages.<\/p>\n\n\n\n<p>Wenn Ihr Interesse geweckt ist und wenn Ihnen unsere Art zu fotografieren zusagt, dann schicken Sie uns doch einfach eine E-Mail an <a href=\"mailto:info@schwanundschwert.de\">info@schwanundschwert.de<\/a>. Wir melden uns unverz\u00fcglich.<\/p>\n\n\n\n<p>*) ausser auf begleiteten Hochzeitsreisen<\/p>\n","protected":false},"excerpt":{"rendered":"<p>F\u00fcr einen besonderen Tag besondere Fotos! Wir sind uns der Verantwortung bewusst und fotografieren Hochzeiten grunds\u00e4tzlich zu zweit* und redundant.<\/p>\n<p><a href=\"https:\/\/www.schwanundschwert.de\/?page_id=372\" class=\"more-link\">Continue reading<span class=\"screen-reader-text\">Hochzeiten &#038; Festlichkeiten<\/span><\/a><\/p>\n","protected":false},"author":1,"featured_media":0,"parent":240,"menu_order":0,"comment_status":"closed","ping_status":"closed","template":"","meta":{"ngg_post_thumbnail":0,"footnotes":""},"class_list":["post-372","page","type-page","status-publish","hentry"],"yoast_head":"<!-- This site is optimized with the Yoast SEO plugin v24.8.1 - https:\/\/yoast.com\/wordpress\/plugins\/seo\/ -->\n<title>Hochzeiten &amp; Festlichkeiten - Schwan &amp; Schwert<\/title>\n<meta name=\"robots\" content=\"index, follow, max-snippet:-1, max-image-preview:large, max-video-preview:-1\" \/>\n<link rel=\"canonical\" href=\"https:\/\/www.schwanundschwert.de\/?page_id=372\" \/>\n<meta property=\"og:locale\" content=\"de_DE\" \/>\n<meta property=\"og:type\" content=\"article\" \/>\n<meta property=\"og:title\" content=\"Hochzeiten &amp; Festlichkeiten - Schwan &amp; Schwert\" \/>\n<meta property=\"og:description\" content=\"F\u00fcr einen besonderen Tag besondere Fotos! Wir sind uns der Verantwortung bewusst und fotografieren Hochzeiten grunds\u00e4tzlich zu zweit* und redundant.Continue readingHochzeiten &#038; Festlichkeiten\" \/>\n<meta property=\"og:url\" content=\"https:\/\/www.schwanundschwert.de\/?page_id=372\" \/>\n<meta property=\"og:site_name\" content=\"Schwan &amp; Schwert\" \/>\n<meta property=\"article:modified_time\" content=\"2019-12-25T20:06:39+00:00\" \/>\n<meta property=\"og:image\" content=\"https:\/\/www.schwanundschwert.de\/wp-content\/uploads\/2019\/12\/2019-06-23_17-37-33-288_torsten-schustek.jpg\" \/>\n<meta name=\"twitter:card\" content=\"summary_large_image\" \/>\n<meta name=\"twitter:label1\" content=\"Gesch\u00e4tzte Lesezeit\" \/>\n\t<meta name=\"twitter:data1\" content=\"2\u00a0Minuten\" \/>\n<script type=\"application\/ld+json\" class=\"yoast-schema-graph\">{\"@context\":\"https:\/\/schema.org\",\"@graph\":[{\"@type\":\"WebPage\",\"@id\":\"https:\/\/www.schwanundschwert.de\/?page_id=372\",\"url\":\"https:\/\/www.schwanundschwert.de\/?page_id=372\",\"name\":\"Hochzeiten & Festlichkeiten - Schwan &amp; Schwert\",\"isPartOf\":{\"@id\":\"https:\/\/www.schwanundschwert.de\/#website\"},\"primaryImageOfPage\":{\"@id\":\"https:\/\/www.schwanundschwert.de\/?page_id=372#primaryimage\"},\"image\":{\"@id\":\"https:\/\/www.schwanundschwert.de\/?page_id=372#primaryimage\"},\"thumbnailUrl\":\"https:\/\/www.schwanundschwert.de\/wp-content\/uploads\/2019\/12\/2019-06-23_17-37-33-288_torsten-schustek.jpg\",\"datePublished\":\"2019-05-09T15:06:21+00:00\",\"dateModified\":\"2019-12-25T20:06:39+00:00\",\"breadcrumb\":{\"@id\":\"https:\/\/www.schwanundschwert.de\/?page_id=372#breadcrumb\"},\"inLanguage\":\"de\",\"potentialAction\":[{\"@type\":\"ReadAction\",\"target\":[\"https:\/\/www.schwanundschwert.de\/?page_id=372\"]}]},{\"@type\":\"ImageObject\",\"inLanguage\":\"de\",\"@id\":\"https:\/\/www.schwanundschwert.de\/?page_id=372#primaryimage\",\"url\":\"https:\/\/www.schwanundschwert.de\/wp-content\/uploads\/2019\/12\/2019-06-23_17-37-33-288_torsten-schustek.jpg\",\"contentUrl\":\"https:\/\/www.schwanundschwert.de\/wp-content\/uploads\/2019\/12\/2019-06-23_17-37-33-288_torsten-schustek.jpg\",\"width\":1024,\"height\":683},{\"@type\":\"BreadcrumbList\",\"@id\":\"https:\/\/www.schwanundschwert.de\/?page_id=372#breadcrumb\",\"itemListElement\":[{\"@type\":\"ListItem\",\"position\":1,\"name\":\"Startseite\",\"item\":\"https:\/\/www.schwanundschwert.de\/\"},{\"@type\":\"ListItem\",\"position\":2,\"name\":\"\u00dcber mich\",\"item\":\"https:\/\/www.schwanundschwert.de\/?page_id=240\"},{\"@type\":\"ListItem\",\"position\":3,\"name\":\"Hochzeiten &#038; Festlichkeiten\"}]},{\"@type\":\"WebSite\",\"@id\":\"https:\/\/www.schwanundschwert.de\/#website\",\"url\":\"https:\/\/www.schwanundschwert.de\/\",\"name\":\"Schwan &amp; Schwert\",\"description\":\"Pers\u00f6nlicher Blog\",\"potentialAction\":[{\"@type\":\"SearchAction\",\"target\":{\"@type\":\"EntryPoint\",\"urlTemplate\":\"https:\/\/www.schwanundschwert.de\/?s={search_term_string}\"},\"query-input\":{\"@type\":\"PropertyValueSpecification\",\"valueRequired\":true,\"valueName\":\"search_term_string\"}}],\"inLanguage\":\"de\"}]}<\/script>\n<!-- \/ Yoast SEO plugin. -->","yoast_head_json":{"title":"Hochzeiten & Festlichkeiten - Schwan &amp; Schwert","robots":{"index":"index","follow":"follow","max-snippet":"max-snippet:-1","max-image-preview":"max-image-preview:large","max-video-preview":"max-video-preview:-1"},"canonical":"https:\/\/www.schwanundschwert.de\/?page_id=372","og_locale":"de_DE","og_type":"article","og_title":"Hochzeiten & Festlichkeiten - Schwan &amp; Schwert","og_description":"F\u00fcr einen besonderen Tag besondere Fotos! Wir sind uns der Verantwortung bewusst und fotografieren Hochzeiten grunds\u00e4tzlich zu zweit* und redundant.Continue readingHochzeiten &#038; Festlichkeiten","og_url":"https:\/\/www.schwanundschwert.de\/?page_id=372","og_site_name":"Schwan &amp; Schwert","article_modified_time":"2019-12-25T20:06:39+00:00","og_image":[{"url":"https:\/\/www.schwanundschwert.de\/wp-content\/uploads\/2019\/12\/2019-06-23_17-37-33-288_torsten-schustek.jpg","type":"","width":"","height":""}],"twitter_card":"summary_large_image","twitter_misc":{"Gesch\u00e4tzte Lesezeit":"2\u00a0Minuten"},"schema":{"@context":"https:\/\/schema.org","@graph":[{"@type":"WebPage","@id":"https:\/\/www.schwanundschwert.de\/?page_id=372","url":"https:\/\/www.schwanundschwert.de\/?page_id=372","name":"Hochzeiten & Festlichkeiten - Schwan &amp; Schwert","isPartOf":{"@id":"https:\/\/www.schwanundschwert.de\/#website"},"primaryImageOfPage":{"@id":"https:\/\/www.schwanundschwert.de\/?page_id=372#primaryimage"},"image":{"@id":"https:\/\/www.schwanundschwert.de\/?page_id=372#primaryimage"},"thumbnailUrl":"https:\/\/www.schwanundschwert.de\/wp-content\/uploads\/2019\/12\/2019-06-23_17-37-33-288_torsten-schustek.jpg","datePublished":"2019-05-09T15:06:21+00:00","dateModified":"2019-12-25T20:06:39+00:00","breadcrumb":{"@id":"https:\/\/www.schwanundschwert.de\/?page_id=372#breadcrumb"},"inLanguage":"de","potentialAction":[{"@type":"ReadAction","target":["https:\/\/www.schwanundschwert.de\/?page_id=372"]}]},{"@type":"ImageObject","inLanguage":"de","@id":"https:\/\/www.schwanundschwert.de\/?page_id=372#primaryimage","url":"https:\/\/www.schwanundschwert.de\/wp-content\/uploads\/2019\/12\/2019-06-23_17-37-33-288_torsten-schustek.jpg","contentUrl":"https:\/\/www.schwanundschwert.de\/wp-content\/uploads\/2019\/12\/2019-06-23_17-37-33-288_torsten-schustek.jpg","width":1024,"height":683},{"@type":"BreadcrumbList","@id":"https:\/\/www.schwanundschwert.de\/?page_id=372#breadcrumb","itemListElement":[{"@type":"ListItem","position":1,"name":"Startseite","item":"https:\/\/www.schwanundschwert.de\/"},{"@type":"ListItem","position":2,"name":"\u00dcber mich","item":"https:\/\/www.schwanundschwert.de\/?page_id=240"},{"@type":"ListItem","position":3,"name":"Hochzeiten &#038; Festlichkeiten"}]},{"@type":"WebSite","@id":"https:\/\/www.schwanundschwert.de\/#website","url":"https:\/\/www.schwanundschwert.de\/","name":"Schwan &amp; Schwert","description":"Pers\u00f6nlicher Blog","potentialAction":[{"@type":"SearchAction","target":{"@type":"EntryPoint","urlTemplate":"https:\/\/www.schwanundschwert.de\/?s={search_term_string}"},"query-input":{"@type":"PropertyValueSpecification","valueRequired":true,"valueName":"search_term_string"}}],"inLanguage":"de"}]}},"jetpack_sharing_enabled":true,"_links":{"self":[{"href":"https:\/\/www.schwanundschwert.de\/index.php?rest_route=\/wp\/v2\/pages\/372","targetHints":{"allow":["GET"]}}],"collection":[{"href":"https:\/\/www.schwanundschwert.de\/index.php?rest_route=\/wp\/v2\/pages"}],"about":[{"href":"https:\/\/www.schwanundschwert.de\/index.php?rest_route=\/wp\/v2\/types\/page"}],"author":[{"embeddable":true,"href":"https:\/\/www.schwanundschwert.de\/index.php?rest_route=\/wp\/v2\/users\/1"}],"replies":[{"embeddable":true,"href":"https:\/\/www.schwanundschwert.de\/index.php?rest_route=%2Fwp%2Fv2%2Fcomments&post=372"}],"version-history":[{"count":19,"href":"https:\/\/www.schwanundschwert.de\/index.php?rest_route=\/wp\/v2\/pages\/372\/revisions"}],"predecessor-version":[{"id":1292,"href":"https:\/\/www.schwanundschwert.de\/index.php?rest_route=\/wp\/v2\/pages\/372\/revisions\/1292"}],"up":[{"embeddable":true,"href":"https:\/\/www.schwanundschwert.de\/index.php?rest_route=\/wp\/v2\/pages\/240"}],"wp:attachment":[{"href":"https:\/\/www.schwanundschwert.de\/index.php?rest_route=%2Fwp%2Fv2%2Fmedia&parent=372"}],"curies":[{"name":"wp","href":"https:\/\/api.w.org\/{rel}","templated":true}]}}