{"id":281,"date":"2019-05-06T18:51:28","date_gmt":"2019-05-06T18:51:28","guid":{"rendered":"https:\/\/www.schwanundschwert.de\/?page_id=281"},"modified":"2019-05-07T05:41:07","modified_gmt":"2019-05-07T05:41:07","slug":"modelvertrag","status":"publish","type":"page","link":"https:\/\/www.schwanundschwert.de\/?page_id=281","title":{"rendered":"Modelvertrag"},"content":{"rendered":"<p>Der folgende Modelvertrag kommt bei meinen Fotos zum Einsatz. Evtl. Abweichungen k\u00f6nnen vereinbart werden.<\/p>\n<h4>Vertrag \u00fcber die Aufnahme von Fotografien<\/h4>\n<div class=\"page\" title=\"Page 1\">\n<div class=\"layoutArea\">\n<div class=\"column\">\n<h5><strong>\u00a7 1 Vertragspartner<\/strong><\/h5>\n<p><strong>Fotograf<br \/>\n<\/strong>Vorname Name: ______________________________<br \/>\nAnschrift: ______________________________<br \/>\nPLZ und Ort: ______________________________<br \/>\nTelefon: ______________________________<br \/>\nE-Mail: ______________________________<\/p>\n<\/div>\n<div class=\"column\">\n<p><strong>Auftraggeber \/ Model<br \/>\n<\/strong><span style=\"font-size: 1rem;\">Vorname Name: ______________________________<br \/>\nAnschrift: ______________________________<br \/>\nPLZ und Ort: ______________________________<br \/>\nTelefon: ______________________________<br \/>\nE-Mail: ______________________________<br \/>\n<\/span>Geburtsdatum: ______________________________<br \/>\nAusweis-Nr.: ______________________________<\/p>\n<\/div>\n<\/div>\n<h5><strong>\u00a7 2 Art des Shootings<\/strong><\/h5>\n<\/div>\n<div class=\"page\" title=\"Page 1\">\n<div class=\"layoutArea\">\n<div class=\"column\">\n<p>__ Pay-Shooting (Model erh\u00e4lt Honorar)<br \/>\n__ Pay-Shooting (Fotograf erh\u00e4lt Honorar)<br \/>\n<span style=\"font-size: 1rem;\">__ TfP-Shooting (Auftraggeber \/ Model erh\u00e4lt die bearbeiteten Fotos in digitaler Form)<br \/>\n__ Sonstiges:<\/span><\/p>\n<p><span style=\"font-size: 1rem;\">(zutreffendes ankreuzen, nicht zutreffendes streichen)<\/span><\/p>\n<\/div>\n<\/div>\n<div class=\"layoutArea\">\n<div class=\"column\">\n<h5><strong>\u00a7 3 Gegenstand des Vertrages<\/strong><\/h5>\n<p>Dieser Vertrag gilt f\u00fcr eine Foto-Session f\u00fcr die Dauer von ____&nbsp;Stunden. Durch diesen Vertrag kommt&nbsp;kein Arbeitsverh\u00e4ltnis zustande. Fotograf und Auftraggeber vereinbaren die Anfertigung von Fotos in folgender Form:<\/p>\n<p>__ Fotoshooting Portrait<br \/>\n__ Fotoshooting Fashion<br \/>\n__ Fotoshooting Werbung<br \/>\n__ Fotoshooting Lifestyle<br \/>\n__ Fotoshooting Reportage<br \/>\n__&nbsp;<span style=\"font-size: 1rem;\">Sonstiges<\/span><\/p>\n<\/div>\n<\/div>\n<div class=\"layoutArea\">\n<div class=\"column\">\n<p>(zutreffendes ankreuzen, nicht zutreffendes streichen)<\/p>\n<p>Beide Parteien k\u00f6nnen Art der Fotos und Aufnahmeorte auch w\u00e4hrend des Termins vorschlagen bzw. ablehnen. Wenn vom Fotografen f\u00fcr die Aufnahmen spezielle W\u00fcnsche bestehen, so m\u00fcssen Accessoires und Kleidungsst\u00fccke vom Fotografen zur Verf\u00fcgung gestellt werden. Wenn vom Auftraggeber \/ Model diesbez\u00fcglich spezielle W\u00fcnsche bestehen (wie z. B. bei Modeaufnahmen), werden diese vom Auftraggeber \/ Model zur Verf\u00fcgung gestellt.<\/p>\n<\/div>\n<\/div>\n<\/div>\n<div class=\"page\" title=\"Page 2\">\n<div class=\"layoutArea\">\n<div class=\"column\">\n<p>Wird ein Model gebucht, &nbsp;verpflichtet es sich, sich f\u00fcr die genannten Aufnahmearten f\u00fcr die gesamte vereinbarte Dauer des Fotoshootings zur Verf\u00fcgung zu stellen. F\u00fcr Mode-Aufnahmen, werden die entsprechenden Kleidungsst\u00fccke vom Auftraggeber \/ Model zum Shooting mitgebracht sofern keine Sonderw\u00fcnsche (s.o.) bestehen. F\u00fcr die gepflegte Erscheinung zum Shooting ist das Model gegen\u00fcber dem Fotografen verpflichtet.<\/p>\n<p>Als Ort des Shootings wird festgelegt: ______________________________<\/p>\n<p>Das Model ist berechtigt, zum Shooting eine Person ihres Vertrauens mitzubringen. Diese Person wird den Ablauf der Aufnahmen nicht beeinflussen oder st\u00f6ren. Sollte diese Person den Ablauf beeintr\u00e4chtigen kann der Fotograf das Shooting abbrechen. In diesem Fall bleibt das festgelegte pauschale Honorar unbehelligt und ist in vollem Umfang an den Fotografen zu bezahlen (nur bei Pay-Shooting).<\/p>\n<h5><strong>\u00a7 4 Nutzung der Fotografien \/ des Aufnahmematerials<\/strong><\/h5>\n<p>Der Auftraggeber \/ das Model ist dar\u00fcber informiert worden, dass f\u00fcr eine Ver\u00f6ffentlichung sowie den Vertrieb der angefertigten Fotoaufnahmen eine sog. \u00dcbertragung der Rechte am Bild erforderlich ist und erkl\u00e4rt sich hiermit unwiderruflich mit einer uneingeschr\u00e4nkten, zeitlich und \u00f6rtlich unbegrenzten Ver\u00f6ffentlichung sowie den Vertrieb der angefertigten Fotoaufnahmen, auch f\u00fcr Werbezwecke jeder Art, Datentr\u00e4ger und sonstige Speichermedien, einverstanden. Der Fotograf ist alleiniger Urheber.&nbsp;Im Falle von Ver\u00f6ffentlichungen stellt der Auftraggeber \/ das Model keine weiteren Anspr\u00fcche, auch nicht gegen Dritte (z.B. Verlag, Provider, Webmaster).&nbsp;Bei Ver\u00f6ffentlichung in Printmedien erh\u00e4lt die Gegenpartei ein Belegexemplar.<\/p>\n<p>Beide Vertragsparteien sind berechtigt, die produzierten Fotos ohne zeitliche, \u00f6rtliche und inhaltliche Einschr\u00e4nkung in ver\u00e4nderter und unver\u00e4nderter Form auf jeder Art von Speichermedien sowie als Print aufzubewahren. (Art. 24 \u00a71 URG)<\/p>\n<p>Die Bearbeitung der Fotos mittels einer Software wie Photoshop oder Lightroom darf durch den Fotografen vorgenommen werden.<\/p>\n<\/div>\n<\/div>\n<div class=\"layoutArea\">\n<div class=\"column\">\n<h5><strong>\u00a7 5 Namensnennung<\/strong><\/h5>\n<p>Bei Ver\u00f6ffentlichung des Bildmaterials gelten folgende Vereinbarungen:<\/p>\n<p>__ der Name des Models darf durch den Fotografen nicht genannt werden, stattdessen ist der K\u00fcnstlername des Models zu verwenden oder kein Name zu nennen. Der K\u00fcnstlername lautet: ______________________________<br \/>\n__ der Name des Models darf durch den Fotografen genannt werden<br \/>\n__ der Name des Fotografen darf durch das Model nicht genannt werden, stattdessen ist der K\u00fcnstlername zu verwenden oder kein Name zu nennen<br \/>\n__ der Name des Fotografen darf durch das Model genannt werden<\/p>\n<p>(zutreffendes ankreuzen, nicht zutreffendes streichen)<\/p>\n<\/div>\n<\/div>\n<div class=\"layoutArea\">\n<div class=\"column\">\n<h5><strong>\u00a7 6 Abz\u00fcge \/ Nutzungsrechte f\u00fcr den Auftraggeber \/ das Model<\/strong><\/h5>\n<p>Der Auftraggeber \/ das Model ist berechtigt, die produzierten Fotos ohne zeitliche, \u00f6rtliche und inhaltliche Einschr\u00e4nkung in ver\u00e4nderter und unver\u00e4nderter Form f\u00fcr private Zwecke zu verwenden (Art. 19 URG) sowie f\u00fcr nichtkommerzielle Zwecke in unver\u00e4nderter Form als Print oder in digitaler Form in jeglichen Medien (Internet, Zeitung, Magazine) zu ver\u00f6ffentlichen (ausgenommen pornografische oder unseri\u00f6se Medien). Das Model verpflichtet sich, dabei jeweils den Bildautor zu nennen. Der Vertrieb ist nur bei Pay-Shootings gestattet.<\/p>\n<\/div>\n<\/div>\n<\/div>\n<div class=\"page\" title=\"Page 3\">\n<div class=\"layoutArea\">\n<div class=\"column\">\n<h5><strong>\u00a7 7 Honorar \/ Reisekosten \/ sonstige Kosten<\/strong><\/h5>\n<p>Es werden pauschal vereinbart:<\/p>\n<p><span style=\"font-size: 1rem;\">Das Honorar erh\u00e4lt:&nbsp;<br \/>\n__ das Model<br \/>\n<\/span><span style=\"font-size: 1rem;\">__ der Fotograf<\/span><\/p>\n<\/div>\n<\/div>\n<div class=\"layoutArea\">\n<div class=\"column\">\n<p>(zutreffendes ankreuzen, nicht zutreffendes streichen)<\/p>\n<p>Honorar und Reisekosten sind sofort bei Beginn des Shootings und vor Ort in Bar f\u00e4llig. Bei TfP-Shootings tr\u00e4gt das Model die eigenen Reisekosten.<\/p>\n<h5><strong>\u00a7 8 Sonstige Abreden<\/strong><\/h5>\n<p>Der Fotograf verpflichtet sich die Aufnahmen innerhalb von ___&nbsp;Tagen dem Model in digitaler Form auszuh\u00e4ndigen als:<\/p>\n<p>__ Download (z. B. via Dropbox o. \u00e4.)<br \/>\n__ CD (Bilder im JPG-Format)<br \/>\n__ DVD (Bilder im JPG-Format)<br \/>\n__ Print (hierbei entstehen dem Model weitere Kosten)<\/p>\n<p>(zutreffendes ankreuzen, nicht zutreffendes streichen)<\/p>\n<p>Sollte das Shooting durch verschulden des Auftraggebers \/ Models nicht stattfinden (z.B. kurzfristige Absage am Tag des Shootings), wird die H\u00e4lfte des vereinbarten Honorars f\u00fcr den Fotografen als Ausfallkosten f\u00e4llig. Im Krankheitsfall wird davon abgesehen.<\/p>\n<p>Dieser Vertrag unterliegt deutschem Recht. M\u00fcndliche Nebenabreden sind nicht getroffen. Vertrags\u00e4nderungen bed\u00fcrfen der Schriftform.<\/p>\n<h5><strong>\u00a7 9 Salvatorische Klausel<\/strong><\/h5>\n<p>Verliert einer der Punkte dieses Vertrages, verliert der Vertrag als Ganzes nicht die G\u00fcltigkeit.<\/p>\n<\/div>\n<\/div>\n<div class=\"layoutArea\">\n<div class=\"column\">\n<p>Ort \/ Datum: ______________________________<br \/>\nUnterschrift Fotograf: ______________________________<\/p>\n<p>Ort \/ Datum: ______________________________<br \/>\nUnterschrift Model: ______________________________<\/p>\n<p>Bei Minderj\u00e4hrigen:&nbsp;<br \/>\nOrt \/ Datum: ______________________________<br \/>\n<span style=\"font-size: 1rem;\">Unterschrift des \/ der Erziehungsberechtigten: ______________________________<\/span><\/p>\n<\/div>\n<\/div>\n<\/div>\n","protected":false},"excerpt":{"rendered":"<p>Der folgende Modelvertrag kommt bei meinen Fotos zum Einsatz. Evtl. Abweichungen k\u00f6nnen vereinbart werden. Vertrag \u00fcber die Aufnahme von Fotografien<\/p>\n<p><a href=\"https:\/\/www.schwanundschwert.de\/?page_id=281\" class=\"more-link\">Continue reading<span class=\"screen-reader-text\">Modelvertrag<\/span><\/a><\/p>\n","protected":false},"author":1,"featured_media":0,"parent":0,"menu_order":0,"comment_status":"closed","ping_status":"closed","template":"","meta":{"ngg_post_thumbnail":0,"footnotes":""},"class_list":["post-281","page","type-page","status-publish","hentry"],"yoast_head":"<!-- This site is optimized with the Yoast SEO plugin v24.8.1 - https:\/\/yoast.com\/wordpress\/plugins\/seo\/ -->\n<title>Modelvertrag - Schwan &amp; Schwert<\/title>\n<meta name=\"robots\" content=\"index, follow, max-snippet:-1, max-image-preview:large, max-video-preview:-1\" \/>\n<link rel=\"canonical\" href=\"https:\/\/www.schwanundschwert.de\/?page_id=281\" \/>\n<meta property=\"og:locale\" content=\"de_DE\" \/>\n<meta property=\"og:type\" content=\"article\" \/>\n<meta property=\"og:title\" content=\"Modelvertrag - Schwan &amp; Schwert\" \/>\n<meta property=\"og:description\" content=\"Der folgende Modelvertrag kommt bei meinen Fotos zum Einsatz. Evtl. Abweichungen k\u00f6nnen vereinbart werden. Vertrag \u00fcber die Aufnahme von FotografienContinue readingModelvertrag\" \/>\n<meta property=\"og:url\" content=\"https:\/\/www.schwanundschwert.de\/?page_id=281\" \/>\n<meta property=\"og:site_name\" content=\"Schwan &amp; Schwert\" \/>\n<meta property=\"article:modified_time\" content=\"2019-05-07T05:41:07+00:00\" \/>\n<meta name=\"twitter:card\" content=\"summary_large_image\" \/>\n<meta name=\"twitter:label1\" content=\"Gesch\u00e4tzte Lesezeit\" \/>\n\t<meta name=\"twitter:data1\" content=\"4\u00a0Minuten\" \/>\n<script type=\"application\/ld+json\" class=\"yoast-schema-graph\">{\"@context\":\"https:\/\/schema.org\",\"@graph\":[{\"@type\":\"WebPage\",\"@id\":\"https:\/\/www.schwanundschwert.de\/?page_id=281\",\"url\":\"https:\/\/www.schwanundschwert.de\/?page_id=281\",\"name\":\"Modelvertrag - Schwan &amp; Schwert\",\"isPartOf\":{\"@id\":\"https:\/\/www.schwanundschwert.de\/#website\"},\"datePublished\":\"2019-05-06T18:51:28+00:00\",\"dateModified\":\"2019-05-07T05:41:07+00:00\",\"breadcrumb\":{\"@id\":\"https:\/\/www.schwanundschwert.de\/?page_id=281#breadcrumb\"},\"inLanguage\":\"de\",\"potentialAction\":[{\"@type\":\"ReadAction\",\"target\":[\"https:\/\/www.schwanundschwert.de\/?page_id=281\"]}]},{\"@type\":\"BreadcrumbList\",\"@id\":\"https:\/\/www.schwanundschwert.de\/?page_id=281#breadcrumb\",\"itemListElement\":[{\"@type\":\"ListItem\",\"position\":1,\"name\":\"Startseite\",\"item\":\"https:\/\/www.schwanundschwert.de\/\"},{\"@type\":\"ListItem\",\"position\":2,\"name\":\"Modelvertrag\"}]},{\"@type\":\"WebSite\",\"@id\":\"https:\/\/www.schwanundschwert.de\/#website\",\"url\":\"https:\/\/www.schwanundschwert.de\/\",\"name\":\"Schwan &amp; Schwert\",\"description\":\"Pers\u00f6nlicher Blog\",\"potentialAction\":[{\"@type\":\"SearchAction\",\"target\":{\"@type\":\"EntryPoint\",\"urlTemplate\":\"https:\/\/www.schwanundschwert.de\/?s={search_term_string}\"},\"query-input\":{\"@type\":\"PropertyValueSpecification\",\"valueRequired\":true,\"valueName\":\"search_term_string\"}}],\"inLanguage\":\"de\"}]}<\/script>\n<!-- \/ Yoast SEO plugin. -->","yoast_head_json":{"title":"Modelvertrag - Schwan &amp; Schwert","robots":{"index":"index","follow":"follow","max-snippet":"max-snippet:-1","max-image-preview":"max-image-preview:large","max-video-preview":"max-video-preview:-1"},"canonical":"https:\/\/www.schwanundschwert.de\/?page_id=281","og_locale":"de_DE","og_type":"article","og_title":"Modelvertrag - Schwan &amp; Schwert","og_description":"Der folgende Modelvertrag kommt bei meinen Fotos zum Einsatz. Evtl. Abweichungen k\u00f6nnen vereinbart werden. Vertrag \u00fcber die Aufnahme von FotografienContinue readingModelvertrag","og_url":"https:\/\/www.schwanundschwert.de\/?page_id=281","og_site_name":"Schwan &amp; Schwert","article_modified_time":"2019-05-07T05:41:07+00:00","twitter_card":"summary_large_image","twitter_misc":{"Gesch\u00e4tzte Lesezeit":"4\u00a0Minuten"},"schema":{"@context":"https:\/\/schema.org","@graph":[{"@type":"WebPage","@id":"https:\/\/www.schwanundschwert.de\/?page_id=281","url":"https:\/\/www.schwanundschwert.de\/?page_id=281","name":"Modelvertrag - Schwan &amp; Schwert","isPartOf":{"@id":"https:\/\/www.schwanundschwert.de\/#website"},"datePublished":"2019-05-06T18:51:28+00:00","dateModified":"2019-05-07T05:41:07+00:00","breadcrumb":{"@id":"https:\/\/www.schwanundschwert.de\/?page_id=281#breadcrumb"},"inLanguage":"de","potentialAction":[{"@type":"ReadAction","target":["https:\/\/www.schwanundschwert.de\/?page_id=281"]}]},{"@type":"BreadcrumbList","@id":"https:\/\/www.schwanundschwert.de\/?page_id=281#breadcrumb","itemListElement":[{"@type":"ListItem","position":1,"name":"Startseite","item":"https:\/\/www.schwanundschwert.de\/"},{"@type":"ListItem","position":2,"name":"Modelvertrag"}]},{"@type":"WebSite","@id":"https:\/\/www.schwanundschwert.de\/#website","url":"https:\/\/www.schwanundschwert.de\/","name":"Schwan &amp; Schwert","description":"Pers\u00f6nlicher Blog","potentialAction":[{"@type":"SearchAction","target":{"@type":"EntryPoint","urlTemplate":"https:\/\/www.schwanundschwert.de\/?s={search_term_string}"},"query-input":{"@type":"PropertyValueSpecification","valueRequired":true,"valueName":"search_term_string"}}],"inLanguage":"de"}]}},"jetpack_sharing_enabled":true,"_links":{"self":[{"href":"https:\/\/www.schwanundschwert.de\/index.php?rest_route=\/wp\/v2\/pages\/281","targetHints":{"allow":["GET"]}}],"collection":[{"href":"https:\/\/www.schwanundschwert.de\/index.php?rest_route=\/wp\/v2\/pages"}],"about":[{"href":"https:\/\/www.schwanundschwert.de\/index.php?rest_route=\/wp\/v2\/types\/page"}],"author":[{"embeddable":true,"href":"https:\/\/www.schwanundschwert.de\/index.php?rest_route=\/wp\/v2\/users\/1"}],"replies":[{"embeddable":true,"href":"https:\/\/www.schwanundschwert.de\/index.php?rest_route=%2Fwp%2Fv2%2Fcomments&post=281"}],"version-history":[{"count":8,"href":"https:\/\/www.schwanundschwert.de\/index.php?rest_route=\/wp\/v2\/pages\/281\/revisions"}],"predecessor-version":[{"id":303,"href":"https:\/\/www.schwanundschwert.de\/index.php?rest_route=\/wp\/v2\/pages\/281\/revisions\/303"}],"wp:attachment":[{"href":"https:\/\/www.schwanundschwert.de\/index.php?rest_route=%2Fwp%2Fv2%2Fmedia&parent=281"}],"curies":[{"name":"wp","href":"https:\/\/api.w.org\/{rel}","templated":true}]}}