{"id":2752,"date":"2023-10-16T15:47:44","date_gmt":"2023-10-16T13:47:44","guid":{"rendered":"https:\/\/www.schwanundschwert.de\/?page_id=2752"},"modified":"2023-11-10T15:48:33","modified_gmt":"2023-11-10T14:48:33","slug":"reisebericht-kroatien","status":"publish","type":"page","link":"https:\/\/www.schwanundschwert.de\/?page_id=2752","title":{"rendered":"Reisebericht Vantour: Kroatien"},"content":{"rendered":"\n<p>Nachdem wir im letzten Jahr Norwegen bereist hatten, war dieses Jahr der S\u00fcden Europas dran. Als Endziel stand Kroatien im Raum &#8211; genauer gesagt Split. Dort hatten wir Freunde, die wir besuchen wollten. Gleichzeitig sollte es auch der s\u00fcdlichste Punkt unserer Reise sein. Hier einige Eindr\u00fccke und Tipps f\u00fcr alle diejenigen unter Euch, die diese Route nachfahren m\u00f6chten.<\/p>\n\n\n<div class=\"wp-block-image\">\n<figure class=\"alignleft size-large is-resized\"><img loading=\"lazy\" decoding=\"async\" width=\"650\" height=\"1024\" src=\"https:\/\/www.schwanundschwert.de\/wp-content\/uploads\/2023\/10\/Uebersicht-650x1024.jpeg\" alt=\"\" class=\"wp-image-2759\" style=\"aspect-ratio:0.634765625;object-fit:cover;width:400px\" srcset=\"https:\/\/www.schwanundschwert.de\/wp-content\/uploads\/2023\/10\/Uebersicht-650x1024.jpeg 650w, https:\/\/www.schwanundschwert.de\/wp-content\/uploads\/2023\/10\/Uebersicht-190x300.jpeg 190w, https:\/\/www.schwanundschwert.de\/wp-content\/uploads\/2023\/10\/Uebersicht-768x1211.jpeg 768w, https:\/\/www.schwanundschwert.de\/wp-content\/uploads\/2023\/10\/Uebersicht.jpeg 812w\" sizes=\"auto, (max-width: 650px) 100vw, 650px\" \/><\/figure><\/div>\n\n\n<p>Zur besseren \u00dcbersicht ein \u00dcberblick.  \u00dcber Creuzburg, Eisenach und Saalfeld ging es Richtung Tschechien, kurz zur\u00fcck nach Deutschland und dann \u00fcber \u00d6sterreich und Slowenien nach Kroatien. Zur\u00fcck ging es die kroatische Adria-K\u00fcste entlang, diesmal auf kurzen Weg durch Slowenien, \u00d6sterreich und dann in Deutschland aus Zeitgr\u00fcnden \u00fcber die Autobahnen. <\/p>\n\n\n\n<p> Unterwegs waren wir flexibel was die Tagesetappen angeht. Sahen wir eine Sehensw\u00fcrdigkeit und hatten Lust diese zu sehen, haben wir halt angehalten. Das brachte unsere &#8222;zu Hause gebliebenen&#8220; manchmal in Erkl\u00e4rungsnot: Sind sie denn schon in Kroatien? Ach, immer noch nicht?! Das Reisen im Camper ist halt noch vom Pauschaltouristen noch nicht so verinnerlicht ;-). <\/p>\n\n\n\n<p>Alle 2 Tage haben wir \u00fcbrigens einen Campingplatz angesteuert. Auch dazu werden wir einige Erfahrungen berichten. So konnten wir auch immer wieder gen\u00fcgend Wasser an Bord nehmen.<\/p>\n\n\n\n<hr class=\"wp-block-separator has-alpha-channel-opacity\"\/>\n\n\n\n<p><strong>Tag 1 &#8211; Halle (Westf.) &#8211; Eisenach<\/strong><\/p>\n\n\n<div class=\"wp-block-image\">\n<figure class=\"alignleft size-full is-resized\"><img loading=\"lazy\" decoding=\"async\" width=\"800\" height=\"800\" src=\"https:\/\/www.schwanundschwert.de\/wp-content\/uploads\/2023\/10\/IMG_0861.jpg\" alt=\"Burg Creuzburg mit Stadtmauer\" class=\"wp-image-2764\" style=\"aspect-ratio:1;object-fit:cover;width:400px\" srcset=\"https:\/\/www.schwanundschwert.de\/wp-content\/uploads\/2023\/10\/IMG_0861.jpg 800w, https:\/\/www.schwanundschwert.de\/wp-content\/uploads\/2023\/10\/IMG_0861-300x300.jpg 300w, https:\/\/www.schwanundschwert.de\/wp-content\/uploads\/2023\/10\/IMG_0861-150x150.jpg 150w, https:\/\/www.schwanundschwert.de\/wp-content\/uploads\/2023\/10\/IMG_0861-768x768.jpg 768w, https:\/\/www.schwanundschwert.de\/wp-content\/uploads\/2023\/10\/IMG_0861-666x666.jpg 666w\" sizes=\"auto, (max-width: 800px) 100vw, 800px\" \/><figcaption class=\"wp-element-caption\">Burg Creuzburg mit Stadtmauer<\/figcaption><\/figure><\/div>\n\n\n<p class=\"has-text-align-left\">Unser erster Zwischenstop war <a href=\"https:\/\/creuzburg-online.de\">Creuzburg<\/a>. Sowohl die mittelalterliche Burg, die gesamte Innenstadt und auch die Werra sind alle fu\u00dfl\u00e4ufig zu erreichen. Wir hatten zwar unsere Fahrr\u00e4der mitgenommen &#8211; aber eigentlich h\u00e4tten wir sie nicht ben\u00f6tigt. Creuzburg ist wirklich einen Stop wert.  <\/p>\n\n\n\n<p class=\"has-text-align-left\"><strong>Tipp 1:<\/strong> Auf der Burganlage kann man hervorragend zu Mittag essen! Ein kleiner kurzer aber steiler Aufstieg und man ist schon innerhalb der Burgmauern. <\/p>\n\n\n\n<p><strong>Tipp 2:<\/strong> \u00dcbernachten kann man hervorragend in Gerstungen an der dortigen Kanuanlegestelle Lauchr\u00f6den. Ein wirklich zu empfehlender Stellplatz. Man steht in Th\u00fcringen direkt am Fluss und auf der anderen Seite ist Hessen. Nachts absolut ruhig. Sanit\u00e4ranlagen vorhanden und sauber.<\/p>\n\n\n\n<hr class=\"wp-block-separator has-alpha-channel-opacity\"\/>\n\n\n\n<p><strong>Tag 2 &#8211; Eisenach &#8211; Saalfeld<\/strong><\/p>\n\n\n<div class=\"wp-block-image\">\n<figure class=\"alignright size-full is-resized\"><img loading=\"lazy\" decoding=\"async\" width=\"800\" height=\"800\" src=\"https:\/\/www.schwanundschwert.de\/wp-content\/uploads\/2023\/10\/IMG_0891.jpg\" alt=\"Blick auf die Wartburg\" class=\"wp-image-2770\" style=\"aspect-ratio:1;object-fit:cover;width:400px\" srcset=\"https:\/\/www.schwanundschwert.de\/wp-content\/uploads\/2023\/10\/IMG_0891.jpg 800w, https:\/\/www.schwanundschwert.de\/wp-content\/uploads\/2023\/10\/IMG_0891-300x300.jpg 300w, https:\/\/www.schwanundschwert.de\/wp-content\/uploads\/2023\/10\/IMG_0891-150x150.jpg 150w, https:\/\/www.schwanundschwert.de\/wp-content\/uploads\/2023\/10\/IMG_0891-768x768.jpg 768w, https:\/\/www.schwanundschwert.de\/wp-content\/uploads\/2023\/10\/IMG_0891-666x666.jpg 666w\" sizes=\"auto, (max-width: 800px) 100vw, 800px\" \/><figcaption class=\"wp-element-caption\">Blick auf die Wartburg<\/figcaption><\/figure><\/div>\n\n\n<p>Nach einem leckeren Fr\u00fchst\u00fcck auf in die Lutherstadt. Geparkt haben wir etwa 6 km von der Wartburg entfernt in einem Industriegebiet. Mit den R\u00e4dern sind wir dann zur Burg hochgefahren. So spart man sich die Parkgeb\u00fchren und tut auch noch etwas f\u00fcr die Gesundheit. Allerdings ist die Stra\u00dfe schon ziemlich steil und ein Fahrrad mit Akku-Unterst\u00fctzung ist eine gute Idee.<\/p>\n\n\n\n<p>Nicht nur die Wartburg ist ein Muss in <a href=\"https:\/\/www.eisenach.info\">Eisenach<\/a> &#8211; auch die Innenstadt selbst ist sehenswert und l\u00e4\u00dft sich mit dem Fahrrad hervorragend erkunden. <\/p>\n\n\n\n<p><strong>Tipp 3:<\/strong> Unbedingt die gro\u00dfe F\u00fchrung auf der Wartburg buchen. Sie ist kurzweilig und hochinteressant.<\/p>\n\n\n\n<hr class=\"wp-block-separator has-alpha-channel-opacity\"\/>\n\n\n<div class=\"wp-block-image\">\n<figure class=\"alignleft size-full is-resized\"><img loading=\"lazy\" decoding=\"async\" width=\"654\" height=\"800\" src=\"https:\/\/www.schwanundschwert.de\/wp-content\/uploads\/2023\/10\/IMG_0937.jpg\" alt=\"Kolonnade in Marienbad\" class=\"wp-image-2775\" style=\"width:400px\" srcset=\"https:\/\/www.schwanundschwert.de\/wp-content\/uploads\/2023\/10\/IMG_0937.jpg 654w, https:\/\/www.schwanundschwert.de\/wp-content\/uploads\/2023\/10\/IMG_0937-245x300.jpg 245w\" sizes=\"auto, (max-width: 654px) 100vw, 654px\" \/><figcaption class=\"wp-element-caption\">Eine der Kolonnaden in Marienbad<\/figcaption><\/figure><\/div>\n\n\n<p><strong>Tag 3:<\/strong> Saalfeld &#8211; Karlsbad (CZ) &#8211; Marienbad(CZ)<\/p>\n\n\n\n<p>Nachdem wir Eisenach hinter uns gelassen haben, sind wir noch am gleichen Abend in Richtung Saalfeld gefahren und haben dort dann auch \u00fcbernachtet. Unsere weitere Fahrt f\u00fchrte uns dann durch das Vogtland nach Tschechien. Unser Ziel waren die mond\u00e4nen B\u00e4der des 19. Jahrhunderts wie Karlsbad oder <a href=\"https:\/\/www.marianskelazne.cz\/de\/\">Marienbad<\/a>. Die Strecke nach Karlsbad hat sich nicht gelohnt &#8211; Marienbad dagegen umso mehr. Die Stadt bietet viele verschiedene Sehensw\u00fcrdigkeiten &#8211; am bekanntesten sind jedoch die Kolonnade und die singende Font\u00e4ne. Die Architektur hat uns begeistert. Die singende Font\u00e4ne &#8230; naja. Man muss bedenken, dass man hier in einem Kurort und das Publikum entsprechend ist. Trotzdem k\u00f6nnen wir einen Besucht dort absolut empfehlen. <\/p>\n\n\n\n<p><strong>Tipp4: <\/strong>Die singende Fontaine ert\u00f6nt zu jeder ungeraden Stunde. An einer Art &#8222;Stundenplan&#8220; kann man nicht nur die Uhrzeit sondern auch das Musikst\u00fcck ablesen. <\/p>\n\n\n\n<hr class=\"wp-block-separator has-alpha-channel-opacity\"\/>\n\n\n\n<p><strong>Tag 4:<\/strong> Marienbad(CZ) &#8211; Philippsreut<\/p>\n\n\n\n<p>In Marienbad gibt es wirklich viel zu sehen. Darum hatten wir uns entschlossen, noch einmal am n\u00e4chsten Vormittag die Stadt mit dem Rad zu erkunden. \u00dcbernachtet haben wir auf einem wirklich hervorragenden Campingplatz ganz in der N\u00e4he.<\/p>\n\n\n\n<p>Gegen Mittag haben wir uns dann weiter auf die Reise gemacht und haben Tschechien verlassen und sind wieder nach Deutschland gekommen.<\/p>\n\n\n\n<hr class=\"wp-block-separator has-alpha-channel-opacity\"\/>\n\n\n<div class=\"wp-block-image\">\n<figure class=\"alignright size-full is-resized\"><img loading=\"lazy\" decoding=\"async\" width=\"800\" height=\"600\" src=\"https:\/\/www.schwanundschwert.de\/wp-content\/uploads\/2023\/10\/IMG_0994.jpg\" alt=\"Passau\" class=\"wp-image-2780\" style=\"width:600px\" srcset=\"https:\/\/www.schwanundschwert.de\/wp-content\/uploads\/2023\/10\/IMG_0994.jpg 800w, https:\/\/www.schwanundschwert.de\/wp-content\/uploads\/2023\/10\/IMG_0994-300x225.jpg 300w, https:\/\/www.schwanundschwert.de\/wp-content\/uploads\/2023\/10\/IMG_0994-768x576.jpg 768w, https:\/\/www.schwanundschwert.de\/wp-content\/uploads\/2023\/10\/IMG_0994-440x330.jpg 440w\" sizes=\"auto, (max-width: 800px) 100vw, 800px\" \/><figcaption class=\"wp-element-caption\">Romantischer Blick auf Passau<\/figcaption><\/figure><\/div>\n\n\n<p><strong>Tag 5:<\/strong> Philippsreut &#8211; Attersee (A)<\/p>\n\n\n\n<p>Philippsreut an sich ist kein Reiseziel &#8211; aber die \u00dcbernachtung im Bayrischen Wald z\u00e4hlte zu den ruhigsten und sch\u00f6nsten unserer ganzen Reise. Kein Autoverkehr, kein Licht im Umkreis von mehreren Kilometern, daf\u00fcr ein gigantischer Wald und ein wunderbarer Sternenhimmel mit deutlich zu erkennender Milchstra\u00dfe. <\/p>\n\n\n\n<p>Die eigentlichen Reiseziele dieses Tages waren <a href=\"https:\/\/tourismus.passau.de\/passau-sehen-erleben\/sehenswuerdigkeiten-in-passau\/\">Passau<\/a> und unser Tagesziel: der Attersee. Auch Passau kann man am besten mit dem Rad erkunden. Viele Fu\u00dfg\u00e4ngerzonen sind f\u00fcr Fahrr\u00e4der freigegeben und die einzelnen Sehensw\u00fcrdigkeiten liegen doch teilweise weit auseinander. Passau ist eine Universit\u00e4tsstadt und die vielen verschiedenen Kulturen und Menschen haben uns sehr gut gefallen. Die Stadt hat ihren eigenen Flair. <\/p>\n\n\n<div class=\"wp-block-image\">\n<figure class=\"alignleft size-full is-resized\"><img loading=\"lazy\" decoding=\"async\" width=\"800\" height=\"800\" src=\"https:\/\/www.schwanundschwert.de\/wp-content\/uploads\/2023\/10\/IMG_1011-2.jpg\" alt=\"Attersee bei Nu\u00dfdorf\" class=\"wp-image-2783\" style=\"width:300px\" srcset=\"https:\/\/www.schwanundschwert.de\/wp-content\/uploads\/2023\/10\/IMG_1011-2.jpg 800w, https:\/\/www.schwanundschwert.de\/wp-content\/uploads\/2023\/10\/IMG_1011-2-300x300.jpg 300w, https:\/\/www.schwanundschwert.de\/wp-content\/uploads\/2023\/10\/IMG_1011-2-150x150.jpg 150w, https:\/\/www.schwanundschwert.de\/wp-content\/uploads\/2023\/10\/IMG_1011-2-768x768.jpg 768w, https:\/\/www.schwanundschwert.de\/wp-content\/uploads\/2023\/10\/IMG_1011-2-666x666.jpg 666w\" sizes=\"auto, (max-width: 800px) 100vw, 800px\" \/><figcaption class=\"wp-element-caption\">Morgenstimmung am Attersee<\/figcaption><\/figure><\/div>\n\n\n<p>Danach ging es weiter \u00fcber die Grenze nach \u00d6sterreich bis zu unserem Ziel der Gemeinde Attersee. Hier haben wir auf dem Campingplatz Bruckbacher in Nu\u00dfdorf \u00fcbernachtet. Der Platz liegt direkt am See und wer fr\u00fch aufsteht, bekommt eine wunderbare Morgenstimmung zur Belohnung. Auch ein Badesteg ist vorhanden.<\/p>\n\n\n\n<p><a href=\"https:\/\/attersee-attergau.salzkammergut.at\/oesterreich-stadt-ort\/detail\/430001263\/nussdorf-am-attersee.html\">Nu\u00dfdorf<\/a> ist \u00fcbrigens der erste Ferienort am gesamten Attersee. Dazu gibt es interessante Geschichten im Netz. <\/p>\n\n\n\n<p><strong>Tipp 5:<\/strong> Am besten vorher bei der Familie Bruckbacher anrufen und nach einem freien Platz fragen. In der Nebensaison ist das sicherlich kein Problem &#8211; aber in der Hauptsaison kann es evtl. knapp werden. Wir hatten mit dem Senior gesprochen und wurden sehr freundlich empfangen.<\/p>\n\n\n\n<hr class=\"wp-block-separator has-alpha-channel-opacity\"\/>\n\n\n<div class=\"wp-block-image\">\n<figure class=\"alignright size-full is-resized\"><img loading=\"lazy\" decoding=\"async\" width=\"800\" height=\"600\" src=\"https:\/\/www.schwanundschwert.de\/wp-content\/uploads\/2023\/10\/IMG_1018.jpg\" alt=\"Hallstadt am Hallst\u00e4dter See\" class=\"wp-image-2792\" style=\"width:600px\" srcset=\"https:\/\/www.schwanundschwert.de\/wp-content\/uploads\/2023\/10\/IMG_1018.jpg 800w, https:\/\/www.schwanundschwert.de\/wp-content\/uploads\/2023\/10\/IMG_1018-300x225.jpg 300w, https:\/\/www.schwanundschwert.de\/wp-content\/uploads\/2023\/10\/IMG_1018-768x576.jpg 768w, https:\/\/www.schwanundschwert.de\/wp-content\/uploads\/2023\/10\/IMG_1018-440x330.jpg 440w\" sizes=\"auto, (max-width: 800px) 100vw, 800px\" \/><figcaption class=\"wp-element-caption\">Hallstadt am Hallst\u00e4dter See<\/figcaption><\/figure><\/div>\n\n\n<p><strong>Tag 6:<\/strong> Attersee  &#8211; Pron (K\u00e4rnten)<\/p>\n\n\n\n<p>Der Ort, den wir schon seit l\u00e4ngerer Zeit einmal besuchen wollten ist <a href=\"https:\/\/www.hallstatt.net\/ueber-hallstatt\/sehenswertes\/?source=side\">Hallstatt<\/a> am Hallst\u00e4tter See. Der Ort wurde bereits 1997 von der UNESCO zum Weltkulturerbe erkl\u00e4rt und seitdem haben sich abertausende von Asiaten auf den weiten Weg gemacht, genau diesen Ort zu besuchen. Wir wussten also, dass diese Stadt von Touristen belagert wird und daher haben wir uns entschieden, ungef\u00e4hr 4 km vor der Stadt unsere Fahrr\u00e4der vom H\u00e4nger zu nehmen und mit dem Fahrrad hineinzufahren, sie dort abzustellen und zu Fu\u00df die Stadt zu erkunden. Eine gute Entscheidung! Die Touristen geh\u00f6ren wohl mittlerweile genauso zum Stadtbild wie der romantische Blick auf den kleinen Ort selbst. <\/p>\n\n\n\n<p><strong>Tipp 6: <\/strong>Fahrt auf keinen Fall mit dem Auto dorthin. Parken ist teuer. Auch Fahrr\u00e4der sind nur eingeschr\u00e4nkt zu gebrauchen. Manche H\u00e4user haben 200 Stufen bis zum Eingang. <\/p>\n\n\n\n<p>Nachdem wir uns optisch sattgetrunken hatten, ging es an diesem Tag noch Richtung Dachstein &#8211; genauer gesagt nach <a href=\"https:\/\/www.schladming-dachstein.at\/de\">Ramsau<\/a>. <\/p>\n\n\n\n<hr class=\"wp-block-separator has-alpha-channel-opacity\"\/>\n\n\n\n<p><strong>Tag 7:<\/strong> Ramsau &#8211; Katschberg<\/p>\n\n\n\n<p class=\"has-text-align-left\">Freunde hatte uns Ramsau empfohlen. Trotzdem kamen wir ohne gro\u00dfe Erwartungen dort an. Wir sind die Berge im Oberwallis gew\u00f6hnt, schneebedeckte 4000er.  Aber der Dachstein hat was und ist an der h\u00f6chsten Stelle auch fast 3000 m hoch. Ausserdem steht er sehr herausgestellt in der Landschaft, was ihm eine gewisse M\u00e4chtigkeit verleiht. Der Dachstein lohnt sich.<\/p>\n\n\n<div class=\"wp-block-image\">\n<figure class=\"alignright size-full is-resized\"><img loading=\"lazy\" decoding=\"async\" width=\"1000\" height=\"750\" src=\"https:\/\/www.schwanundschwert.de\/wp-content\/uploads\/2023\/11\/IMG_1030.jpg\" alt=\"\" class=\"wp-image-2800\" style=\"width:450px\" srcset=\"https:\/\/www.schwanundschwert.de\/wp-content\/uploads\/2023\/11\/IMG_1030.jpg 1000w, https:\/\/www.schwanundschwert.de\/wp-content\/uploads\/2023\/11\/IMG_1030-300x225.jpg 300w, https:\/\/www.schwanundschwert.de\/wp-content\/uploads\/2023\/11\/IMG_1030-768x576.jpg 768w, https:\/\/www.schwanundschwert.de\/wp-content\/uploads\/2023\/11\/IMG_1030-440x330.jpg 440w, https:\/\/www.schwanundschwert.de\/wp-content\/uploads\/2023\/11\/IMG_1030-920x690.jpg 920w\" sizes=\"auto, (max-width: 1000px) 100vw, 1000px\" \/><figcaption class=\"wp-element-caption\">Blick auf den Ortskern von Ramsau<\/figcaption><\/figure><\/div>\n\n\n<p>Unsere Zeit haben wir mit einer ausgedehnten Wanderung am Fusse des Massivs genutzt, haben uns die verschiedenen Drehorte der &#8222;Bergretter&#8220; angesehen und am sp\u00e4ten Nachmittag ein leckeres Abendessen genossen.<\/p>\n\n\n\n<p>Kleine Anekdote am Rande: Einmal meinte ich  die Schauspielerin <a href=\"https:\/\/www.agentur-heppeler.de\/\/de\/schauspielerinnen\/stefanie_von_poser\">Stefanie von Poser<\/a> zu sehen, habe den Gedanken jedoch gleich wieder verworfen &#8211; nach dem Motto: Jetzt bin ich hier, wo man die Bergretter-Staffel dreht und halluziniere schon von den Schauspielern. Hinterher &#8211; als wir dann Kontakt aufgenommen hatten &#8211; stellte sich dann heraus, dass sie es wirklich war. Sie war auf der gleichen Route unterwegs wie wir &#8211; ebenfalls in einem Camper.<\/p>\n\n\n\n<hr class=\"wp-block-separator has-alpha-channel-opacity\"\/>\n","protected":false},"excerpt":{"rendered":"<p>Nachdem wir im letzten Jahr Norwegen bereist hatten, war dieses Jahr der S\u00fcden Europas dran. Als Endziel stand Kroatien im<\/p>\n<p><a href=\"https:\/\/www.schwanundschwert.de\/?page_id=2752\" class=\"more-link\">Continue reading<span class=\"screen-reader-text\">Reisebericht Vantour: Kroatien<\/span><\/a><\/p>\n","protected":false},"author":5,"featured_media":0,"parent":0,"menu_order":0,"comment_status":"closed","ping_status":"closed","template":"","meta":{"ngg_post_thumbnail":0,"footnotes":""},"class_list":["post-2752","page","type-page","status-publish","hentry"],"yoast_head":"<!-- This site is optimized with the Yoast SEO plugin v24.8.1 - https:\/\/yoast.com\/wordpress\/plugins\/seo\/ -->\n<title>Reisebericht Vantour: Kroatien - Schwan &amp; Schwert<\/title>\n<meta name=\"robots\" content=\"index, follow, max-snippet:-1, max-image-preview:large, max-video-preview:-1\" \/>\n<link rel=\"canonical\" href=\"https:\/\/www.schwanundschwert.de\/?page_id=2752\" \/>\n<meta property=\"og:locale\" content=\"de_DE\" \/>\n<meta property=\"og:type\" content=\"article\" \/>\n<meta property=\"og:title\" content=\"Reisebericht Vantour: Kroatien - Schwan &amp; Schwert\" \/>\n<meta property=\"og:description\" content=\"Nachdem wir im letzten Jahr Norwegen bereist hatten, war dieses Jahr der S\u00fcden Europas dran. Als Endziel stand Kroatien imContinue readingReisebericht Vantour: Kroatien\" \/>\n<meta property=\"og:url\" content=\"https:\/\/www.schwanundschwert.de\/?page_id=2752\" \/>\n<meta property=\"og:site_name\" content=\"Schwan &amp; Schwert\" \/>\n<meta property=\"article:modified_time\" content=\"2023-11-10T14:48:33+00:00\" \/>\n<meta property=\"og:image\" content=\"https:\/\/www.schwanundschwert.de\/wp-content\/uploads\/2023\/10\/Uebersicht-650x1024.jpeg\" \/>\n<meta name=\"twitter:card\" content=\"summary_large_image\" \/>\n<meta name=\"twitter:label1\" content=\"Gesch\u00e4tzte Lesezeit\" \/>\n\t<meta name=\"twitter:data1\" content=\"9\u00a0Minuten\" \/>\n<script type=\"application\/ld+json\" class=\"yoast-schema-graph\">{\"@context\":\"https:\/\/schema.org\",\"@graph\":[{\"@type\":\"WebPage\",\"@id\":\"https:\/\/www.schwanundschwert.de\/?page_id=2752\",\"url\":\"https:\/\/www.schwanundschwert.de\/?page_id=2752\",\"name\":\"Reisebericht Vantour: Kroatien - Schwan &amp; Schwert\",\"isPartOf\":{\"@id\":\"https:\/\/www.schwanundschwert.de\/#website\"},\"primaryImageOfPage\":{\"@id\":\"https:\/\/www.schwanundschwert.de\/?page_id=2752#primaryimage\"},\"image\":{\"@id\":\"https:\/\/www.schwanundschwert.de\/?page_id=2752#primaryimage\"},\"thumbnailUrl\":\"https:\/\/www.schwanundschwert.de\/wp-content\/uploads\/2023\/10\/Uebersicht-650x1024.jpeg\",\"datePublished\":\"2023-10-16T13:47:44+00:00\",\"dateModified\":\"2023-11-10T14:48:33+00:00\",\"breadcrumb\":{\"@id\":\"https:\/\/www.schwanundschwert.de\/?page_id=2752#breadcrumb\"},\"inLanguage\":\"de\",\"potentialAction\":[{\"@type\":\"ReadAction\",\"target\":[\"https:\/\/www.schwanundschwert.de\/?page_id=2752\"]}]},{\"@type\":\"ImageObject\",\"inLanguage\":\"de\",\"@id\":\"https:\/\/www.schwanundschwert.de\/?page_id=2752#primaryimage\",\"url\":\"https:\/\/www.schwanundschwert.de\/wp-content\/uploads\/2023\/10\/Uebersicht.jpeg\",\"contentUrl\":\"https:\/\/www.schwanundschwert.de\/wp-content\/uploads\/2023\/10\/Uebersicht.jpeg\",\"width\":812,\"height\":1280},{\"@type\":\"BreadcrumbList\",\"@id\":\"https:\/\/www.schwanundschwert.de\/?page_id=2752#breadcrumb\",\"itemListElement\":[{\"@type\":\"ListItem\",\"position\":1,\"name\":\"Startseite\",\"item\":\"https:\/\/www.schwanundschwert.de\/\"},{\"@type\":\"ListItem\",\"position\":2,\"name\":\"Reisebericht Vantour: Kroatien\"}]},{\"@type\":\"WebSite\",\"@id\":\"https:\/\/www.schwanundschwert.de\/#website\",\"url\":\"https:\/\/www.schwanundschwert.de\/\",\"name\":\"Schwan &amp; Schwert\",\"description\":\"Pers\u00f6nlicher Blog\",\"potentialAction\":[{\"@type\":\"SearchAction\",\"target\":{\"@type\":\"EntryPoint\",\"urlTemplate\":\"https:\/\/www.schwanundschwert.de\/?s={search_term_string}\"},\"query-input\":{\"@type\":\"PropertyValueSpecification\",\"valueRequired\":true,\"valueName\":\"search_term_string\"}}],\"inLanguage\":\"de\"}]}<\/script>\n<!-- \/ Yoast SEO plugin. -->","yoast_head_json":{"title":"Reisebericht Vantour: Kroatien - Schwan &amp; Schwert","robots":{"index":"index","follow":"follow","max-snippet":"max-snippet:-1","max-image-preview":"max-image-preview:large","max-video-preview":"max-video-preview:-1"},"canonical":"https:\/\/www.schwanundschwert.de\/?page_id=2752","og_locale":"de_DE","og_type":"article","og_title":"Reisebericht Vantour: Kroatien - Schwan &amp; Schwert","og_description":"Nachdem wir im letzten Jahr Norwegen bereist hatten, war dieses Jahr der S\u00fcden Europas dran. Als Endziel stand Kroatien imContinue readingReisebericht Vantour: Kroatien","og_url":"https:\/\/www.schwanundschwert.de\/?page_id=2752","og_site_name":"Schwan &amp; Schwert","article_modified_time":"2023-11-10T14:48:33+00:00","og_image":[{"url":"https:\/\/www.schwanundschwert.de\/wp-content\/uploads\/2023\/10\/Uebersicht-650x1024.jpeg","type":"","width":"","height":""}],"twitter_card":"summary_large_image","twitter_misc":{"Gesch\u00e4tzte Lesezeit":"9\u00a0Minuten"},"schema":{"@context":"https:\/\/schema.org","@graph":[{"@type":"WebPage","@id":"https:\/\/www.schwanundschwert.de\/?page_id=2752","url":"https:\/\/www.schwanundschwert.de\/?page_id=2752","name":"Reisebericht Vantour: Kroatien - Schwan &amp; Schwert","isPartOf":{"@id":"https:\/\/www.schwanundschwert.de\/#website"},"primaryImageOfPage":{"@id":"https:\/\/www.schwanundschwert.de\/?page_id=2752#primaryimage"},"image":{"@id":"https:\/\/www.schwanundschwert.de\/?page_id=2752#primaryimage"},"thumbnailUrl":"https:\/\/www.schwanundschwert.de\/wp-content\/uploads\/2023\/10\/Uebersicht-650x1024.jpeg","datePublished":"2023-10-16T13:47:44+00:00","dateModified":"2023-11-10T14:48:33+00:00","breadcrumb":{"@id":"https:\/\/www.schwanundschwert.de\/?page_id=2752#breadcrumb"},"inLanguage":"de","potentialAction":[{"@type":"ReadAction","target":["https:\/\/www.schwanundschwert.de\/?page_id=2752"]}]},{"@type":"ImageObject","inLanguage":"de","@id":"https:\/\/www.schwanundschwert.de\/?page_id=2752#primaryimage","url":"https:\/\/www.schwanundschwert.de\/wp-content\/uploads\/2023\/10\/Uebersicht.jpeg","contentUrl":"https:\/\/www.schwanundschwert.de\/wp-content\/uploads\/2023\/10\/Uebersicht.jpeg","width":812,"height":1280},{"@type":"BreadcrumbList","@id":"https:\/\/www.schwanundschwert.de\/?page_id=2752#breadcrumb","itemListElement":[{"@type":"ListItem","position":1,"name":"Startseite","item":"https:\/\/www.schwanundschwert.de\/"},{"@type":"ListItem","position":2,"name":"Reisebericht Vantour: Kroatien"}]},{"@type":"WebSite","@id":"https:\/\/www.schwanundschwert.de\/#website","url":"https:\/\/www.schwanundschwert.de\/","name":"Schwan &amp; Schwert","description":"Pers\u00f6nlicher Blog","potentialAction":[{"@type":"SearchAction","target":{"@type":"EntryPoint","urlTemplate":"https:\/\/www.schwanundschwert.de\/?s={search_term_string}"},"query-input":{"@type":"PropertyValueSpecification","valueRequired":true,"valueName":"search_term_string"}}],"inLanguage":"de"}]}},"jetpack_sharing_enabled":true,"_links":{"self":[{"href":"https:\/\/www.schwanundschwert.de\/index.php?rest_route=\/wp\/v2\/pages\/2752","targetHints":{"allow":["GET"]}}],"collection":[{"href":"https:\/\/www.schwanundschwert.de\/index.php?rest_route=\/wp\/v2\/pages"}],"about":[{"href":"https:\/\/www.schwanundschwert.de\/index.php?rest_route=\/wp\/v2\/types\/page"}],"author":[{"embeddable":true,"href":"https:\/\/www.schwanundschwert.de\/index.php?rest_route=\/wp\/v2\/users\/5"}],"replies":[{"embeddable":true,"href":"https:\/\/www.schwanundschwert.de\/index.php?rest_route=%2Fwp%2Fv2%2Fcomments&post=2752"}],"version-history":[{"count":23,"href":"https:\/\/www.schwanundschwert.de\/index.php?rest_route=\/wp\/v2\/pages\/2752\/revisions"}],"predecessor-version":[{"id":2803,"href":"https:\/\/www.schwanundschwert.de\/index.php?rest_route=\/wp\/v2\/pages\/2752\/revisions\/2803"}],"wp:attachment":[{"href":"https:\/\/www.schwanundschwert.de\/index.php?rest_route=%2Fwp%2Fv2%2Fmedia&parent=2752"}],"curies":[{"name":"wp","href":"https:\/\/api.w.org\/{rel}","templated":true}]}}