{"id":272,"date":"2019-05-06T15:35:20","date_gmt":"2019-05-06T15:35:20","guid":{"rendered":"https:\/\/www.schwanundschwert.de\/?page_id=272"},"modified":"2019-07-10T15:15:31","modified_gmt":"2019-07-10T15:15:31","slug":"reise","status":"publish","type":"page","link":"https:\/\/www.schwanundschwert.de\/?page_id=272","title":{"rendered":"Reisefotografie"},"content":{"rendered":"\n<figure class=\"wp-block-image\"><img loading=\"lazy\" decoding=\"async\" width=\"1024\" height=\"562\" src=\"https:\/\/www.schwanundschwert.de\/wp-content\/uploads\/2019\/05\/IMG_7156-1024x562.jpg\" alt=\"\" class=\"wp-image-686\" srcset=\"https:\/\/www.schwanundschwert.de\/wp-content\/uploads\/2019\/05\/IMG_7156.jpg 1024w, https:\/\/www.schwanundschwert.de\/wp-content\/uploads\/2019\/05\/IMG_7156-300x165.jpg 300w, https:\/\/www.schwanundschwert.de\/wp-content\/uploads\/2019\/05\/IMG_7156-768x422.jpg 768w\" sizes=\"auto, (max-width: 1024px) 100vw, 1024px\" \/><\/figure>\n\n\n\n<p>Nat\u00fcrlich geh\u00f6rt der Fotoapparat zu meinen Reisen dazu. Seit einiger Zeit schreibe ich die wichtigsten Dinge einer Reise in einen Blog &#8211; zum einen, weil ich mich selber besser erinnern kann (ein Reisetagebuch schreibt man heute eben elektronisch) und zum anderen, weil ich gerne anderen helfen m\u00f6chte, ihre eigene Reise zu planen. Viele Informationen werden heute vor einer Reise aus dem Netz gezogen nur sind nat\u00fcrlich ebensoviele als Werbung zu verstehen. Mit meinen kleinen Beitr\u00e4gen erz\u00e4hle ich ganz subjektiv, wie ich die eine oder andere Destination einsch\u00e4tze.<\/p>\n\n\n\n<p>Zu den Reisebeschreibung mit dem einen oder anderen Tipp geh\u00f6rt auch immer eine Fotogalerie mit einer Auswahl meiner gemachten Fotos.<\/p>\n\n\n\n<hr class=\"wp-block-separator\"\/>\n\n\n\n<p>_________<\/p>\n\n\n\n<hr class=\"wp-block-separator\"\/>\n\n\n\n<p>Of course the camera is part of my travels. For some time now I have been writing the most important things about a trip in a blog &#8211; on the one hand because I can remember myself better (a travel diary is now written electronically) and on the other hand because I would like to help others to plan their own trip. A lot of information is pulled from the net before a trip today, but of course as much is to be understood as advertising. With my small contributions I tell quite subjectively, how I estimate the one or other destination.<\/p>\n\n\n\n<p>To the travel description with the one or other tip belongs also always a photo gallery with a selection of my made photos.<\/p>\n","protected":false},"excerpt":{"rendered":"<p>Nat\u00fcrlich geh\u00f6rt der Fotoapparat zu meinen Reisen dazu. Seit einiger Zeit schreibe ich die wichtigsten Dinge einer Reise in einen<\/p>\n<p><a href=\"https:\/\/www.schwanundschwert.de\/?page_id=272\" class=\"more-link\">Continue reading<span class=\"screen-reader-text\">Reisefotografie<\/span><\/a><\/p>\n","protected":false},"author":1,"featured_media":0,"parent":240,"menu_order":0,"comment_status":"closed","ping_status":"closed","template":"","meta":{"ngg_post_thumbnail":0,"footnotes":""},"class_list":["post-272","page","type-page","status-publish","hentry"],"yoast_head":"<!-- This site is optimized with the Yoast SEO plugin v24.8.1 - https:\/\/yoast.com\/wordpress\/plugins\/seo\/ -->\n<title>Reisefotografie - Schwan &amp; Schwert<\/title>\n<meta name=\"robots\" content=\"index, follow, max-snippet:-1, max-image-preview:large, max-video-preview:-1\" \/>\n<link rel=\"canonical\" href=\"https:\/\/www.schwanundschwert.de\/?page_id=272\" \/>\n<meta property=\"og:locale\" content=\"de_DE\" \/>\n<meta property=\"og:type\" content=\"article\" \/>\n<meta property=\"og:title\" content=\"Reisefotografie - Schwan &amp; Schwert\" \/>\n<meta property=\"og:description\" content=\"Nat\u00fcrlich geh\u00f6rt der Fotoapparat zu meinen Reisen dazu. Seit einiger Zeit schreibe ich die wichtigsten Dinge einer Reise in einenContinue readingReisefotografie\" \/>\n<meta property=\"og:url\" content=\"https:\/\/www.schwanundschwert.de\/?page_id=272\" \/>\n<meta property=\"og:site_name\" content=\"Schwan &amp; Schwert\" \/>\n<meta property=\"article:modified_time\" content=\"2019-07-10T15:15:31+00:00\" \/>\n<meta property=\"og:image\" content=\"https:\/\/www.schwanundschwert.de\/wp-content\/uploads\/2019\/05\/IMG_7156-1024x562.jpg\" \/>\n<meta name=\"twitter:card\" content=\"summary_large_image\" \/>\n<meta name=\"twitter:label1\" content=\"Gesch\u00e4tzte Lesezeit\" \/>\n\t<meta name=\"twitter:data1\" content=\"1\u00a0Minute\" \/>\n<script type=\"application\/ld+json\" class=\"yoast-schema-graph\">{\"@context\":\"https:\/\/schema.org\",\"@graph\":[{\"@type\":\"WebPage\",\"@id\":\"https:\/\/www.schwanundschwert.de\/?page_id=272\",\"url\":\"https:\/\/www.schwanundschwert.de\/?page_id=272\",\"name\":\"Reisefotografie - Schwan &amp; Schwert\",\"isPartOf\":{\"@id\":\"https:\/\/www.schwanundschwert.de\/#website\"},\"primaryImageOfPage\":{\"@id\":\"https:\/\/www.schwanundschwert.de\/?page_id=272#primaryimage\"},\"image\":{\"@id\":\"https:\/\/www.schwanundschwert.de\/?page_id=272#primaryimage\"},\"thumbnailUrl\":\"https:\/\/www.schwanundschwert.de\/wp-content\/uploads\/2019\/05\/IMG_7156-1024x562.jpg\",\"datePublished\":\"2019-05-06T15:35:20+00:00\",\"dateModified\":\"2019-07-10T15:15:31+00:00\",\"breadcrumb\":{\"@id\":\"https:\/\/www.schwanundschwert.de\/?page_id=272#breadcrumb\"},\"inLanguage\":\"de\",\"potentialAction\":[{\"@type\":\"ReadAction\",\"target\":[\"https:\/\/www.schwanundschwert.de\/?page_id=272\"]}]},{\"@type\":\"ImageObject\",\"inLanguage\":\"de\",\"@id\":\"https:\/\/www.schwanundschwert.de\/?page_id=272#primaryimage\",\"url\":\"https:\/\/www.schwanundschwert.de\/wp-content\/uploads\/2019\/05\/IMG_7156.jpg\",\"contentUrl\":\"https:\/\/www.schwanundschwert.de\/wp-content\/uploads\/2019\/05\/IMG_7156.jpg\",\"width\":1024,\"height\":562},{\"@type\":\"BreadcrumbList\",\"@id\":\"https:\/\/www.schwanundschwert.de\/?page_id=272#breadcrumb\",\"itemListElement\":[{\"@type\":\"ListItem\",\"position\":1,\"name\":\"Startseite\",\"item\":\"https:\/\/www.schwanundschwert.de\/\"},{\"@type\":\"ListItem\",\"position\":2,\"name\":\"\u00dcber mich\",\"item\":\"https:\/\/www.schwanundschwert.de\/?page_id=240\"},{\"@type\":\"ListItem\",\"position\":3,\"name\":\"Reisefotografie\"}]},{\"@type\":\"WebSite\",\"@id\":\"https:\/\/www.schwanundschwert.de\/#website\",\"url\":\"https:\/\/www.schwanundschwert.de\/\",\"name\":\"Schwan &amp; Schwert\",\"description\":\"Pers\u00f6nlicher Blog\",\"potentialAction\":[{\"@type\":\"SearchAction\",\"target\":{\"@type\":\"EntryPoint\",\"urlTemplate\":\"https:\/\/www.schwanundschwert.de\/?s={search_term_string}\"},\"query-input\":{\"@type\":\"PropertyValueSpecification\",\"valueRequired\":true,\"valueName\":\"search_term_string\"}}],\"inLanguage\":\"de\"}]}<\/script>\n<!-- \/ Yoast SEO plugin. -->","yoast_head_json":{"title":"Reisefotografie - Schwan &amp; Schwert","robots":{"index":"index","follow":"follow","max-snippet":"max-snippet:-1","max-image-preview":"max-image-preview:large","max-video-preview":"max-video-preview:-1"},"canonical":"https:\/\/www.schwanundschwert.de\/?page_id=272","og_locale":"de_DE","og_type":"article","og_title":"Reisefotografie - Schwan &amp; Schwert","og_description":"Nat\u00fcrlich geh\u00f6rt der Fotoapparat zu meinen Reisen dazu. Seit einiger Zeit schreibe ich die wichtigsten Dinge einer Reise in einenContinue readingReisefotografie","og_url":"https:\/\/www.schwanundschwert.de\/?page_id=272","og_site_name":"Schwan &amp; Schwert","article_modified_time":"2019-07-10T15:15:31+00:00","og_image":[{"url":"https:\/\/www.schwanundschwert.de\/wp-content\/uploads\/2019\/05\/IMG_7156-1024x562.jpg","type":"","width":"","height":""}],"twitter_card":"summary_large_image","twitter_misc":{"Gesch\u00e4tzte Lesezeit":"1\u00a0Minute"},"schema":{"@context":"https:\/\/schema.org","@graph":[{"@type":"WebPage","@id":"https:\/\/www.schwanundschwert.de\/?page_id=272","url":"https:\/\/www.schwanundschwert.de\/?page_id=272","name":"Reisefotografie - Schwan &amp; Schwert","isPartOf":{"@id":"https:\/\/www.schwanundschwert.de\/#website"},"primaryImageOfPage":{"@id":"https:\/\/www.schwanundschwert.de\/?page_id=272#primaryimage"},"image":{"@id":"https:\/\/www.schwanundschwert.de\/?page_id=272#primaryimage"},"thumbnailUrl":"https:\/\/www.schwanundschwert.de\/wp-content\/uploads\/2019\/05\/IMG_7156-1024x562.jpg","datePublished":"2019-05-06T15:35:20+00:00","dateModified":"2019-07-10T15:15:31+00:00","breadcrumb":{"@id":"https:\/\/www.schwanundschwert.de\/?page_id=272#breadcrumb"},"inLanguage":"de","potentialAction":[{"@type":"ReadAction","target":["https:\/\/www.schwanundschwert.de\/?page_id=272"]}]},{"@type":"ImageObject","inLanguage":"de","@id":"https:\/\/www.schwanundschwert.de\/?page_id=272#primaryimage","url":"https:\/\/www.schwanundschwert.de\/wp-content\/uploads\/2019\/05\/IMG_7156.jpg","contentUrl":"https:\/\/www.schwanundschwert.de\/wp-content\/uploads\/2019\/05\/IMG_7156.jpg","width":1024,"height":562},{"@type":"BreadcrumbList","@id":"https:\/\/www.schwanundschwert.de\/?page_id=272#breadcrumb","itemListElement":[{"@type":"ListItem","position":1,"name":"Startseite","item":"https:\/\/www.schwanundschwert.de\/"},{"@type":"ListItem","position":2,"name":"\u00dcber mich","item":"https:\/\/www.schwanundschwert.de\/?page_id=240"},{"@type":"ListItem","position":3,"name":"Reisefotografie"}]},{"@type":"WebSite","@id":"https:\/\/www.schwanundschwert.de\/#website","url":"https:\/\/www.schwanundschwert.de\/","name":"Schwan &amp; Schwert","description":"Pers\u00f6nlicher Blog","potentialAction":[{"@type":"SearchAction","target":{"@type":"EntryPoint","urlTemplate":"https:\/\/www.schwanundschwert.de\/?s={search_term_string}"},"query-input":{"@type":"PropertyValueSpecification","valueRequired":true,"valueName":"search_term_string"}}],"inLanguage":"de"}]}},"jetpack_sharing_enabled":true,"_links":{"self":[{"href":"https:\/\/www.schwanundschwert.de\/index.php?rest_route=\/wp\/v2\/pages\/272","targetHints":{"allow":["GET"]}}],"collection":[{"href":"https:\/\/www.schwanundschwert.de\/index.php?rest_route=\/wp\/v2\/pages"}],"about":[{"href":"https:\/\/www.schwanundschwert.de\/index.php?rest_route=\/wp\/v2\/types\/page"}],"author":[{"embeddable":true,"href":"https:\/\/www.schwanundschwert.de\/index.php?rest_route=\/wp\/v2\/users\/1"}],"replies":[{"embeddable":true,"href":"https:\/\/www.schwanundschwert.de\/index.php?rest_route=%2Fwp%2Fv2%2Fcomments&post=272"}],"version-history":[{"count":17,"href":"https:\/\/www.schwanundschwert.de\/index.php?rest_route=\/wp\/v2\/pages\/272\/revisions"}],"predecessor-version":[{"id":974,"href":"https:\/\/www.schwanundschwert.de\/index.php?rest_route=\/wp\/v2\/pages\/272\/revisions\/974"}],"up":[{"embeddable":true,"href":"https:\/\/www.schwanundschwert.de\/index.php?rest_route=\/wp\/v2\/pages\/240"}],"wp:attachment":[{"href":"https:\/\/www.schwanundschwert.de\/index.php?rest_route=%2Fwp%2Fv2%2Fmedia&parent=272"}],"curies":[{"name":"wp","href":"https:\/\/api.w.org\/{rel}","templated":true}]}}