{"id":270,"date":"2019-05-06T15:34:59","date_gmt":"2019-05-06T15:34:59","guid":{"rendered":"https:\/\/www.schwanundschwert.de\/?page_id=270"},"modified":"2019-12-30T14:53:11","modified_gmt":"2019-12-30T14:53:11","slug":"portrait","status":"publish","type":"page","link":"https:\/\/www.schwanundschwert.de\/?page_id=270","title":{"rendered":"Portraits"},"content":{"rendered":"\n<figure class=\"wp-block-image\"><img loading=\"lazy\" decoding=\"async\" width=\"1024\" height=\"737\" src=\"https:\/\/www.schwanundschwert.de\/wp-content\/uploads\/2019\/06\/IMG_3110-1024x737.jpg\" alt=\"\" class=\"wp-image-703\" srcset=\"https:\/\/www.schwanundschwert.de\/wp-content\/uploads\/2019\/06\/IMG_3110.jpg 1024w, https:\/\/www.schwanundschwert.de\/wp-content\/uploads\/2019\/06\/IMG_3110-300x216.jpg 300w, https:\/\/www.schwanundschwert.de\/wp-content\/uploads\/2019\/06\/IMG_3110-768x553.jpg 768w\" sizes=\"auto, (max-width: 1024px) 100vw, 1024px\" \/><figcaption>Widget<\/figcaption><\/figure>\n\n\n\n<p>Portraits sind sehr pers\u00f6nliche Fotoshootings. Hier muss die Sympathie zwischen Fotograf und Model unbedingt stimmen. Ansonsten werden die Fotos vielleicht &#8222;gut&#8220; in technischer Hinsicht, aber nicht &#8222;gut&#8220; in Aussagekraft und im Inhalt. Besonders bei Kindern ist es wichtig, dass sie einen m\u00f6gen &#8211; sonst lassen sie dich buchst\u00e4blich stehen oder m\u00fcssen auf&#8217;s Klo. Selbst der unge\u00fcbte Betrachter sieht auf den ersten Blick, dass das Foto &#8222;keine Seele&#8220; hat. Daher lege ich gro\u00dfen Wert darauf, dass man sich vor dem Fotoshootings erst einmal eine gewisse Zeit zusammensetzt und kennenlernt.&nbsp;<\/p>\n\n\n\n<p>Auch wenn ich meist mit Profi-Modellen arbeite, soll das nicht hei\u00dfen, dass ein Newcomer keine Chance hat. Wenn du also meinst, du haste eine aussergew\u00f6hnliche Ausstrahlung, eine besondere Begabung oder eine besondere Idee f\u00fcr ein Foto, dann melde dich bitte bei mir. Der von mir genutzte Vertrag findet sich unter &#8222;<a href=\"https:\/\/www.schwanundschwert.de\/?page_id=281\">Modelvertrag<\/a>&#8220; ebenfalls auf dieser WebSite.<\/p>\n\n\n\n<p>\u00dcbrigens: Unter der Seite &#8222;<a href=\"https:\/\/www.schwanundschwert.de\/?page_id=578\">Galerien<\/a>&#8220; findet man von Zeit zu Zeit auch ganze Galerien von einzelnen Shootings. Dort werden dann auch die entsprechenden Modelle vorgestellt.<\/p>\n\n\n\n<p>___<\/p>\n\n\n\n<p>Portraits are very personal photo shoots. The sympathy between photographer and model must be right. Otherwise, the photos may be &#8222;good&#8220; in technical terms, but not &#8222;good&#8220; in expressiveness and content. Especially with children it is important that they like you &#8211; otherwise they literally leave you standing or have to go to the toilet. Even the untrained observer can see at first glance that the photo has &#8222;no soul&#8220;. Therefore I attach great importance to it that one sits down before the Fotoshootings first of all a certain time together and gets to know. <\/p>\n\n\n\n<p>Even though I work almost with professional models, that doesn&#8217;t mean that a newcomer has no chance. So if you think you have an extraordinary charisma, a special talent or a special idea for a photo, please contact me. The contract I used can also be found under &#8222;<a href=\"https:\/\/www.schwanundschwert.de\/?page_id=281\">Model Contract<\/a>&#8220; on this website.<\/p>\n\n\n\n<p>By the way: Under the page &#8222;<a href=\"https:\/\/www.schwanundschwert.de\/?page_id=578\">Galerien<\/a>&#8220; you can find from time to time whole galleries of single shootings. There you will also find the corresponding models.<\/p>\n","protected":false},"excerpt":{"rendered":"<p>Portraits sind sehr pers\u00f6nliche Fotoshootings. Hier muss die Sympathie zwischen Fotograf und Model unbedingt stimmen. Ansonsten werden die Fotos vielleicht<\/p>\n<p><a href=\"https:\/\/www.schwanundschwert.de\/?page_id=270\" class=\"more-link\">Continue reading<span class=\"screen-reader-text\">Portraits<\/span><\/a><\/p>\n","protected":false},"author":1,"featured_media":0,"parent":240,"menu_order":0,"comment_status":"closed","ping_status":"closed","template":"","meta":{"ngg_post_thumbnail":0,"footnotes":""},"class_list":["post-270","page","type-page","status-publish","hentry"],"yoast_head":"<!-- This site is optimized with the Yoast SEO plugin v24.8.1 - https:\/\/yoast.com\/wordpress\/plugins\/seo\/ -->\n<title>Portraits - Schwan &amp; Schwert<\/title>\n<meta name=\"robots\" content=\"index, follow, max-snippet:-1, max-image-preview:large, max-video-preview:-1\" \/>\n<link rel=\"canonical\" href=\"https:\/\/www.schwanundschwert.de\/?page_id=270\" \/>\n<meta property=\"og:locale\" content=\"de_DE\" \/>\n<meta property=\"og:type\" content=\"article\" \/>\n<meta property=\"og:title\" content=\"Portraits - Schwan &amp; Schwert\" \/>\n<meta property=\"og:description\" content=\"Portraits sind sehr pers\u00f6nliche Fotoshootings. Hier muss die Sympathie zwischen Fotograf und Model unbedingt stimmen. Ansonsten werden die Fotos vielleichtContinue readingPortraits\" \/>\n<meta property=\"og:url\" content=\"https:\/\/www.schwanundschwert.de\/?page_id=270\" \/>\n<meta property=\"og:site_name\" content=\"Schwan &amp; Schwert\" \/>\n<meta property=\"article:modified_time\" content=\"2019-12-30T14:53:11+00:00\" \/>\n<meta property=\"og:image\" content=\"https:\/\/www.schwanundschwert.de\/wp-content\/uploads\/2019\/06\/IMG_3110-1024x737.jpg\" \/>\n<meta name=\"twitter:card\" content=\"summary_large_image\" \/>\n<meta name=\"twitter:label1\" content=\"Gesch\u00e4tzte Lesezeit\" \/>\n\t<meta name=\"twitter:data1\" content=\"2\u00a0Minuten\" \/>\n<script type=\"application\/ld+json\" class=\"yoast-schema-graph\">{\"@context\":\"https:\/\/schema.org\",\"@graph\":[{\"@type\":\"WebPage\",\"@id\":\"https:\/\/www.schwanundschwert.de\/?page_id=270\",\"url\":\"https:\/\/www.schwanundschwert.de\/?page_id=270\",\"name\":\"Portraits - Schwan &amp; Schwert\",\"isPartOf\":{\"@id\":\"https:\/\/www.schwanundschwert.de\/#website\"},\"primaryImageOfPage\":{\"@id\":\"https:\/\/www.schwanundschwert.de\/?page_id=270#primaryimage\"},\"image\":{\"@id\":\"https:\/\/www.schwanundschwert.de\/?page_id=270#primaryimage\"},\"thumbnailUrl\":\"https:\/\/www.schwanundschwert.de\/wp-content\/uploads\/2019\/06\/IMG_3110-1024x737.jpg\",\"datePublished\":\"2019-05-06T15:34:59+00:00\",\"dateModified\":\"2019-12-30T14:53:11+00:00\",\"breadcrumb\":{\"@id\":\"https:\/\/www.schwanundschwert.de\/?page_id=270#breadcrumb\"},\"inLanguage\":\"de\",\"potentialAction\":[{\"@type\":\"ReadAction\",\"target\":[\"https:\/\/www.schwanundschwert.de\/?page_id=270\"]}]},{\"@type\":\"ImageObject\",\"inLanguage\":\"de\",\"@id\":\"https:\/\/www.schwanundschwert.de\/?page_id=270#primaryimage\",\"url\":\"https:\/\/www.schwanundschwert.de\/wp-content\/uploads\/2019\/06\/IMG_3110.jpg\",\"contentUrl\":\"https:\/\/www.schwanundschwert.de\/wp-content\/uploads\/2019\/06\/IMG_3110.jpg\",\"width\":1024,\"height\":737},{\"@type\":\"BreadcrumbList\",\"@id\":\"https:\/\/www.schwanundschwert.de\/?page_id=270#breadcrumb\",\"itemListElement\":[{\"@type\":\"ListItem\",\"position\":1,\"name\":\"Startseite\",\"item\":\"https:\/\/www.schwanundschwert.de\/\"},{\"@type\":\"ListItem\",\"position\":2,\"name\":\"\u00dcber mich\",\"item\":\"https:\/\/www.schwanundschwert.de\/?page_id=240\"},{\"@type\":\"ListItem\",\"position\":3,\"name\":\"Portraits\"}]},{\"@type\":\"WebSite\",\"@id\":\"https:\/\/www.schwanundschwert.de\/#website\",\"url\":\"https:\/\/www.schwanundschwert.de\/\",\"name\":\"Schwan &amp; Schwert\",\"description\":\"Pers\u00f6nlicher Blog\",\"potentialAction\":[{\"@type\":\"SearchAction\",\"target\":{\"@type\":\"EntryPoint\",\"urlTemplate\":\"https:\/\/www.schwanundschwert.de\/?s={search_term_string}\"},\"query-input\":{\"@type\":\"PropertyValueSpecification\",\"valueRequired\":true,\"valueName\":\"search_term_string\"}}],\"inLanguage\":\"de\"}]}<\/script>\n<!-- \/ Yoast SEO plugin. -->","yoast_head_json":{"title":"Portraits - Schwan &amp; Schwert","robots":{"index":"index","follow":"follow","max-snippet":"max-snippet:-1","max-image-preview":"max-image-preview:large","max-video-preview":"max-video-preview:-1"},"canonical":"https:\/\/www.schwanundschwert.de\/?page_id=270","og_locale":"de_DE","og_type":"article","og_title":"Portraits - Schwan &amp; Schwert","og_description":"Portraits sind sehr pers\u00f6nliche Fotoshootings. Hier muss die Sympathie zwischen Fotograf und Model unbedingt stimmen. Ansonsten werden die Fotos vielleichtContinue readingPortraits","og_url":"https:\/\/www.schwanundschwert.de\/?page_id=270","og_site_name":"Schwan &amp; Schwert","article_modified_time":"2019-12-30T14:53:11+00:00","og_image":[{"url":"https:\/\/www.schwanundschwert.de\/wp-content\/uploads\/2019\/06\/IMG_3110-1024x737.jpg","type":"","width":"","height":""}],"twitter_card":"summary_large_image","twitter_misc":{"Gesch\u00e4tzte Lesezeit":"2\u00a0Minuten"},"schema":{"@context":"https:\/\/schema.org","@graph":[{"@type":"WebPage","@id":"https:\/\/www.schwanundschwert.de\/?page_id=270","url":"https:\/\/www.schwanundschwert.de\/?page_id=270","name":"Portraits - Schwan &amp; Schwert","isPartOf":{"@id":"https:\/\/www.schwanundschwert.de\/#website"},"primaryImageOfPage":{"@id":"https:\/\/www.schwanundschwert.de\/?page_id=270#primaryimage"},"image":{"@id":"https:\/\/www.schwanundschwert.de\/?page_id=270#primaryimage"},"thumbnailUrl":"https:\/\/www.schwanundschwert.de\/wp-content\/uploads\/2019\/06\/IMG_3110-1024x737.jpg","datePublished":"2019-05-06T15:34:59+00:00","dateModified":"2019-12-30T14:53:11+00:00","breadcrumb":{"@id":"https:\/\/www.schwanundschwert.de\/?page_id=270#breadcrumb"},"inLanguage":"de","potentialAction":[{"@type":"ReadAction","target":["https:\/\/www.schwanundschwert.de\/?page_id=270"]}]},{"@type":"ImageObject","inLanguage":"de","@id":"https:\/\/www.schwanundschwert.de\/?page_id=270#primaryimage","url":"https:\/\/www.schwanundschwert.de\/wp-content\/uploads\/2019\/06\/IMG_3110.jpg","contentUrl":"https:\/\/www.schwanundschwert.de\/wp-content\/uploads\/2019\/06\/IMG_3110.jpg","width":1024,"height":737},{"@type":"BreadcrumbList","@id":"https:\/\/www.schwanundschwert.de\/?page_id=270#breadcrumb","itemListElement":[{"@type":"ListItem","position":1,"name":"Startseite","item":"https:\/\/www.schwanundschwert.de\/"},{"@type":"ListItem","position":2,"name":"\u00dcber mich","item":"https:\/\/www.schwanundschwert.de\/?page_id=240"},{"@type":"ListItem","position":3,"name":"Portraits"}]},{"@type":"WebSite","@id":"https:\/\/www.schwanundschwert.de\/#website","url":"https:\/\/www.schwanundschwert.de\/","name":"Schwan &amp; Schwert","description":"Pers\u00f6nlicher Blog","potentialAction":[{"@type":"SearchAction","target":{"@type":"EntryPoint","urlTemplate":"https:\/\/www.schwanundschwert.de\/?s={search_term_string}"},"query-input":{"@type":"PropertyValueSpecification","valueRequired":true,"valueName":"search_term_string"}}],"inLanguage":"de"}]}},"jetpack_sharing_enabled":true,"_links":{"self":[{"href":"https:\/\/www.schwanundschwert.de\/index.php?rest_route=\/wp\/v2\/pages\/270","targetHints":{"allow":["GET"]}}],"collection":[{"href":"https:\/\/www.schwanundschwert.de\/index.php?rest_route=\/wp\/v2\/pages"}],"about":[{"href":"https:\/\/www.schwanundschwert.de\/index.php?rest_route=\/wp\/v2\/types\/page"}],"author":[{"embeddable":true,"href":"https:\/\/www.schwanundschwert.de\/index.php?rest_route=\/wp\/v2\/users\/1"}],"replies":[{"embeddable":true,"href":"https:\/\/www.schwanundschwert.de\/index.php?rest_route=%2Fwp%2Fv2%2Fcomments&post=270"}],"version-history":[{"count":19,"href":"https:\/\/www.schwanundschwert.de\/index.php?rest_route=\/wp\/v2\/pages\/270\/revisions"}],"predecessor-version":[{"id":1321,"href":"https:\/\/www.schwanundschwert.de\/index.php?rest_route=\/wp\/v2\/pages\/270\/revisions\/1321"}],"up":[{"embeddable":true,"href":"https:\/\/www.schwanundschwert.de\/index.php?rest_route=\/wp\/v2\/pages\/240"}],"wp:attachment":[{"href":"https:\/\/www.schwanundschwert.de\/index.php?rest_route=%2Fwp%2Fv2%2Fmedia&parent=270"}],"curies":[{"name":"wp","href":"https:\/\/api.w.org\/{rel}","templated":true}]}}