{"id":244,"date":"2019-05-05T21:49:44","date_gmt":"2019-05-05T21:49:44","guid":{"rendered":"https:\/\/www.schwanundschwert.de\/?page_id=244"},"modified":"2019-09-25T18:15:12","modified_gmt":"2019-09-25T18:15:12","slug":"shop","status":"publish","type":"page","link":"https:\/\/www.schwanundschwert.de\/?page_id=244","title":{"rendered":"Fotos erwerben"},"content":{"rendered":"<p>Wenn Sie Fotos von mir erwerben m\u00f6chten, so k\u00f6nnen sie diese ausschlie\u00dflich in digitaler Form erhalten. Da die Aufnahmen einen individuellen k\u00fcnstlerischen Wert haben, k\u00f6nnen auf dieser Seite nat\u00fcrlich keine Preise genannt werden. Nehmen Sie bitte mir mir Kontakt auf.<\/p>\n<p>Bitte melden sie sich per E-Mail mit der entsprechenden Bezeichnung des Bildes unter <a href=\"mailto:info@schwanunschwert.de\">info@schwanunschwert.de<\/a>.<\/p>\n","protected":false},"excerpt":{"rendered":"<p>Wenn Sie Fotos von mir erwerben m\u00f6chten, so k\u00f6nnen sie diese ausschlie\u00dflich in digitaler Form erhalten. Da die Aufnahmen einen<\/p>\n<p><a href=\"https:\/\/www.schwanundschwert.de\/?page_id=244\" class=\"more-link\">Continue reading<span class=\"screen-reader-text\">Fotos erwerben<\/span><\/a><\/p>\n","protected":false},"author":1,"featured_media":0,"parent":0,"menu_order":0,"comment_status":"closed","ping_status":"closed","template":"","meta":{"ngg_post_thumbnail":0,"footnotes":""},"class_list":["post-244","page","type-page","status-publish","hentry"],"yoast_head":"<!-- This site is optimized with the Yoast SEO plugin v24.8.1 - https:\/\/yoast.com\/wordpress\/plugins\/seo\/ -->\n<title>Fotos erwerben - Schwan &amp; Schwert<\/title>\n<meta name=\"robots\" content=\"index, follow, max-snippet:-1, max-image-preview:large, max-video-preview:-1\" \/>\n<link rel=\"canonical\" href=\"https:\/\/www.schwanundschwert.de\/?page_id=244\" \/>\n<meta property=\"og:locale\" content=\"de_DE\" \/>\n<meta property=\"og:type\" content=\"article\" \/>\n<meta property=\"og:title\" content=\"Fotos erwerben - Schwan &amp; Schwert\" \/>\n<meta property=\"og:description\" content=\"Wenn Sie Fotos von mir erwerben m\u00f6chten, so k\u00f6nnen sie diese ausschlie\u00dflich in digitaler Form erhalten. Da die Aufnahmen einenContinue readingFotos erwerben\" \/>\n<meta property=\"og:url\" content=\"https:\/\/www.schwanundschwert.de\/?page_id=244\" \/>\n<meta property=\"og:site_name\" content=\"Schwan &amp; Schwert\" \/>\n<meta property=\"article:modified_time\" content=\"2019-09-25T18:15:12+00:00\" \/>\n<meta name=\"twitter:card\" content=\"summary_large_image\" \/>\n<script type=\"application\/ld+json\" class=\"yoast-schema-graph\">{\"@context\":\"https:\/\/schema.org\",\"@graph\":[{\"@type\":\"WebPage\",\"@id\":\"https:\/\/www.schwanundschwert.de\/?page_id=244\",\"url\":\"https:\/\/www.schwanundschwert.de\/?page_id=244\",\"name\":\"Fotos erwerben - Schwan &amp; Schwert\",\"isPartOf\":{\"@id\":\"https:\/\/www.schwanundschwert.de\/#website\"},\"datePublished\":\"2019-05-05T21:49:44+00:00\",\"dateModified\":\"2019-09-25T18:15:12+00:00\",\"breadcrumb\":{\"@id\":\"https:\/\/www.schwanundschwert.de\/?page_id=244#breadcrumb\"},\"inLanguage\":\"de\",\"potentialAction\":[{\"@type\":\"ReadAction\",\"target\":[\"https:\/\/www.schwanundschwert.de\/?page_id=244\"]}]},{\"@type\":\"BreadcrumbList\",\"@id\":\"https:\/\/www.schwanundschwert.de\/?page_id=244#breadcrumb\",\"itemListElement\":[{\"@type\":\"ListItem\",\"position\":1,\"name\":\"Startseite\",\"item\":\"https:\/\/www.schwanundschwert.de\/\"},{\"@type\":\"ListItem\",\"position\":2,\"name\":\"Fotos erwerben\"}]},{\"@type\":\"WebSite\",\"@id\":\"https:\/\/www.schwanundschwert.de\/#website\",\"url\":\"https:\/\/www.schwanundschwert.de\/\",\"name\":\"Schwan &amp; Schwert\",\"description\":\"Pers\u00f6nlicher Blog\",\"potentialAction\":[{\"@type\":\"SearchAction\",\"target\":{\"@type\":\"EntryPoint\",\"urlTemplate\":\"https:\/\/www.schwanundschwert.de\/?s={search_term_string}\"},\"query-input\":{\"@type\":\"PropertyValueSpecification\",\"valueRequired\":true,\"valueName\":\"search_term_string\"}}],\"inLanguage\":\"de\"}]}<\/script>\n<!-- \/ Yoast SEO plugin. -->","yoast_head_json":{"title":"Fotos erwerben - Schwan &amp; Schwert","robots":{"index":"index","follow":"follow","max-snippet":"max-snippet:-1","max-image-preview":"max-image-preview:large","max-video-preview":"max-video-preview:-1"},"canonical":"https:\/\/www.schwanundschwert.de\/?page_id=244","og_locale":"de_DE","og_type":"article","og_title":"Fotos erwerben - Schwan &amp; Schwert","og_description":"Wenn Sie Fotos von mir erwerben m\u00f6chten, so k\u00f6nnen sie diese ausschlie\u00dflich in digitaler Form erhalten. Da die Aufnahmen einenContinue readingFotos erwerben","og_url":"https:\/\/www.schwanundschwert.de\/?page_id=244","og_site_name":"Schwan &amp; Schwert","article_modified_time":"2019-09-25T18:15:12+00:00","twitter_card":"summary_large_image","schema":{"@context":"https:\/\/schema.org","@graph":[{"@type":"WebPage","@id":"https:\/\/www.schwanundschwert.de\/?page_id=244","url":"https:\/\/www.schwanundschwert.de\/?page_id=244","name":"Fotos erwerben - Schwan &amp; Schwert","isPartOf":{"@id":"https:\/\/www.schwanundschwert.de\/#website"},"datePublished":"2019-05-05T21:49:44+00:00","dateModified":"2019-09-25T18:15:12+00:00","breadcrumb":{"@id":"https:\/\/www.schwanundschwert.de\/?page_id=244#breadcrumb"},"inLanguage":"de","potentialAction":[{"@type":"ReadAction","target":["https:\/\/www.schwanundschwert.de\/?page_id=244"]}]},{"@type":"BreadcrumbList","@id":"https:\/\/www.schwanundschwert.de\/?page_id=244#breadcrumb","itemListElement":[{"@type":"ListItem","position":1,"name":"Startseite","item":"https:\/\/www.schwanundschwert.de\/"},{"@type":"ListItem","position":2,"name":"Fotos erwerben"}]},{"@type":"WebSite","@id":"https:\/\/www.schwanundschwert.de\/#website","url":"https:\/\/www.schwanundschwert.de\/","name":"Schwan &amp; Schwert","description":"Pers\u00f6nlicher Blog","potentialAction":[{"@type":"SearchAction","target":{"@type":"EntryPoint","urlTemplate":"https:\/\/www.schwanundschwert.de\/?s={search_term_string}"},"query-input":{"@type":"PropertyValueSpecification","valueRequired":true,"valueName":"search_term_string"}}],"inLanguage":"de"}]}},"jetpack_sharing_enabled":true,"_links":{"self":[{"href":"https:\/\/www.schwanundschwert.de\/index.php?rest_route=\/wp\/v2\/pages\/244","targetHints":{"allow":["GET"]}}],"collection":[{"href":"https:\/\/www.schwanundschwert.de\/index.php?rest_route=\/wp\/v2\/pages"}],"about":[{"href":"https:\/\/www.schwanundschwert.de\/index.php?rest_route=\/wp\/v2\/types\/page"}],"author":[{"embeddable":true,"href":"https:\/\/www.schwanundschwert.de\/index.php?rest_route=\/wp\/v2\/users\/1"}],"replies":[{"embeddable":true,"href":"https:\/\/www.schwanundschwert.de\/index.php?rest_route=%2Fwp%2Fv2%2Fcomments&post=244"}],"version-history":[{"count":12,"href":"https:\/\/www.schwanundschwert.de\/index.php?rest_route=\/wp\/v2\/pages\/244\/revisions"}],"predecessor-version":[{"id":1199,"href":"https:\/\/www.schwanundschwert.de\/index.php?rest_route=\/wp\/v2\/pages\/244\/revisions\/1199"}],"wp:attachment":[{"href":"https:\/\/www.schwanundschwert.de\/index.php?rest_route=%2Fwp%2Fv2%2Fmedia&parent=244"}],"curies":[{"name":"wp","href":"https:\/\/api.w.org\/{rel}","templated":true}]}}