{"id":240,"date":"2019-05-05T21:45:22","date_gmt":"2019-05-05T21:45:22","guid":{"rendered":"https:\/\/www.schwanundschwert.de\/?page_id=240"},"modified":"2019-06-22T06:22:38","modified_gmt":"2019-06-22T06:22:38","slug":"ueber-mich","status":"publish","type":"page","link":"https:\/\/www.schwanundschwert.de\/?page_id=240","title":{"rendered":"\u00dcber mich"},"content":{"rendered":"<figure id=\"attachment_589\" aria-describedby=\"caption-attachment-589\" style=\"width: 1024px\" class=\"wp-caption aligncenter\"><img loading=\"lazy\" decoding=\"async\" class=\"wp-image-589 size-full\" src=\"https:\/\/www.schwanundschwert.de\/wp-content\/uploads\/2019\/05\/IMG_4407.jpg\" alt=\"\" width=\"1024\" height=\"683\" srcset=\"https:\/\/www.schwanundschwert.de\/wp-content\/uploads\/2019\/05\/IMG_4407.jpg 1024w, https:\/\/www.schwanundschwert.de\/wp-content\/uploads\/2019\/05\/IMG_4407-300x200.jpg 300w, https:\/\/www.schwanundschwert.de\/wp-content\/uploads\/2019\/05\/IMG_4407-768x512.jpg 768w\" sizes=\"auto, (max-width: 1024px) 100vw, 1024px\" \/><figcaption id=\"caption-attachment-589\" class=\"wp-caption-text\">W\u00e4hrend des Fotoshootings<\/figcaption><\/figure>\n<p>Sch\u00f6n, dass ich mich vorstellen darf. Geboren bin ich irgendwann im letzten Jahrhundert in der wundersch\u00f6nen Stadt Halle (Westf.) direkt am Teutoburger Wald. Fotografie ist nur mein Hobby, aber &#8230;<\/p>\n<p>&#8230; schon seit meinem siebten Lebensjahr fotografiere ich mit wachsender Begeisterung. \u00dcber unseren lokalen Fotoclub konnte ich die verschiedensten Stile und technischen M\u00f6glichkeiten ausprobieren. In all den Jahren sah ich in der Fotografie auch immer eine Kunstform. Dar\u00fcber wollte ich mich ausdr\u00fccken. So spiegeln mein Bilder auch immer die verschiedenen Lebensumst\u00e4nde wider, in denen man sich im Laufe seines Lebens wiederfindet. Fotos sind eben oder manchmal auch leider der Spiegel der Seele.<\/p>\n<p>Fotografie ist aber auch ein Geben und Nehmen. In der Zusammenarbeit mit dem Model oder Auftraggeber entstehen neue kreative Ideen, die mich immer wieder aufs neue faszinieren. Die unendlichen M\u00f6glichkeiten der Kreativit\u00e4t sind ein Teil dieser Faszination Fotografie.<\/p>\n<p>Meine Schwerpunkte liegen eindeutig in der Reise- und Portraitfotografie. Eine alte Kamera, keine weiteren technischen Hilfsmittel, nat\u00fcrliches Licht und maximal eine weitere Person als Helfer, so arbeite ich am Liebsten. Der Grund liegt einfach darin, dass ich meine Emotionen, die Freude und die Beziehung zum Model nicht durch irgendwelche Technik \u00fcberlagern m\u00f6chte. Ich will die Situation f\u00fchlen und dieses Gef\u00fchl muss auf das Foto. Daraus ergibt sich mein Stil.&nbsp;Fotografiere ich Menschen, m\u00f6chte ich mich auf die Person einstellen, den Charakter auf das Foto bannen. So nehme ich mir f\u00fcr eine Fotoshooting grunds\u00e4tzlich ausreichend Zeit. Manche Fotos erz\u00e4hlen eine Geschichte, andere dokumentieren. Wieder andere beschreiben oder preisen an. Egal welche Art von Fototermin gebucht wird, es soll Spa\u00df machen &#8211; f\u00fcr alle Beteiligten.<\/p>\n<p>_____<\/p>\n\n\n<p>I&#8217;m glad to introduce myself. I was born sometime in the last century in the beautiful city Halle (Westphalia) directly at the Teutoburger forest. Photography is only my hobby, but \u2026<\/p>\n\n\n\n<p>\u2026 since I was seven years old I have been photographing with growing enthusiasm. Through our local photo club I could try out different styles and technical possibilities. In all these years I have always seen photography as an art form. That&#8217;s what I wanted to express myself about. So my pictures also always reflect the different life circumstances in which one finds oneself in the course of one&#8217;s life. Photos are just or sometimes unfortunately the mirror of the soul.<\/p>\n\n\n\n<p>But photography is also a give and take. In the cooperation with the model or client new creative ideas arise, which fascinate me again and again. The infinite possibilities of creativity are a part of this fascination photography.<\/p>\n\n\n\n<p>My focus is clearly on travel and portrait photography. An old camera, no further technical aids, natural light and at most another person as helper, that&#8217;s how I like to work. The reason is simply that I don&#8217;t want to overlay my emotions, the joy and the relationship to the model with any technique. I want to feel the situation and this feeling has to be on the photo. That&#8217;s my style.&nbsp;When I photograph people, I want to adjust to the person, to capture the character in the photo. So I always take enough time for a photo shoot. Some photos tell a story, others document it. Still others describe or praise. No matter what kind of photo session is booked, it should be fun &#8211; for all participants.<\/p>\n","protected":false},"excerpt":{"rendered":"<p>Sch\u00f6n, dass ich mich vorstellen darf. Geboren bin ich irgendwann im letzten Jahrhundert in der wundersch\u00f6nen Stadt Halle (Westf.) direkt<\/p>\n<p><a href=\"https:\/\/www.schwanundschwert.de\/?page_id=240\" class=\"more-link\">Continue reading<span class=\"screen-reader-text\">\u00dcber mich<\/span><\/a><\/p>\n","protected":false},"author":1,"featured_media":0,"parent":0,"menu_order":0,"comment_status":"closed","ping_status":"closed","template":"","meta":{"ngg_post_thumbnail":0,"footnotes":""},"class_list":["post-240","page","type-page","status-publish","hentry"],"yoast_head":"<!-- This site is optimized with the Yoast SEO plugin v24.8.1 - https:\/\/yoast.com\/wordpress\/plugins\/seo\/ -->\n<title>\u00dcber mich - Schwan &amp; Schwert<\/title>\n<meta name=\"robots\" content=\"index, follow, max-snippet:-1, max-image-preview:large, max-video-preview:-1\" \/>\n<link rel=\"canonical\" href=\"https:\/\/www.schwanundschwert.de\/?page_id=240\" \/>\n<meta property=\"og:locale\" content=\"de_DE\" \/>\n<meta property=\"og:type\" content=\"article\" \/>\n<meta property=\"og:title\" content=\"\u00dcber mich - Schwan &amp; Schwert\" \/>\n<meta property=\"og:description\" content=\"Sch\u00f6n, dass ich mich vorstellen darf. Geboren bin ich irgendwann im letzten Jahrhundert in der wundersch\u00f6nen Stadt Halle (Westf.) direktContinue reading\u00dcber mich\" \/>\n<meta property=\"og:url\" content=\"https:\/\/www.schwanundschwert.de\/?page_id=240\" \/>\n<meta property=\"og:site_name\" content=\"Schwan &amp; Schwert\" \/>\n<meta property=\"article:modified_time\" content=\"2019-06-22T06:22:38+00:00\" \/>\n<meta property=\"og:image\" content=\"https:\/\/www.schwanundschwert.de\/wp-content\/uploads\/2019\/05\/IMG_4407.jpg\" \/>\n<meta name=\"twitter:card\" content=\"summary_large_image\" \/>\n<meta name=\"twitter:label1\" content=\"Gesch\u00e4tzte Lesezeit\" \/>\n\t<meta name=\"twitter:data1\" content=\"3\u00a0Minuten\" \/>\n<script type=\"application\/ld+json\" class=\"yoast-schema-graph\">{\"@context\":\"https:\/\/schema.org\",\"@graph\":[{\"@type\":\"WebPage\",\"@id\":\"https:\/\/www.schwanundschwert.de\/?page_id=240\",\"url\":\"https:\/\/www.schwanundschwert.de\/?page_id=240\",\"name\":\"\u00dcber mich - Schwan &amp; Schwert\",\"isPartOf\":{\"@id\":\"https:\/\/www.schwanundschwert.de\/#website\"},\"primaryImageOfPage\":{\"@id\":\"https:\/\/www.schwanundschwert.de\/?page_id=240#primaryimage\"},\"image\":{\"@id\":\"https:\/\/www.schwanundschwert.de\/?page_id=240#primaryimage\"},\"thumbnailUrl\":\"https:\/\/www.schwanundschwert.de\/wp-content\/uploads\/2019\/05\/IMG_4407.jpg\",\"datePublished\":\"2019-05-05T21:45:22+00:00\",\"dateModified\":\"2019-06-22T06:22:38+00:00\",\"breadcrumb\":{\"@id\":\"https:\/\/www.schwanundschwert.de\/?page_id=240#breadcrumb\"},\"inLanguage\":\"de\",\"potentialAction\":[{\"@type\":\"ReadAction\",\"target\":[\"https:\/\/www.schwanundschwert.de\/?page_id=240\"]}]},{\"@type\":\"ImageObject\",\"inLanguage\":\"de\",\"@id\":\"https:\/\/www.schwanundschwert.de\/?page_id=240#primaryimage\",\"url\":\"https:\/\/www.schwanundschwert.de\/wp-content\/uploads\/2019\/05\/IMG_4407.jpg\",\"contentUrl\":\"https:\/\/www.schwanundschwert.de\/wp-content\/uploads\/2019\/05\/IMG_4407.jpg\",\"width\":1024,\"height\":683,\"caption\":\"W\u00e4hrend des Fotoshootings\"},{\"@type\":\"BreadcrumbList\",\"@id\":\"https:\/\/www.schwanundschwert.de\/?page_id=240#breadcrumb\",\"itemListElement\":[{\"@type\":\"ListItem\",\"position\":1,\"name\":\"Startseite\",\"item\":\"https:\/\/www.schwanundschwert.de\/\"},{\"@type\":\"ListItem\",\"position\":2,\"name\":\"\u00dcber mich\"}]},{\"@type\":\"WebSite\",\"@id\":\"https:\/\/www.schwanundschwert.de\/#website\",\"url\":\"https:\/\/www.schwanundschwert.de\/\",\"name\":\"Schwan &amp; Schwert\",\"description\":\"Pers\u00f6nlicher Blog\",\"potentialAction\":[{\"@type\":\"SearchAction\",\"target\":{\"@type\":\"EntryPoint\",\"urlTemplate\":\"https:\/\/www.schwanundschwert.de\/?s={search_term_string}\"},\"query-input\":{\"@type\":\"PropertyValueSpecification\",\"valueRequired\":true,\"valueName\":\"search_term_string\"}}],\"inLanguage\":\"de\"}]}<\/script>\n<!-- \/ Yoast SEO plugin. -->","yoast_head_json":{"title":"\u00dcber mich - Schwan &amp; Schwert","robots":{"index":"index","follow":"follow","max-snippet":"max-snippet:-1","max-image-preview":"max-image-preview:large","max-video-preview":"max-video-preview:-1"},"canonical":"https:\/\/www.schwanundschwert.de\/?page_id=240","og_locale":"de_DE","og_type":"article","og_title":"\u00dcber mich - Schwan &amp; Schwert","og_description":"Sch\u00f6n, dass ich mich vorstellen darf. Geboren bin ich irgendwann im letzten Jahrhundert in der wundersch\u00f6nen Stadt Halle (Westf.) direktContinue reading\u00dcber mich","og_url":"https:\/\/www.schwanundschwert.de\/?page_id=240","og_site_name":"Schwan &amp; Schwert","article_modified_time":"2019-06-22T06:22:38+00:00","og_image":[{"url":"https:\/\/www.schwanundschwert.de\/wp-content\/uploads\/2019\/05\/IMG_4407.jpg","type":"","width":"","height":""}],"twitter_card":"summary_large_image","twitter_misc":{"Gesch\u00e4tzte Lesezeit":"3\u00a0Minuten"},"schema":{"@context":"https:\/\/schema.org","@graph":[{"@type":"WebPage","@id":"https:\/\/www.schwanundschwert.de\/?page_id=240","url":"https:\/\/www.schwanundschwert.de\/?page_id=240","name":"\u00dcber mich - Schwan &amp; Schwert","isPartOf":{"@id":"https:\/\/www.schwanundschwert.de\/#website"},"primaryImageOfPage":{"@id":"https:\/\/www.schwanundschwert.de\/?page_id=240#primaryimage"},"image":{"@id":"https:\/\/www.schwanundschwert.de\/?page_id=240#primaryimage"},"thumbnailUrl":"https:\/\/www.schwanundschwert.de\/wp-content\/uploads\/2019\/05\/IMG_4407.jpg","datePublished":"2019-05-05T21:45:22+00:00","dateModified":"2019-06-22T06:22:38+00:00","breadcrumb":{"@id":"https:\/\/www.schwanundschwert.de\/?page_id=240#breadcrumb"},"inLanguage":"de","potentialAction":[{"@type":"ReadAction","target":["https:\/\/www.schwanundschwert.de\/?page_id=240"]}]},{"@type":"ImageObject","inLanguage":"de","@id":"https:\/\/www.schwanundschwert.de\/?page_id=240#primaryimage","url":"https:\/\/www.schwanundschwert.de\/wp-content\/uploads\/2019\/05\/IMG_4407.jpg","contentUrl":"https:\/\/www.schwanundschwert.de\/wp-content\/uploads\/2019\/05\/IMG_4407.jpg","width":1024,"height":683,"caption":"W\u00e4hrend des Fotoshootings"},{"@type":"BreadcrumbList","@id":"https:\/\/www.schwanundschwert.de\/?page_id=240#breadcrumb","itemListElement":[{"@type":"ListItem","position":1,"name":"Startseite","item":"https:\/\/www.schwanundschwert.de\/"},{"@type":"ListItem","position":2,"name":"\u00dcber mich"}]},{"@type":"WebSite","@id":"https:\/\/www.schwanundschwert.de\/#website","url":"https:\/\/www.schwanundschwert.de\/","name":"Schwan &amp; Schwert","description":"Pers\u00f6nlicher Blog","potentialAction":[{"@type":"SearchAction","target":{"@type":"EntryPoint","urlTemplate":"https:\/\/www.schwanundschwert.de\/?s={search_term_string}"},"query-input":{"@type":"PropertyValueSpecification","valueRequired":true,"valueName":"search_term_string"}}],"inLanguage":"de"}]}},"jetpack_sharing_enabled":true,"_links":{"self":[{"href":"https:\/\/www.schwanundschwert.de\/index.php?rest_route=\/wp\/v2\/pages\/240","targetHints":{"allow":["GET"]}}],"collection":[{"href":"https:\/\/www.schwanundschwert.de\/index.php?rest_route=\/wp\/v2\/pages"}],"about":[{"href":"https:\/\/www.schwanundschwert.de\/index.php?rest_route=\/wp\/v2\/types\/page"}],"author":[{"embeddable":true,"href":"https:\/\/www.schwanundschwert.de\/index.php?rest_route=\/wp\/v2\/users\/1"}],"replies":[{"embeddable":true,"href":"https:\/\/www.schwanundschwert.de\/index.php?rest_route=%2Fwp%2Fv2%2Fcomments&post=240"}],"version-history":[{"count":20,"href":"https:\/\/www.schwanundschwert.de\/index.php?rest_route=\/wp\/v2\/pages\/240\/revisions"}],"predecessor-version":[{"id":911,"href":"https:\/\/www.schwanundschwert.de\/index.php?rest_route=\/wp\/v2\/pages\/240\/revisions\/911"}],"wp:attachment":[{"href":"https:\/\/www.schwanundschwert.de\/index.php?rest_route=%2Fwp%2Fv2%2Fmedia&parent=240"}],"curies":[{"name":"wp","href":"https:\/\/api.w.org\/{rel}","templated":true}]}}