{"id":1669,"date":"2020-05-22T16:05:41","date_gmt":"2020-05-22T16:05:41","guid":{"rendered":"https:\/\/www.schwanundschwert.de\/?page_id=1669"},"modified":"2020-05-23T10:48:14","modified_gmt":"2020-05-23T10:48:14","slug":"deine-eigene-homepage","status":"publish","type":"page","link":"https:\/\/www.schwanundschwert.de\/?page_id=1669","title":{"rendered":"Deine eigene Homepage"},"content":{"rendered":"\n<p>Auf Wunsch erstellen wir Deine eigene Homepage auf unserem Server. <\/p>\n\n\n\n<p><strong>Brauche ich als Model \u00fcberhaupt eine eigene Homepage?<\/strong><\/p>\n\n\n\n<p>Ein Fotomodel braucht vor allem gute Agenturen an seiner Seite, die sein Portfolio pr\u00e4sentieren. Doch in der letzten Zeit wird es immer wichtiger, auch ausserhalb der Agenturen erreichbar zu sein.  Die Pr\u00e4sentation durch soziale Medien schafft einen erweiterten Markt der allerdings systembedingt viele Fragen offen l\u00e4sst. Hier hilft die eigene Homepage.<\/p>\n\n\n\n<p>Das Model kann sich selbst so pr\u00e4sentieren, wie es dies f\u00fcr angemessen h\u00e4lt und kann proaktiv agieren. Interessenten k\u00f6nnen sich einen ersten \u00dcberblick verschaffen und den direkten Kontakt suchen. So entf\u00e4llt die Provision f\u00fcr die Agentur und die Gage ist entsprechend h\u00f6her. <\/p>\n\n\n\n<p><strong>Was sollte auf einer eigenen Homepage zu sehen sein?<\/strong><\/p>\n\n\n\n<p>Das Wichtigste ist sicherlich das aktuelle Portfolio. Auf einer eigenen SedCard-Seite sollte man neben den aktuellen Polaroids auch die Ma\u00dfe, besondere Auff\u00e4lligkeiten (Tatoos, Piercings, Narben, usw.) und wenn m\u00f6glich, ein Vorstellungsvideo pr\u00e4sentieren. Referenzen, Kontaktformular und eine aussagekr\u00e4ftige Biografie runden den Internet-Auftritt ab.<\/p>\n\n\n\n<p><strong>Die Vorteile:<\/strong><\/p>\n\n\n\n<ul class=\"wp-block-list\"><li>Eine komplette Seite individuell nach Deinen W\u00fcnschen<\/li><li>Zusammenarbeite mit namhaften Designern<\/li><li>Eine eigene Domain (www.DEINNAME.de) und entsprechende E-Mail-Adressen<\/li><li>Server steht in Deutschland<\/li><li>Mehr als 20 Jahren Erfahrung in der Programmierung und dem Design von Websites und Applikationen<\/li><li>Erstellt durch heliware.de<\/li><\/ul>\n","protected":false},"excerpt":{"rendered":"<p>Auf Wunsch erstellen wir Deine eigene Homepage auf unserem Server. Brauche ich als Model \u00fcberhaupt eine eigene Homepage? Ein Fotomodel<\/p>\n<p><a href=\"https:\/\/www.schwanundschwert.de\/?page_id=1669\" class=\"more-link\">Continue reading<span class=\"screen-reader-text\">Deine eigene Homepage<\/span><\/a><\/p>\n","protected":false},"author":5,"featured_media":0,"parent":0,"menu_order":0,"comment_status":"closed","ping_status":"closed","template":"","meta":{"ngg_post_thumbnail":0,"footnotes":""},"class_list":["post-1669","page","type-page","status-publish","hentry"],"yoast_head":"<!-- This site is optimized with the Yoast SEO plugin v24.8.1 - https:\/\/yoast.com\/wordpress\/plugins\/seo\/ -->\n<title>Deine eigene Homepage - Schwan &amp; Schwert<\/title>\n<meta name=\"robots\" content=\"index, follow, max-snippet:-1, max-image-preview:large, max-video-preview:-1\" \/>\n<link rel=\"canonical\" href=\"https:\/\/www.schwanundschwert.de\/?page_id=1669\" \/>\n<meta property=\"og:locale\" content=\"de_DE\" \/>\n<meta property=\"og:type\" content=\"article\" \/>\n<meta property=\"og:title\" content=\"Deine eigene Homepage - Schwan &amp; Schwert\" \/>\n<meta property=\"og:description\" content=\"Auf Wunsch erstellen wir Deine eigene Homepage auf unserem Server. Brauche ich als Model \u00fcberhaupt eine eigene Homepage? Ein FotomodelContinue readingDeine eigene Homepage\" \/>\n<meta property=\"og:url\" content=\"https:\/\/www.schwanundschwert.de\/?page_id=1669\" \/>\n<meta property=\"og:site_name\" content=\"Schwan &amp; Schwert\" \/>\n<meta property=\"article:modified_time\" content=\"2020-05-23T10:48:14+00:00\" \/>\n<meta name=\"twitter:card\" content=\"summary_large_image\" \/>\n<meta name=\"twitter:label1\" content=\"Gesch\u00e4tzte Lesezeit\" \/>\n\t<meta name=\"twitter:data1\" content=\"1\u00a0Minute\" \/>\n<script type=\"application\/ld+json\" class=\"yoast-schema-graph\">{\"@context\":\"https:\/\/schema.org\",\"@graph\":[{\"@type\":\"WebPage\",\"@id\":\"https:\/\/www.schwanundschwert.de\/?page_id=1669\",\"url\":\"https:\/\/www.schwanundschwert.de\/?page_id=1669\",\"name\":\"Deine eigene Homepage - Schwan &amp; Schwert\",\"isPartOf\":{\"@id\":\"https:\/\/www.schwanundschwert.de\/#website\"},\"datePublished\":\"2020-05-22T16:05:41+00:00\",\"dateModified\":\"2020-05-23T10:48:14+00:00\",\"breadcrumb\":{\"@id\":\"https:\/\/www.schwanundschwert.de\/?page_id=1669#breadcrumb\"},\"inLanguage\":\"de\",\"potentialAction\":[{\"@type\":\"ReadAction\",\"target\":[\"https:\/\/www.schwanundschwert.de\/?page_id=1669\"]}]},{\"@type\":\"BreadcrumbList\",\"@id\":\"https:\/\/www.schwanundschwert.de\/?page_id=1669#breadcrumb\",\"itemListElement\":[{\"@type\":\"ListItem\",\"position\":1,\"name\":\"Startseite\",\"item\":\"https:\/\/www.schwanundschwert.de\/\"},{\"@type\":\"ListItem\",\"position\":2,\"name\":\"Deine eigene Homepage\"}]},{\"@type\":\"WebSite\",\"@id\":\"https:\/\/www.schwanundschwert.de\/#website\",\"url\":\"https:\/\/www.schwanundschwert.de\/\",\"name\":\"Schwan &amp; Schwert\",\"description\":\"Pers\u00f6nlicher Blog\",\"potentialAction\":[{\"@type\":\"SearchAction\",\"target\":{\"@type\":\"EntryPoint\",\"urlTemplate\":\"https:\/\/www.schwanundschwert.de\/?s={search_term_string}\"},\"query-input\":{\"@type\":\"PropertyValueSpecification\",\"valueRequired\":true,\"valueName\":\"search_term_string\"}}],\"inLanguage\":\"de\"}]}<\/script>\n<!-- \/ Yoast SEO plugin. -->","yoast_head_json":{"title":"Deine eigene Homepage - Schwan &amp; Schwert","robots":{"index":"index","follow":"follow","max-snippet":"max-snippet:-1","max-image-preview":"max-image-preview:large","max-video-preview":"max-video-preview:-1"},"canonical":"https:\/\/www.schwanundschwert.de\/?page_id=1669","og_locale":"de_DE","og_type":"article","og_title":"Deine eigene Homepage - Schwan &amp; Schwert","og_description":"Auf Wunsch erstellen wir Deine eigene Homepage auf unserem Server. Brauche ich als Model \u00fcberhaupt eine eigene Homepage? Ein FotomodelContinue readingDeine eigene Homepage","og_url":"https:\/\/www.schwanundschwert.de\/?page_id=1669","og_site_name":"Schwan &amp; Schwert","article_modified_time":"2020-05-23T10:48:14+00:00","twitter_card":"summary_large_image","twitter_misc":{"Gesch\u00e4tzte Lesezeit":"1\u00a0Minute"},"schema":{"@context":"https:\/\/schema.org","@graph":[{"@type":"WebPage","@id":"https:\/\/www.schwanundschwert.de\/?page_id=1669","url":"https:\/\/www.schwanundschwert.de\/?page_id=1669","name":"Deine eigene Homepage - Schwan &amp; Schwert","isPartOf":{"@id":"https:\/\/www.schwanundschwert.de\/#website"},"datePublished":"2020-05-22T16:05:41+00:00","dateModified":"2020-05-23T10:48:14+00:00","breadcrumb":{"@id":"https:\/\/www.schwanundschwert.de\/?page_id=1669#breadcrumb"},"inLanguage":"de","potentialAction":[{"@type":"ReadAction","target":["https:\/\/www.schwanundschwert.de\/?page_id=1669"]}]},{"@type":"BreadcrumbList","@id":"https:\/\/www.schwanundschwert.de\/?page_id=1669#breadcrumb","itemListElement":[{"@type":"ListItem","position":1,"name":"Startseite","item":"https:\/\/www.schwanundschwert.de\/"},{"@type":"ListItem","position":2,"name":"Deine eigene Homepage"}]},{"@type":"WebSite","@id":"https:\/\/www.schwanundschwert.de\/#website","url":"https:\/\/www.schwanundschwert.de\/","name":"Schwan &amp; Schwert","description":"Pers\u00f6nlicher Blog","potentialAction":[{"@type":"SearchAction","target":{"@type":"EntryPoint","urlTemplate":"https:\/\/www.schwanundschwert.de\/?s={search_term_string}"},"query-input":{"@type":"PropertyValueSpecification","valueRequired":true,"valueName":"search_term_string"}}],"inLanguage":"de"}]}},"jetpack_sharing_enabled":true,"_links":{"self":[{"href":"https:\/\/www.schwanundschwert.de\/index.php?rest_route=\/wp\/v2\/pages\/1669","targetHints":{"allow":["GET"]}}],"collection":[{"href":"https:\/\/www.schwanundschwert.de\/index.php?rest_route=\/wp\/v2\/pages"}],"about":[{"href":"https:\/\/www.schwanundschwert.de\/index.php?rest_route=\/wp\/v2\/types\/page"}],"author":[{"embeddable":true,"href":"https:\/\/www.schwanundschwert.de\/index.php?rest_route=\/wp\/v2\/users\/5"}],"replies":[{"embeddable":true,"href":"https:\/\/www.schwanundschwert.de\/index.php?rest_route=%2Fwp%2Fv2%2Fcomments&post=1669"}],"version-history":[{"count":11,"href":"https:\/\/www.schwanundschwert.de\/index.php?rest_route=\/wp\/v2\/pages\/1669\/revisions"}],"predecessor-version":[{"id":1689,"href":"https:\/\/www.schwanundschwert.de\/index.php?rest_route=\/wp\/v2\/pages\/1669\/revisions\/1689"}],"wp:attachment":[{"href":"https:\/\/www.schwanundschwert.de\/index.php?rest_route=%2Fwp%2Fv2%2Fmedia&parent=1669"}],"curies":[{"name":"wp","href":"https:\/\/api.w.org\/{rel}","templated":true}]}}