{"id":1629,"date":"2020-05-15T14:19:06","date_gmt":"2020-05-15T14:19:06","guid":{"rendered":"https:\/\/www.schwanundschwert.de\/?page_id=1629"},"modified":"2020-05-15T14:20:22","modified_gmt":"2020-05-15T14:20:22","slug":"rechtliches","status":"publish","type":"page","link":"https:\/\/www.schwanundschwert.de\/?page_id=1629","title":{"rendered":"Rechtliches"},"content":{"rendered":"\n<p>Hier finden Sie folgende Inhalte:<\/p>\n\n\n\n<p><a href=\"https:\/\/www.schwanundschwert.de\/?page_id=8\">Impressum<\/a><br><a href=\"https:\/\/www.schwanundschwert.de\/?page_id=23\">Datenschutzerkl\u00e4rung<\/a><br><a href=\"https:\/\/www.schwanundschwert.de\/?page_id=299\">Copyright<\/a><br><a href=\"https:\/\/www.schwanundschwert.de\/?page_id=1622\">Erkl\u00e4rung zu Preisen und Leistungen<\/a><br><a href=\"https:\/\/www.schwanundschwert.de\/?page_id=244\">Erkl\u00e4rung zum Erwerb meiner Fotos<\/a><\/p>\n\n\n\n<p>\u00dcber die Untermen\u00fcs gelangen Sie auch direkt auf die gew\u00fcnschten Seiten.<\/p>\n","protected":false},"excerpt":{"rendered":"<p>Hier finden Sie folgende Inhalte: ImpressumDatenschutzerkl\u00e4rungCopyrightErkl\u00e4rung zu Preisen und LeistungenErkl\u00e4rung zum Erwerb meiner Fotos \u00dcber die Untermen\u00fcs gelangen Sie auch<\/p>\n<p><a href=\"https:\/\/www.schwanundschwert.de\/?page_id=1629\" class=\"more-link\">Continue reading<span class=\"screen-reader-text\">Rechtliches<\/span><\/a><\/p>\n","protected":false},"author":5,"featured_media":0,"parent":0,"menu_order":0,"comment_status":"closed","ping_status":"closed","template":"","meta":{"ngg_post_thumbnail":0,"footnotes":""},"class_list":["post-1629","page","type-page","status-publish","hentry"],"yoast_head":"<!-- This site is optimized with the Yoast SEO plugin v24.8.1 - https:\/\/yoast.com\/wordpress\/plugins\/seo\/ -->\n<title>Rechtliches - Schwan &amp; Schwert<\/title>\n<meta name=\"robots\" content=\"index, follow, max-snippet:-1, max-image-preview:large, max-video-preview:-1\" \/>\n<link rel=\"canonical\" href=\"https:\/\/www.schwanundschwert.de\/?page_id=1629\" \/>\n<meta property=\"og:locale\" content=\"de_DE\" \/>\n<meta property=\"og:type\" content=\"article\" \/>\n<meta property=\"og:title\" content=\"Rechtliches - Schwan &amp; Schwert\" \/>\n<meta property=\"og:description\" content=\"Hier finden Sie folgende Inhalte: ImpressumDatenschutzerkl\u00e4rungCopyrightErkl\u00e4rung zu Preisen und LeistungenErkl\u00e4rung zum Erwerb meiner Fotos \u00dcber die Untermen\u00fcs gelangen Sie auchContinue readingRechtliches\" \/>\n<meta property=\"og:url\" content=\"https:\/\/www.schwanundschwert.de\/?page_id=1629\" \/>\n<meta property=\"og:site_name\" content=\"Schwan &amp; Schwert\" \/>\n<meta property=\"article:modified_time\" content=\"2020-05-15T14:20:22+00:00\" \/>\n<meta name=\"twitter:card\" content=\"summary_large_image\" \/>\n<script type=\"application\/ld+json\" class=\"yoast-schema-graph\">{\"@context\":\"https:\/\/schema.org\",\"@graph\":[{\"@type\":\"WebPage\",\"@id\":\"https:\/\/www.schwanundschwert.de\/?page_id=1629\",\"url\":\"https:\/\/www.schwanundschwert.de\/?page_id=1629\",\"name\":\"Rechtliches - Schwan &amp; Schwert\",\"isPartOf\":{\"@id\":\"https:\/\/www.schwanundschwert.de\/#website\"},\"datePublished\":\"2020-05-15T14:19:06+00:00\",\"dateModified\":\"2020-05-15T14:20:22+00:00\",\"breadcrumb\":{\"@id\":\"https:\/\/www.schwanundschwert.de\/?page_id=1629#breadcrumb\"},\"inLanguage\":\"de\",\"potentialAction\":[{\"@type\":\"ReadAction\",\"target\":[\"https:\/\/www.schwanundschwert.de\/?page_id=1629\"]}]},{\"@type\":\"BreadcrumbList\",\"@id\":\"https:\/\/www.schwanundschwert.de\/?page_id=1629#breadcrumb\",\"itemListElement\":[{\"@type\":\"ListItem\",\"position\":1,\"name\":\"Startseite\",\"item\":\"https:\/\/www.schwanundschwert.de\/\"},{\"@type\":\"ListItem\",\"position\":2,\"name\":\"Rechtliches\"}]},{\"@type\":\"WebSite\",\"@id\":\"https:\/\/www.schwanundschwert.de\/#website\",\"url\":\"https:\/\/www.schwanundschwert.de\/\",\"name\":\"Schwan &amp; Schwert\",\"description\":\"Pers\u00f6nlicher Blog\",\"potentialAction\":[{\"@type\":\"SearchAction\",\"target\":{\"@type\":\"EntryPoint\",\"urlTemplate\":\"https:\/\/www.schwanundschwert.de\/?s={search_term_string}\"},\"query-input\":{\"@type\":\"PropertyValueSpecification\",\"valueRequired\":true,\"valueName\":\"search_term_string\"}}],\"inLanguage\":\"de\"}]}<\/script>\n<!-- \/ Yoast SEO plugin. -->","yoast_head_json":{"title":"Rechtliches - Schwan &amp; Schwert","robots":{"index":"index","follow":"follow","max-snippet":"max-snippet:-1","max-image-preview":"max-image-preview:large","max-video-preview":"max-video-preview:-1"},"canonical":"https:\/\/www.schwanundschwert.de\/?page_id=1629","og_locale":"de_DE","og_type":"article","og_title":"Rechtliches - Schwan &amp; Schwert","og_description":"Hier finden Sie folgende Inhalte: ImpressumDatenschutzerkl\u00e4rungCopyrightErkl\u00e4rung zu Preisen und LeistungenErkl\u00e4rung zum Erwerb meiner Fotos \u00dcber die Untermen\u00fcs gelangen Sie auchContinue readingRechtliches","og_url":"https:\/\/www.schwanundschwert.de\/?page_id=1629","og_site_name":"Schwan &amp; Schwert","article_modified_time":"2020-05-15T14:20:22+00:00","twitter_card":"summary_large_image","schema":{"@context":"https:\/\/schema.org","@graph":[{"@type":"WebPage","@id":"https:\/\/www.schwanundschwert.de\/?page_id=1629","url":"https:\/\/www.schwanundschwert.de\/?page_id=1629","name":"Rechtliches - Schwan &amp; Schwert","isPartOf":{"@id":"https:\/\/www.schwanundschwert.de\/#website"},"datePublished":"2020-05-15T14:19:06+00:00","dateModified":"2020-05-15T14:20:22+00:00","breadcrumb":{"@id":"https:\/\/www.schwanundschwert.de\/?page_id=1629#breadcrumb"},"inLanguage":"de","potentialAction":[{"@type":"ReadAction","target":["https:\/\/www.schwanundschwert.de\/?page_id=1629"]}]},{"@type":"BreadcrumbList","@id":"https:\/\/www.schwanundschwert.de\/?page_id=1629#breadcrumb","itemListElement":[{"@type":"ListItem","position":1,"name":"Startseite","item":"https:\/\/www.schwanundschwert.de\/"},{"@type":"ListItem","position":2,"name":"Rechtliches"}]},{"@type":"WebSite","@id":"https:\/\/www.schwanundschwert.de\/#website","url":"https:\/\/www.schwanundschwert.de\/","name":"Schwan &amp; Schwert","description":"Pers\u00f6nlicher Blog","potentialAction":[{"@type":"SearchAction","target":{"@type":"EntryPoint","urlTemplate":"https:\/\/www.schwanundschwert.de\/?s={search_term_string}"},"query-input":{"@type":"PropertyValueSpecification","valueRequired":true,"valueName":"search_term_string"}}],"inLanguage":"de"}]}},"jetpack_sharing_enabled":true,"_links":{"self":[{"href":"https:\/\/www.schwanundschwert.de\/index.php?rest_route=\/wp\/v2\/pages\/1629","targetHints":{"allow":["GET"]}}],"collection":[{"href":"https:\/\/www.schwanundschwert.de\/index.php?rest_route=\/wp\/v2\/pages"}],"about":[{"href":"https:\/\/www.schwanundschwert.de\/index.php?rest_route=\/wp\/v2\/types\/page"}],"author":[{"embeddable":true,"href":"https:\/\/www.schwanundschwert.de\/index.php?rest_route=\/wp\/v2\/users\/5"}],"replies":[{"embeddable":true,"href":"https:\/\/www.schwanundschwert.de\/index.php?rest_route=%2Fwp%2Fv2%2Fcomments&post=1629"}],"version-history":[{"count":3,"href":"https:\/\/www.schwanundschwert.de\/index.php?rest_route=\/wp\/v2\/pages\/1629\/revisions"}],"predecessor-version":[{"id":1632,"href":"https:\/\/www.schwanundschwert.de\/index.php?rest_route=\/wp\/v2\/pages\/1629\/revisions\/1632"}],"wp:attachment":[{"href":"https:\/\/www.schwanundschwert.de\/index.php?rest_route=%2Fwp%2Fv2%2Fmedia&parent=1629"}],"curies":[{"name":"wp","href":"https:\/\/api.w.org\/{rel}","templated":true}]}}