{"id":1622,"date":"2020-05-15T14:05:39","date_gmt":"2020-05-15T14:05:39","guid":{"rendered":"https:\/\/www.schwanundschwert.de\/?page_id=1622"},"modified":"2020-05-15T15:48:42","modified_gmt":"2020-05-15T15:48:42","slug":"preise-leistungen","status":"publish","type":"page","link":"https:\/\/www.schwanundschwert.de\/?page_id=1622","title":{"rendered":"Preise &#038; Leistungen"},"content":{"rendered":"\n<p>Bitte habe Verst\u00e4ndnis daf\u00fcr, dass ich hier <strong>KEINE ANGEBOTE<\/strong> und <strong>KEINE PREISE<\/strong> nennen kann. Meine Fotos werden sehr individuell gemacht und so k\u00f6nnen die Vorab-Kosten und die Zeit, die die Produktion im Endeffekt dauert, sehr unterschiedlich sein.<\/p>\n\n\n\n<p>Es ist auf jeden Fall sinnvoll, vorab kurz per E-Mail zu fragen. Ich melde mich dann sobald wie m\u00f6glich und wir k\u00f6nnen gemeinsam ein entsprechendes Szenario entwerfen. Dabei werden auch die realistischen Kosten und Aufw\u00e4nde klar.<\/p>\n\n\n\n<p>Hier noch ein \u00dcberblick \u00fcber die m\u00f6glichen Leistungen:<\/p>\n\n\n\n<p>Helikopterfotografie<\/p>\n\n\n\n<p>Individuelles Fotoshooting (Outdoor) bis zu 3 Stunden<br>Beauty-Shooting mit Styling<br>Portr\u00e4taufnahmen<br>P\u00e4rchenshooting<br>Baby- und Kinderfotos<br>Familienfotos<br>Neugeborenen-Shooting<\/p>\n\n\n\n<p>Auf Wunsch kann eine erfahrene Visagistin hinzugezogen werden.<\/p>\n","protected":false},"excerpt":{"rendered":"<p>Bitte habe Verst\u00e4ndnis daf\u00fcr, dass ich hier KEINE ANGEBOTE und KEINE PREISE nennen kann. Meine Fotos werden sehr individuell gemacht<\/p>\n<p><a href=\"https:\/\/www.schwanundschwert.de\/?page_id=1622\" class=\"more-link\">Continue reading<span class=\"screen-reader-text\">Preise &#038; Leistungen<\/span><\/a><\/p>\n","protected":false},"author":5,"featured_media":0,"parent":0,"menu_order":0,"comment_status":"closed","ping_status":"closed","template":"","meta":{"ngg_post_thumbnail":0,"footnotes":""},"class_list":["post-1622","page","type-page","status-publish","hentry"],"yoast_head":"<!-- This site is optimized with the Yoast SEO plugin v24.8.1 - https:\/\/yoast.com\/wordpress\/plugins\/seo\/ -->\n<title>Preise &amp; Leistungen - Schwan &amp; Schwert<\/title>\n<meta name=\"robots\" content=\"index, follow, max-snippet:-1, max-image-preview:large, max-video-preview:-1\" \/>\n<link rel=\"canonical\" href=\"https:\/\/www.schwanundschwert.de\/?page_id=1622\" \/>\n<meta property=\"og:locale\" content=\"de_DE\" \/>\n<meta property=\"og:type\" content=\"article\" \/>\n<meta property=\"og:title\" content=\"Preise &amp; Leistungen - Schwan &amp; Schwert\" \/>\n<meta property=\"og:description\" content=\"Bitte habe Verst\u00e4ndnis daf\u00fcr, dass ich hier KEINE ANGEBOTE und KEINE PREISE nennen kann. Meine Fotos werden sehr individuell gemachtContinue readingPreise &#038; Leistungen\" \/>\n<meta property=\"og:url\" content=\"https:\/\/www.schwanundschwert.de\/?page_id=1622\" \/>\n<meta property=\"og:site_name\" content=\"Schwan &amp; Schwert\" \/>\n<meta property=\"article:modified_time\" content=\"2020-05-15T15:48:42+00:00\" \/>\n<meta name=\"twitter:card\" content=\"summary_large_image\" \/>\n<meta name=\"twitter:label1\" content=\"Gesch\u00e4tzte Lesezeit\" \/>\n\t<meta name=\"twitter:data1\" content=\"1\u00a0Minute\" \/>\n<script type=\"application\/ld+json\" class=\"yoast-schema-graph\">{\"@context\":\"https:\/\/schema.org\",\"@graph\":[{\"@type\":\"WebPage\",\"@id\":\"https:\/\/www.schwanundschwert.de\/?page_id=1622\",\"url\":\"https:\/\/www.schwanundschwert.de\/?page_id=1622\",\"name\":\"Preise & Leistungen - Schwan &amp; Schwert\",\"isPartOf\":{\"@id\":\"https:\/\/www.schwanundschwert.de\/#website\"},\"datePublished\":\"2020-05-15T14:05:39+00:00\",\"dateModified\":\"2020-05-15T15:48:42+00:00\",\"breadcrumb\":{\"@id\":\"https:\/\/www.schwanundschwert.de\/?page_id=1622#breadcrumb\"},\"inLanguage\":\"de\",\"potentialAction\":[{\"@type\":\"ReadAction\",\"target\":[\"https:\/\/www.schwanundschwert.de\/?page_id=1622\"]}]},{\"@type\":\"BreadcrumbList\",\"@id\":\"https:\/\/www.schwanundschwert.de\/?page_id=1622#breadcrumb\",\"itemListElement\":[{\"@type\":\"ListItem\",\"position\":1,\"name\":\"Startseite\",\"item\":\"https:\/\/www.schwanundschwert.de\/\"},{\"@type\":\"ListItem\",\"position\":2,\"name\":\"Preise &#038; Leistungen\"}]},{\"@type\":\"WebSite\",\"@id\":\"https:\/\/www.schwanundschwert.de\/#website\",\"url\":\"https:\/\/www.schwanundschwert.de\/\",\"name\":\"Schwan &amp; Schwert\",\"description\":\"Pers\u00f6nlicher Blog\",\"potentialAction\":[{\"@type\":\"SearchAction\",\"target\":{\"@type\":\"EntryPoint\",\"urlTemplate\":\"https:\/\/www.schwanundschwert.de\/?s={search_term_string}\"},\"query-input\":{\"@type\":\"PropertyValueSpecification\",\"valueRequired\":true,\"valueName\":\"search_term_string\"}}],\"inLanguage\":\"de\"}]}<\/script>\n<!-- \/ Yoast SEO plugin. -->","yoast_head_json":{"title":"Preise & Leistungen - Schwan &amp; Schwert","robots":{"index":"index","follow":"follow","max-snippet":"max-snippet:-1","max-image-preview":"max-image-preview:large","max-video-preview":"max-video-preview:-1"},"canonical":"https:\/\/www.schwanundschwert.de\/?page_id=1622","og_locale":"de_DE","og_type":"article","og_title":"Preise & Leistungen - Schwan &amp; Schwert","og_description":"Bitte habe Verst\u00e4ndnis daf\u00fcr, dass ich hier KEINE ANGEBOTE und KEINE PREISE nennen kann. Meine Fotos werden sehr individuell gemachtContinue readingPreise &#038; Leistungen","og_url":"https:\/\/www.schwanundschwert.de\/?page_id=1622","og_site_name":"Schwan &amp; Schwert","article_modified_time":"2020-05-15T15:48:42+00:00","twitter_card":"summary_large_image","twitter_misc":{"Gesch\u00e4tzte Lesezeit":"1\u00a0Minute"},"schema":{"@context":"https:\/\/schema.org","@graph":[{"@type":"WebPage","@id":"https:\/\/www.schwanundschwert.de\/?page_id=1622","url":"https:\/\/www.schwanundschwert.de\/?page_id=1622","name":"Preise & Leistungen - Schwan &amp; Schwert","isPartOf":{"@id":"https:\/\/www.schwanundschwert.de\/#website"},"datePublished":"2020-05-15T14:05:39+00:00","dateModified":"2020-05-15T15:48:42+00:00","breadcrumb":{"@id":"https:\/\/www.schwanundschwert.de\/?page_id=1622#breadcrumb"},"inLanguage":"de","potentialAction":[{"@type":"ReadAction","target":["https:\/\/www.schwanundschwert.de\/?page_id=1622"]}]},{"@type":"BreadcrumbList","@id":"https:\/\/www.schwanundschwert.de\/?page_id=1622#breadcrumb","itemListElement":[{"@type":"ListItem","position":1,"name":"Startseite","item":"https:\/\/www.schwanundschwert.de\/"},{"@type":"ListItem","position":2,"name":"Preise &#038; Leistungen"}]},{"@type":"WebSite","@id":"https:\/\/www.schwanundschwert.de\/#website","url":"https:\/\/www.schwanundschwert.de\/","name":"Schwan &amp; Schwert","description":"Pers\u00f6nlicher Blog","potentialAction":[{"@type":"SearchAction","target":{"@type":"EntryPoint","urlTemplate":"https:\/\/www.schwanundschwert.de\/?s={search_term_string}"},"query-input":{"@type":"PropertyValueSpecification","valueRequired":true,"valueName":"search_term_string"}}],"inLanguage":"de"}]}},"jetpack_sharing_enabled":true,"_links":{"self":[{"href":"https:\/\/www.schwanundschwert.de\/index.php?rest_route=\/wp\/v2\/pages\/1622","targetHints":{"allow":["GET"]}}],"collection":[{"href":"https:\/\/www.schwanundschwert.de\/index.php?rest_route=\/wp\/v2\/pages"}],"about":[{"href":"https:\/\/www.schwanundschwert.de\/index.php?rest_route=\/wp\/v2\/types\/page"}],"author":[{"embeddable":true,"href":"https:\/\/www.schwanundschwert.de\/index.php?rest_route=\/wp\/v2\/users\/5"}],"replies":[{"embeddable":true,"href":"https:\/\/www.schwanundschwert.de\/index.php?rest_route=%2Fwp%2Fv2%2Fcomments&post=1622"}],"version-history":[{"count":2,"href":"https:\/\/www.schwanundschwert.de\/index.php?rest_route=\/wp\/v2\/pages\/1622\/revisions"}],"predecessor-version":[{"id":1652,"href":"https:\/\/www.schwanundschwert.de\/index.php?rest_route=\/wp\/v2\/pages\/1622\/revisions\/1652"}],"wp:attachment":[{"href":"https:\/\/www.schwanundschwert.de\/index.php?rest_route=%2Fwp%2Fv2%2Fmedia&parent=1622"}],"curies":[{"name":"wp","href":"https:\/\/api.w.org\/{rel}","templated":true}]}}