{"id":1035,"date":"2019-08-14T09:40:09","date_gmt":"2019-08-14T09:40:09","guid":{"rendered":"https:\/\/www.schwanundschwert.de\/?page_id=1035"},"modified":"2019-08-23T14:02:47","modified_gmt":"2019-08-23T14:02:47","slug":"schwan-schwert","status":"publish","type":"page","link":"https:\/\/www.schwanundschwert.de\/?page_id=1035","title":{"rendered":"Warum Schwan &#038; Schwert?"},"content":{"rendered":"\n<figure class=\"wp-block-image\"><img loading=\"lazy\" decoding=\"async\" width=\"1024\" height=\"683\" src=\"https:\/\/www.schwanundschwert.de\/wp-content\/uploads\/2019\/08\/IMG_6980-1024x683.jpg\" alt=\"\" class=\"wp-image-1047\" srcset=\"https:\/\/www.schwanundschwert.de\/wp-content\/uploads\/2019\/08\/IMG_6980.jpg 1024w, https:\/\/www.schwanundschwert.de\/wp-content\/uploads\/2019\/08\/IMG_6980-300x200.jpg 300w, https:\/\/www.schwanundschwert.de\/wp-content\/uploads\/2019\/08\/IMG_6980-768x512.jpg 768w\" sizes=\"auto, (max-width: 1024px) 100vw, 1024px\" \/><\/figure>\n\n\n\n<p>Da diese Frage immer wieder an mich herangetragen wird, hier die Erkl\u00e4rung. Bei Nachforschungen zu unserer Familiengeschichte entwickelten sich sehr informative und spannende Zeitstr\u00e4nge, die sich mit wichtigen historischen Ereignissen in Nordeuropa \u00fcberschnitten. Aus diesem geschichtlichen Wissen entwickelte sich bei mir im Laufe der Zeit der Wunsch, unsere Familiengeschichte in Form eines (fiktiven) Romans niederzuschreiben. Geschrieben habe ich das Buch ausschliesslich f\u00fcr meine Kinder und habe daher nie versucht, ihn zu ver\u00f6ffentlichen. Die Romanfigur &#8211; der Held der Geschichte &#8211; ist nat\u00fcrlich frei erfunden aber die Verwicklungen meiner Vorfahren in die geschilderten Ereignisse erscheinen zwingend. Wie bei vielen Romanen steht nat\u00fcrlich auch hier eine Liebesgeschichte im Mittelpunkt und wie so oft, eine traurige deren Ende durch einen Schwanenflug zur Gewissheit wird. <\/p>\n\n\n\n<p>Dazu kommen die in der Heraldik hinterlegten Bedeutungen der beiden Symbole, die sich hervorragend mit meinen Fotos decken: Der Schwan symbolisiert Vollkommenheit, Sch\u00f6nheit und Anmut. Er stellt aber auch Liebe, Gnade, Aufrichtigkeit und Perfektion dar. Wohingegen das Schwert als Symbol f\u00fcr Freiheit und St\u00e4rke gebraucht wurde. Beide Symbole passen sowohl zum Roman wie auch zur Fotografie. Auch als Fotograf strebe ich danach, mit immer weiter zu verbessern (Perfektion), danach, die Sch\u00f6nheit des Objekts in den Bildern festzuhalten und die Anmut der Modelle auf das Foto zu bannen. Ausserdem versuche ich mich nicht von anderen und ihren Stilen zu stark beeinflussen zu lassen. So stehen diese beiden heraldischen Symbole ebenfalls f\u00fcr meine fotografischen Arbeiten.<\/p>\n\n\n\n<hr class=\"wp-block-separator is-style-dots\"\/>\n\n\n\n<p>Since this question is always put to me, here is the explanation. In the course of research on our family history, very informative and exciting time lines developed, which overlapped with important historical events in Northern Europe. From this historical knowledge I developed in the course of time the desire to write down our family history in the form of a (fictitious) novel. I wrote the book exclusively for my children and therefore never tried to publish it. The character of the novel &#8211; the hero of the story &#8211; is of course fictitious, but the entanglements of my ancestors in the events described appear compelling. As with many novels, a love story is of course the focus here and as so often, a sad one, the end of which becomes a certainty through a swan flight.<\/p>\n\n\n\n<p>In addition, there are the heraldic meanings of the two symbols, which are perfectly in line with my photos: The swan symbolizes perfection, beauty and grace. But it also represents love, grace, sincerity and perfection. Whereas the sword was used as a symbol of freedom and strength. Both symbols fit both the novel and the photograph. Also as a photographer I strive to improve (perfection), to capture the beauty of the object in the pictures and to capture the grace of the models on the photo. I also try not to let myself be influenced too much by others and their styles. So these two heraldic symbols also stand for my photographic work.<\/p>\n","protected":false},"excerpt":{"rendered":"<p>Da diese Frage immer wieder an mich herangetragen wird, hier die Erkl\u00e4rung. Bei Nachforschungen zu unserer Familiengeschichte entwickelten sich sehr<\/p>\n<p><a href=\"https:\/\/www.schwanundschwert.de\/?page_id=1035\" class=\"more-link\">Continue reading<span class=\"screen-reader-text\">Warum Schwan &#038; Schwert?<\/span><\/a><\/p>\n","protected":false},"author":5,"featured_media":0,"parent":0,"menu_order":0,"comment_status":"closed","ping_status":"closed","template":"","meta":{"ngg_post_thumbnail":0,"footnotes":""},"class_list":["post-1035","page","type-page","status-publish","hentry"],"yoast_head":"<!-- This site is optimized with the Yoast SEO plugin v24.8.1 - https:\/\/yoast.com\/wordpress\/plugins\/seo\/ -->\n<title>Warum Schwan &amp; Schwert? - Schwan &amp; Schwert<\/title>\n<meta name=\"robots\" content=\"index, follow, max-snippet:-1, max-image-preview:large, max-video-preview:-1\" \/>\n<link rel=\"canonical\" href=\"https:\/\/www.schwanundschwert.de\/?page_id=1035\" \/>\n<meta property=\"og:locale\" content=\"de_DE\" \/>\n<meta property=\"og:type\" content=\"article\" \/>\n<meta property=\"og:title\" content=\"Warum Schwan &amp; Schwert? - Schwan &amp; Schwert\" \/>\n<meta property=\"og:description\" content=\"Da diese Frage immer wieder an mich herangetragen wird, hier die Erkl\u00e4rung. Bei Nachforschungen zu unserer Familiengeschichte entwickelten sich sehrContinue readingWarum Schwan &#038; Schwert?\" \/>\n<meta property=\"og:url\" content=\"https:\/\/www.schwanundschwert.de\/?page_id=1035\" \/>\n<meta property=\"og:site_name\" content=\"Schwan &amp; Schwert\" \/>\n<meta property=\"article:modified_time\" content=\"2019-08-23T14:02:47+00:00\" \/>\n<meta property=\"og:image\" content=\"https:\/\/www.schwanundschwert.de\/wp-content\/uploads\/2019\/08\/IMG_6980-1024x683.jpg\" \/>\n<meta name=\"twitter:card\" content=\"summary_large_image\" \/>\n<meta name=\"twitter:label1\" content=\"Gesch\u00e4tzte Lesezeit\" \/>\n\t<meta name=\"twitter:data1\" content=\"2\u00a0Minuten\" \/>\n<script type=\"application\/ld+json\" class=\"yoast-schema-graph\">{\"@context\":\"https:\/\/schema.org\",\"@graph\":[{\"@type\":\"WebPage\",\"@id\":\"https:\/\/www.schwanundschwert.de\/?page_id=1035\",\"url\":\"https:\/\/www.schwanundschwert.de\/?page_id=1035\",\"name\":\"Warum Schwan & Schwert? - Schwan &amp; Schwert\",\"isPartOf\":{\"@id\":\"https:\/\/www.schwanundschwert.de\/#website\"},\"primaryImageOfPage\":{\"@id\":\"https:\/\/www.schwanundschwert.de\/?page_id=1035#primaryimage\"},\"image\":{\"@id\":\"https:\/\/www.schwanundschwert.de\/?page_id=1035#primaryimage\"},\"thumbnailUrl\":\"https:\/\/www.schwanundschwert.de\/wp-content\/uploads\/2019\/08\/IMG_6980-1024x683.jpg\",\"datePublished\":\"2019-08-14T09:40:09+00:00\",\"dateModified\":\"2019-08-23T14:02:47+00:00\",\"breadcrumb\":{\"@id\":\"https:\/\/www.schwanundschwert.de\/?page_id=1035#breadcrumb\"},\"inLanguage\":\"de\",\"potentialAction\":[{\"@type\":\"ReadAction\",\"target\":[\"https:\/\/www.schwanundschwert.de\/?page_id=1035\"]}]},{\"@type\":\"ImageObject\",\"inLanguage\":\"de\",\"@id\":\"https:\/\/www.schwanundschwert.de\/?page_id=1035#primaryimage\",\"url\":\"https:\/\/www.schwanundschwert.de\/wp-content\/uploads\/2019\/08\/IMG_6980.jpg\",\"contentUrl\":\"https:\/\/www.schwanundschwert.de\/wp-content\/uploads\/2019\/08\/IMG_6980.jpg\",\"width\":1024,\"height\":683},{\"@type\":\"BreadcrumbList\",\"@id\":\"https:\/\/www.schwanundschwert.de\/?page_id=1035#breadcrumb\",\"itemListElement\":[{\"@type\":\"ListItem\",\"position\":1,\"name\":\"Startseite\",\"item\":\"https:\/\/www.schwanundschwert.de\/\"},{\"@type\":\"ListItem\",\"position\":2,\"name\":\"Warum Schwan &#038; Schwert?\"}]},{\"@type\":\"WebSite\",\"@id\":\"https:\/\/www.schwanundschwert.de\/#website\",\"url\":\"https:\/\/www.schwanundschwert.de\/\",\"name\":\"Schwan &amp; Schwert\",\"description\":\"Pers\u00f6nlicher Blog\",\"potentialAction\":[{\"@type\":\"SearchAction\",\"target\":{\"@type\":\"EntryPoint\",\"urlTemplate\":\"https:\/\/www.schwanundschwert.de\/?s={search_term_string}\"},\"query-input\":{\"@type\":\"PropertyValueSpecification\",\"valueRequired\":true,\"valueName\":\"search_term_string\"}}],\"inLanguage\":\"de\"}]}<\/script>\n<!-- \/ Yoast SEO plugin. -->","yoast_head_json":{"title":"Warum Schwan & Schwert? - Schwan &amp; Schwert","robots":{"index":"index","follow":"follow","max-snippet":"max-snippet:-1","max-image-preview":"max-image-preview:large","max-video-preview":"max-video-preview:-1"},"canonical":"https:\/\/www.schwanundschwert.de\/?page_id=1035","og_locale":"de_DE","og_type":"article","og_title":"Warum Schwan & Schwert? - Schwan &amp; Schwert","og_description":"Da diese Frage immer wieder an mich herangetragen wird, hier die Erkl\u00e4rung. Bei Nachforschungen zu unserer Familiengeschichte entwickelten sich sehrContinue readingWarum Schwan &#038; Schwert?","og_url":"https:\/\/www.schwanundschwert.de\/?page_id=1035","og_site_name":"Schwan &amp; Schwert","article_modified_time":"2019-08-23T14:02:47+00:00","og_image":[{"url":"https:\/\/www.schwanundschwert.de\/wp-content\/uploads\/2019\/08\/IMG_6980-1024x683.jpg","type":"","width":"","height":""}],"twitter_card":"summary_large_image","twitter_misc":{"Gesch\u00e4tzte Lesezeit":"2\u00a0Minuten"},"schema":{"@context":"https:\/\/schema.org","@graph":[{"@type":"WebPage","@id":"https:\/\/www.schwanundschwert.de\/?page_id=1035","url":"https:\/\/www.schwanundschwert.de\/?page_id=1035","name":"Warum Schwan & Schwert? - Schwan &amp; Schwert","isPartOf":{"@id":"https:\/\/www.schwanundschwert.de\/#website"},"primaryImageOfPage":{"@id":"https:\/\/www.schwanundschwert.de\/?page_id=1035#primaryimage"},"image":{"@id":"https:\/\/www.schwanundschwert.de\/?page_id=1035#primaryimage"},"thumbnailUrl":"https:\/\/www.schwanundschwert.de\/wp-content\/uploads\/2019\/08\/IMG_6980-1024x683.jpg","datePublished":"2019-08-14T09:40:09+00:00","dateModified":"2019-08-23T14:02:47+00:00","breadcrumb":{"@id":"https:\/\/www.schwanundschwert.de\/?page_id=1035#breadcrumb"},"inLanguage":"de","potentialAction":[{"@type":"ReadAction","target":["https:\/\/www.schwanundschwert.de\/?page_id=1035"]}]},{"@type":"ImageObject","inLanguage":"de","@id":"https:\/\/www.schwanundschwert.de\/?page_id=1035#primaryimage","url":"https:\/\/www.schwanundschwert.de\/wp-content\/uploads\/2019\/08\/IMG_6980.jpg","contentUrl":"https:\/\/www.schwanundschwert.de\/wp-content\/uploads\/2019\/08\/IMG_6980.jpg","width":1024,"height":683},{"@type":"BreadcrumbList","@id":"https:\/\/www.schwanundschwert.de\/?page_id=1035#breadcrumb","itemListElement":[{"@type":"ListItem","position":1,"name":"Startseite","item":"https:\/\/www.schwanundschwert.de\/"},{"@type":"ListItem","position":2,"name":"Warum Schwan &#038; Schwert?"}]},{"@type":"WebSite","@id":"https:\/\/www.schwanundschwert.de\/#website","url":"https:\/\/www.schwanundschwert.de\/","name":"Schwan &amp; Schwert","description":"Pers\u00f6nlicher Blog","potentialAction":[{"@type":"SearchAction","target":{"@type":"EntryPoint","urlTemplate":"https:\/\/www.schwanundschwert.de\/?s={search_term_string}"},"query-input":{"@type":"PropertyValueSpecification","valueRequired":true,"valueName":"search_term_string"}}],"inLanguage":"de"}]}},"jetpack_sharing_enabled":true,"_links":{"self":[{"href":"https:\/\/www.schwanundschwert.de\/index.php?rest_route=\/wp\/v2\/pages\/1035","targetHints":{"allow":["GET"]}}],"collection":[{"href":"https:\/\/www.schwanundschwert.de\/index.php?rest_route=\/wp\/v2\/pages"}],"about":[{"href":"https:\/\/www.schwanundschwert.de\/index.php?rest_route=\/wp\/v2\/types\/page"}],"author":[{"embeddable":true,"href":"https:\/\/www.schwanundschwert.de\/index.php?rest_route=\/wp\/v2\/users\/5"}],"replies":[{"embeddable":true,"href":"https:\/\/www.schwanundschwert.de\/index.php?rest_route=%2Fwp%2Fv2%2Fcomments&post=1035"}],"version-history":[{"count":6,"href":"https:\/\/www.schwanundschwert.de\/index.php?rest_route=\/wp\/v2\/pages\/1035\/revisions"}],"predecessor-version":[{"id":1052,"href":"https:\/\/www.schwanundschwert.de\/index.php?rest_route=\/wp\/v2\/pages\/1035\/revisions\/1052"}],"wp:attachment":[{"href":"https:\/\/www.schwanundschwert.de\/index.php?rest_route=%2Fwp%2Fv2%2Fmedia&parent=1035"}],"curies":[{"name":"wp","href":"https:\/\/api.w.org\/{rel}","templated":true}]}}